{"id":100,"date":"2021-01-05T12:53:31","date_gmt":"2021-01-05T11:53:31","guid":{"rendered":"http:\/\/wp.adler-tgm.de\/?page_id=100"},"modified":"2025-02-14T11:20:26","modified_gmt":"2025-02-14T10:20:26","slug":"junior-suiten","status":"publish","type":"page","link":"https:\/\/www.adler-tgm.de\/en\/hotel-schwarzer-adler\/junior-suiten\/","title":{"rendered":"Junior Suiten"},"content":{"rendered":"<div data-elementor-type=\"wp-page\" data-elementor-id=\"100\" class=\"elementor elementor-100\" data-elementor-post-type=\"page\">\n\t\t\t\t\t\t<section class=\"elementor-section elementor-top-section elementor-element elementor-element-7c0d776e elementor-section-boxed elementor-section-height-default elementor-section-height-default\" data-id=\"7c0d776e\" data-element_type=\"section\" data-e-type=\"section\">\n\t\t\t\t\t\t<div class=\"elementor-container elementor-column-gap-default\">\n\t\t\t\t\t<div class=\"elementor-column elementor-col-100 elementor-top-column elementor-element elementor-element-269e690a\" data-id=\"269e690a\" data-element_type=\"column\" data-e-type=\"column\">\n\t\t\t<div class=\"elementor-widget-wrap elementor-element-populated\">\n\t\t\t\t\t\t<div class=\"elementor-element elementor-element-679a5ce7 elementor-widget elementor-widget-text-editor\" data-id=\"679a5ce7\" data-element_type=\"widget\" data-e-type=\"widget\" data-widget_type=\"text-editor.default\">\n\t\t\t\t<div class=\"elementor-widget-container\">\n\t\t\t\t\t\t\t\t\tUnsere sehr exklusiv und elegant ausgestatteten Junior Suiten verf\u00fcgen \u00fcber einen gro\u00dfz\u00fcgigen Schlaf- und Wohnraum. Vielfach bieten sie einen herrlichen Ausblick auf den wundersch\u00f6nen Hotelgarten. Vervollst\u00e4ndigt wird das komfortable Interieur durch die modern ausgestatteten Badezimmer mit Dusche und\/oder Badewanne.\n\n\t\t\t\t\t\t\t\t<\/div>\n\t\t\t\t<\/div>\n\t\t\t\t<div class=\"elementor-element elementor-element-3598ade2 elementor-widget elementor-widget-heading\" data-id=\"3598ade2\" data-element_type=\"widget\" data-e-type=\"widget\" data-widget_type=\"heading.default\">\n\t\t\t\t<div class=\"elementor-widget-container\">\n\t\t\t\t\t<h2 class=\"elementor-heading-title elementor-size-default\">Zimmerpreise<\/h2>\t\t\t\t<\/div>\n\t\t\t\t<\/div>\n\t\t\t\t<div class=\"elementor-element elementor-element-2941bc29 elementor-widget elementor-widget-price-list\" data-id=\"2941bc29\" data-element_type=\"widget\" data-e-type=\"widget\" data-widget_type=\"price-list.default\">\n\t\t\t\t<div class=\"elementor-widget-container\">\n\t\t\t\t\t\n\t\t<ul class=\"elementor-price-list\">\n\n\t\t\t\t\t\t\t\t\t<li class=\"elementor-price-list-item\">\t\t\t\t\n\t\t\t\t<div class=\"elementor-price-list-text\">\n\t\t\t\t\t\t\t\t\t<div class=\"elementor-price-list-header\">\n\t\t\t\t\t\t\t\t\t\t\t<span class=\"elementor-price-list-title\">\n\t\t\t\t\t\t\tJunior Suite\t\t\t\t\t\t<\/span>\n\t\t\t\t\t\t\t\t\t\t\t\t\t\t\t\t\t\t<span class=\"elementor-price-list-separator\"><\/span>\n\t\t\t\t\t\t\t\t\t\t\t\t\t\t\t\t\t\t\t<span class=\"elementor-price-list-price\">ab 130,00 \u20ac\/ Nacht<\/span>\n\t\t\t\t\t\t\t\t\t\t<\/div>\n\t\t\t\t\t\t\t\t\t\t\t\t<\/div>\n\t\t\t\t<\/li>\t\t\t\t\t\t\t\t\t\t\t\t<li class=\"elementor-price-list-item\">\t\t\t\t\n\t\t\t\t<div class=\"elementor-price-list-text\">\n\t\t\t\t\t\t\t\t\t<div class=\"elementor-price-list-header\">\n\t\t\t\t\t\t\t\t\t\t\t<span class=\"elementor-price-list-title\">\n\t\t\t\t\t\t\tJunior Suite mit Balkon\/Terrasse\t\t\t\t\t\t<\/span>\n\t\t\t\t\t\t\t\t\t\t\t\t\t\t\t\t\t\t<span class=\"elementor-price-list-separator\"><\/span>\n\t\t\t\t\t\t\t\t\t\t\t\t\t\t\t\t\t\t\t<span class=\"elementor-price-list-price\">ab 150,00 \u20ac\/ Nacht<\/span>\n\t\t\t\t\t\t\t\t\t\t<\/div>\n\t\t\t\t\t\t\t\t\t\t\t\t<\/div>\n\t\t\t\t<\/li>\t\t\t\t\t\t\t\t\t\t\t\t<li class=\"elementor-price-list-item\">\t\t\t\t\n\t\t\t\t<div class=\"elementor-price-list-text\">\n\t\t\t\t\t\t\t\t\t<div class=\"elementor-price-list-header\">\n\t\t\t\t\t\t\t\t\t\t\t<span class=\"elementor-price-list-title\">\n\t\t\t\t\t\t\tJunior Suite zur Einzelnutzung\t\t\t\t\t\t<\/span>\n\t\t\t\t\t\t\t\t\t\t\t\t\t\t\t\t\t\t<span class=\"elementor-price-list-separator\"><\/span>\n\t\t\t\t\t\t\t\t\t\t\t\t\t\t\t\t\t\t\t<span class=\"elementor-price-list-price\">ab 95,00 \u20ac\/ Nacht<\/span>\n\t\t\t\t\t\t\t\t\t\t<\/div>\n\t\t\t\t\t\t\t\t\t\t\t\t<\/div>\n\t\t\t\t<\/li>\t\t\t\t\t\n\t\t<\/ul>\n\n\t\t\t\t\t\t<\/div>\n\t\t\t\t<\/div>\n\t\t\t\t<div class=\"elementor-element elementor-element-1f17af46 elementor-widget elementor-widget-text-editor\" data-id=\"1f17af46\" data-element_type=\"widget\" data-e-type=\"widget\" data-widget_type=\"text-editor.default\">\n\t\t\t\t<div class=\"elementor-widget-container\">\n\t\t\t\t\t\t\t\t\t<p>Die Zimmerpreise verstehen sich inklusive einen reichhaltigen Fr\u00fchst\u00fccksbuffets, der gesetzlichen Mehrwertsteuer, kostenfreiem W-LAN.<\/p>\t\t\t\t\t\t\t\t<\/div>\n\t\t\t\t<\/div>\n\t\t\t\t<div class=\"elementor-element elementor-element-58cc7f0 elementor-widget elementor-widget-price-list\" data-id=\"58cc7f0\" data-element_type=\"widget\" data-e-type=\"widget\" data-widget_type=\"price-list.default\">\n\t\t\t\t<div class=\"elementor-widget-container\">\n\t\t\t\t\t\n\t\t<ul class=\"elementor-price-list\">\n\n\t\t\t\t\t\t\t\t\t<li class=\"elementor-price-list-item\">\t\t\t\t\n\t\t\t\t<div class=\"elementor-price-list-text\">\n\t\t\t\t\t\t\t\t\t<div class=\"elementor-price-list-header\">\n\t\t\t\t\t\t\t\t\t\t\t<span class=\"elementor-price-list-title\">\n\t\t\t\t\t\t\tAufbettungen\t\t\t\t\t\t<\/span>\n\t\t\t\t\t\t\t\t\t\t\t\t\t\t\t\t\t\t<span class=\"elementor-price-list-separator\"><\/span>\n\t\t\t\t\t\t\t\t\t\t\t\t\t\t\t\t\t\t\t<span class=\"elementor-price-list-price\">32,00 \u20ac\/ Nacht<\/span>\n\t\t\t\t\t\t\t\t\t\t<\/div>\n\t\t\t\t\t\t\t\t\t\t\t\t<\/div>\n\t\t\t\t<\/li>\t\t\t\t\t\t\t\t\t\t\t\t<li class=\"elementor-price-list-item\">\t\t\t\t\n\t\t\t\t<div class=\"elementor-price-list-text\">\n\t\t\t\t\t\t\t\t\t<div class=\"elementor-price-list-header\">\n\t\t\t\t\t\t\t\t\t\t\t<span class=\"elementor-price-list-title\">\n\t\t\t\t\t\t\tFahrradverleih\t\t\t\t\t\t<\/span>\n\t\t\t\t\t\t\t\t\t\t\t\t\t\t\t\t\t\t<span class=\"elementor-price-list-separator\"><\/span>\n\t\t\t\t\t\t\t\t\t\t\t\t\t\t\t\t\t\t\t<span class=\"elementor-price-list-price\">ab 12 \u20ac\/ Tag<\/span>\n\t\t\t\t\t\t\t\t\t\t<\/div>\n\t\t\t\t\t\t\t\t\t\t\t\t<\/div>\n\t\t\t\t<\/li>\t\t\t\t\t\t\t\t\t\t\t\t<li class=\"elementor-price-list-item\">\t\t\t\t\n\t\t\t\t<div class=\"elementor-price-list-text\">\n\t\t\t\t\t\t\t\t\t<div class=\"elementor-price-list-header\">\n\t\t\t\t\t\t\t\t\t\t\t<span class=\"elementor-price-list-title\">\n\t\t\t\t\t\t\tW\u00e4schepaket\t\t\t\t\t\t<\/span>\n\t\t\t\t\t\t\t\t\t\t\t\t\t\t\t\t\t\t<span class=\"elementor-price-list-separator\"><\/span>\n\t\t\t\t\t\t\t\t\t\t\t\t\t\t\t\t\t\t\t<span class=\"elementor-price-list-price\">5 \u20ac\/ einmalig<\/span>\n\t\t\t\t\t\t\t\t\t\t<\/div>\n\t\t\t\t\t\t\t\t\t\t\t\t<\/div>\n\t\t\t\t<\/li>\t\t\t\t\t\t\t\t\t\t\t\t<li class=\"elementor-price-list-item\">\t\t\t\t\n\t\t\t\t<div class=\"elementor-price-list-text\">\n\t\t\t\t\t\t\t\t\t<div class=\"elementor-price-list-header\">\n\t\t\t\t\t\t\t\t\t\t\t<span class=\"elementor-price-list-title\">\n\t\t\t\t\t\t\tBabybett\t\t\t\t\t\t<\/span>\n\t\t\t\t\t\t\t\t\t\t\t\t\t\t\t\t\t\t<span class=\"elementor-price-list-separator\"><\/span>\n\t\t\t\t\t\t\t\t\t\t\t\t\t\t\t\t\t\t\t<span class=\"elementor-price-list-price\">5 \u20ac\/ einmalig<\/span>\n\t\t\t\t\t\t\t\t\t\t<\/div>\n\t\t\t\t\t\t\t\t\t\t\t\t<\/div>\n\t\t\t\t<\/li>\t\t\t\t\t\t\t\t\t\t\t\t<li class=\"elementor-price-list-item\">\t\t\t\t\n\t\t\t\t<div class=\"elementor-price-list-text\">\n\t\t\t\t\t\t\t\t\t<div class=\"elementor-price-list-header\">\n\t\t\t\t\t\t\t\t\t\t\t<span class=\"elementor-price-list-title\">\n\t\t\t\t\t\t\tHaustiere (nach Absprache)   \t\t\t\t\t\t<\/span>\n\t\t\t\t\t\t\t\t\t\t\t\t\t\t\t\t\t\t<span class=\"elementor-price-list-separator\"><\/span>\n\t\t\t\t\t\t\t\t\t\t\t\t\t\t\t\t\t\t\t<span class=\"elementor-price-list-price\">15,00 \u20ac pro Tier\/ pro Nacht<\/span>\n\t\t\t\t\t\t\t\t\t\t<\/div>\n\t\t\t\t\t\t\t\t\t\t\t\t<\/div>\n\t\t\t\t<\/li>\t\t\t\t\t\t\t\t\t\t\t\t<li class=\"elementor-price-list-item\">\t\t\t\t\n\t\t\t\t<div class=\"elementor-price-list-text\">\n\t\t\t\t\t\t\t\t\t<div class=\"elementor-price-list-header\">\n\t\t\t\t\t\t\t\t\t\t\t<span class=\"elementor-price-list-title\">\n\t\t\t\t\t\t\tParkplatz je PKW (nur nach Verf\u00fcgbarkeit)  \t\t\t\t\t\t<\/span>\n\t\t\t\t\t\t\t\t\t\t\t\t\t\t\t\t\t\t<span class=\"elementor-price-list-separator\"><\/span>\n\t\t\t\t\t\t\t\t\t\t\t\t\t\t\t\t\t\t\t<span class=\"elementor-price-list-price\">7,50 \u20ac pro Nacht<\/span>\n\t\t\t\t\t\t\t\t\t\t<\/div>\n\t\t\t\t\t\t\t\t\t\t\t\t<\/div>\n\t\t\t\t<\/li>\t\t\t\t\t\t\t\t\t\t\t\t<li class=\"elementor-price-list-item\">\t\t\t\t\n\t\t\t\t<div class=\"elementor-price-list-text\">\n\t\t\t\t\t\t\t\t\t<div class=\"elementor-price-list-header\">\n\t\t\t\t\t\t\t\t\t\t\t<span class=\"elementor-price-list-title\">\n\t\t\t\t\t\t\tkeine Vorreservierung bei Parkpl\u00e4tzen m\u00f6glich\t\t\t\t\t\t<\/span>\n\t\t\t\t\t\t\t\t\t\t\t\t\t\t\t\t\t\t<span class=\"elementor-price-list-separator\"><\/span>\n\t\t\t\t\t\t\t\t\t\t\t\t\t\t\t\t<\/div>\n\t\t\t\t\t\t\t\t\t\t\t\t<\/div>\n\t\t\t\t<\/li>\t\t\t\t\t\n\t\t<\/ul>\n\n\t\t\t\t\t\t<\/div>\n\t\t\t\t<\/div>\n\t\t\t\t<div class=\"elementor-element elementor-element-e3433c7 elementor-widget elementor-widget-gallery\" data-id=\"e3433c7\" data-element_type=\"widget\" data-e-type=\"widget\" data-settings=\"{&quot;columns&quot;:1,&quot;gap&quot;:{&quot;unit&quot;:&quot;px&quot;,&quot;size&quot;:30,&quot;sizes&quot;:[]},&quot;lazyload&quot;:&quot;yes&quot;,&quot;gallery_layout&quot;:&quot;grid&quot;,&quot;columns_tablet&quot;:2,&quot;columns_mobile&quot;:1,&quot;gap_tablet&quot;:{&quot;unit&quot;:&quot;px&quot;,&quot;size&quot;:10,&quot;sizes&quot;:[]},&quot;gap_mobile&quot;:{&quot;unit&quot;:&quot;px&quot;,&quot;size&quot;:10,&quot;sizes&quot;:[]},&quot;link_to&quot;:&quot;file&quot;,&quot;aspect_ratio&quot;:&quot;3:2&quot;,&quot;overlay_background&quot;:&quot;yes&quot;,&quot;content_hover_animation&quot;:&quot;fade-in&quot;}\" data-widget_type=\"gallery.default\">\n\t\t\t\t<div class=\"elementor-widget-container\">\n\t\t\t\t\t\t\t<div class=\"elementor-gallery__container\">\n\t\t\t\t\t\t\t<a class=\"e-gallery-item elementor-gallery-item elementor-animated-content\" href=\"https:\/\/www.adler-tgm.de\/wp-content\/uploads\/2021\/01\/IMG_4561-HDR.jpg\" data-elementor-open-lightbox=\"yes\" data-elementor-lightbox-slideshow=\"e3433c7\" data-elementor-lightbox-title=\"IMG_4561-HDR\" data-e-action-hash=\"#elementor-action%3Aaction%3Dlightbox%26settings%3DeyJpZCI6NzYsInVybCI6Imh0dHBzOlwvXC93d3cuYWRsZXItdGdtLmRlXC93cC1jb250ZW50XC91cGxvYWRzXC8yMDIxXC8wMVwvSU1HXzQ1NjEtSERSLmpwZyIsInNsaWRlc2hvdyI6ImUzNDMzYzcifQ%3D%3D\">\n\t\t\t\t\t<div class=\"e-gallery-image elementor-gallery-item__image\" data-thumbnail=\"https:\/\/www.adler-tgm.de\/wp-content\/uploads\/2021\/01\/IMG_4561-HDR-1024x682.jpg\" data-width=\"800\" data-height=\"533\" aria-label=\"\" role=\"img\" ><\/div>\n\t\t\t\t\t\t\t\t\t\t\t<div class=\"elementor-gallery-item__overlay\"><\/div>\n\t\t\t\t\t\t\t\t\t\t\t\t\t\t<\/a>\n\t\t\t\t\t<\/div>\n\t\t\t\t\t<\/div>\n\t\t\t\t<\/div>\n\t\t\t\t\t<\/div>\n\t\t<\/div>\n\t\t\t\t\t<\/div>\n\t\t<\/section>\n\t\t\t\t<\/div>","protected":false},"excerpt":{"rendered":"<p>Unsere sehr exklusiv und elegant ausgestatteten Junior Suiten verf\u00fcgen \u00fcber einen gro\u00dfz\u00fcgigen Schlaf- und Wohnraum. Vielfach bieten sie einen herrlichen Ausblick auf den wundersch\u00f6nen Hotelgarten. Vervollst\u00e4ndigt wird das komfortable Interieur durch die modern ausgestatteten Badezimmer mit Dusche und\/oder Badewanne. Zimmerpreise Junior Suite ab 130,00 \u20ac\/ Nacht Junior Suite mit Balkon\/Terrasse ab 150,00 \u20ac\/ Nacht Junior [&hellip;]<\/p>\n","protected":false},"author":1,"featured_media":76,"parent":83,"menu_order":0,"comment_status":"closed","ping_status":"closed","template":"","meta":{"footnotes":""},"class_list":["post-100","page","type-page","status-publish","has-post-thumbnail","hentry"],"yoast_head":"<!-- This site is optimized with the Yoast SEO plugin v27.4 - https:\/\/yoast.com\/product\/yoast-seo-wordpress\/ -->\n<title>Junior Suiten - Hotel Schwarzer Adler Tangerm\u00fcnde<\/title>\n<meta name=\"robots\" content=\"index, follow, max-snippet:-1, max-image-preview:large, max-video-preview:-1\" \/>\n<link rel=\"canonical\" href=\"https:\/\/www.adler-tgm.de\/en\/hotel-schwarzer-adler\/junior-suiten\/\" \/>\n<meta property=\"og:locale\" content=\"en_GB\" \/>\n<meta property=\"og:type\" content=\"article\" \/>\n<meta property=\"og:title\" content=\"Junior Suiten - Hotel Schwarzer Adler Tangerm\u00fcnde\" \/>\n<meta property=\"og:description\" content=\"Unsere sehr exklusiv und elegant ausgestatteten Junior Suiten verf\u00fcgen \u00fcber einen gro\u00dfz\u00fcgigen Schlaf- und Wohnraum. Vielfach bieten sie einen herrlichen Ausblick auf den wundersch\u00f6nen Hotelgarten. Vervollst\u00e4ndigt wird das komfortable Interieur durch die modern ausgestatteten Badezimmer mit Dusche und\/oder Badewanne. Zimmerpreise Junior Suite ab 130,00 \u20ac\/ Nacht Junior Suite mit Balkon\/Terrasse ab 150,00 \u20ac\/ Nacht Junior [&hellip;]\" \/>\n<meta property=\"og:url\" content=\"https:\/\/www.adler-tgm.de\/en\/hotel-schwarzer-adler\/junior-suiten\/\" \/>\n<meta property=\"og:site_name\" content=\"Hotel Schwarzer Adler Tangerm\u00fcnde\" \/>\n<meta property=\"article:modified_time\" content=\"2025-02-14T10:20:26+00:00\" \/>\n<meta property=\"og:image\" content=\"https:\/\/www.adler-tgm.de\/wp-content\/uploads\/2021\/01\/IMG_4561-HDR.jpg\" \/>\n\t<meta property=\"og:image:width\" content=\"2000\" \/>\n\t<meta property=\"og:image:height\" content=\"1333\" \/>\n\t<meta property=\"og:image:type\" content=\"image\/jpeg\" \/>\n<meta name=\"twitter:card\" content=\"summary_large_image\" \/>\n<meta name=\"twitter:label1\" content=\"Estimated reading time\" \/>\n\t<meta name=\"twitter:data1\" content=\"1 minute\" \/>\n<script type=\"application\/ld+json\" class=\"yoast-schema-graph\">{\"@context\":\"https:\\\/\\\/schema.org\",\"@graph\":[{\"@type\":\"WebPage\",\"@id\":\"https:\\\/\\\/www.adler-tgm.de\\\/hotel-schwarzer-adler\\\/junior-suiten\\\/\",\"url\":\"https:\\\/\\\/www.adler-tgm.de\\\/hotel-schwarzer-adler\\\/junior-suiten\\\/\",\"name\":\"Junior Suiten - Hotel Schwarzer Adler Tangerm\u00fcnde\",\"isPartOf\":{\"@id\":\"https:\\\/\\\/www.adler-tgm.de\\\/#website\"},\"primaryImageOfPage\":{\"@id\":\"https:\\\/\\\/www.adler-tgm.de\\\/hotel-schwarzer-adler\\\/junior-suiten\\\/#primaryimage\"},\"image\":{\"@id\":\"https:\\\/\\\/www.adler-tgm.de\\\/hotel-schwarzer-adler\\\/junior-suiten\\\/#primaryimage\"},\"thumbnailUrl\":\"https:\\\/\\\/www.adler-tgm.de\\\/wp-content\\\/uploads\\\/2021\\\/01\\\/IMG_4561-HDR.jpg\",\"datePublished\":\"2021-01-05T11:53:31+00:00\",\"dateModified\":\"2025-02-14T10:20:26+00:00\",\"breadcrumb\":{\"@id\":\"https:\\\/\\\/www.adler-tgm.de\\\/hotel-schwarzer-adler\\\/junior-suiten\\\/#breadcrumb\"},\"inLanguage\":\"en-GB\",\"potentialAction\":[{\"@type\":\"ReadAction\",\"target\":[\"https:\\\/\\\/www.adler-tgm.de\\\/hotel-schwarzer-adler\\\/junior-suiten\\\/\"]}]},{\"@type\":\"ImageObject\",\"inLanguage\":\"en-GB\",\"@id\":\"https:\\\/\\\/www.adler-tgm.de\\\/hotel-schwarzer-adler\\\/junior-suiten\\\/#primaryimage\",\"url\":\"https:\\\/\\\/www.adler-tgm.de\\\/wp-content\\\/uploads\\\/2021\\\/01\\\/IMG_4561-HDR.jpg\",\"contentUrl\":\"https:\\\/\\\/www.adler-tgm.de\\\/wp-content\\\/uploads\\\/2021\\\/01\\\/IMG_4561-HDR.jpg\",\"width\":2000,\"height\":1333},{\"@type\":\"BreadcrumbList\",\"@id\":\"https:\\\/\\\/www.adler-tgm.de\\\/hotel-schwarzer-adler\\\/junior-suiten\\\/#breadcrumb\",\"itemListElement\":[{\"@type\":\"ListItem\",\"position\":1,\"name\":\"Startseite\",\"item\":\"https:\\\/\\\/www.adler-tgm.de\\\/\"},{\"@type\":\"ListItem\",\"position\":2,\"name\":\"Hotel Schwarzer Adler\",\"item\":\"https:\\\/\\\/www.adler-tgm.de\\\/hotel-schwarzer-adler\\\/\"},{\"@type\":\"ListItem\",\"position\":3,\"name\":\"Junior Suiten\"}]},{\"@type\":\"WebSite\",\"@id\":\"https:\\\/\\\/www.adler-tgm.de\\\/#website\",\"url\":\"https:\\\/\\\/www.adler-tgm.de\\\/\",\"name\":\"Hotel Schwarzer Adler Tangerm\u00fcnde\",\"description\":\"Ihr Hotel in der Kaiserstadt Tangerm\u00fcnde\",\"publisher\":{\"@id\":\"https:\\\/\\\/www.adler-tgm.de\\\/#organization\"},\"potentialAction\":[{\"@type\":\"SearchAction\",\"target\":{\"@type\":\"EntryPoint\",\"urlTemplate\":\"https:\\\/\\\/www.adler-tgm.de\\\/?s={search_term_string}\"},\"query-input\":{\"@type\":\"PropertyValueSpecification\",\"valueRequired\":true,\"valueName\":\"search_term_string\"}}],\"inLanguage\":\"en-GB\"},{\"@type\":\"Organization\",\"@id\":\"https:\\\/\\\/www.adler-tgm.de\\\/#organization\",\"name\":\"Hotel Schwarzer Adler Tangerm\u00fcnde\",\"url\":\"https:\\\/\\\/www.adler-tgm.de\\\/\",\"logo\":{\"@type\":\"ImageObject\",\"inLanguage\":\"en-GB\",\"@id\":\"https:\\\/\\\/www.adler-tgm.de\\\/#\\\/schema\\\/logo\\\/image\\\/\",\"url\":\"https:\\\/\\\/www.adler-tgm.de\\\/wp-content\\\/uploads\\\/2021\\\/01\\\/logo.png\",\"contentUrl\":\"https:\\\/\\\/www.adler-tgm.de\\\/wp-content\\\/uploads\\\/2021\\\/01\\\/logo.png\",\"width\":326,\"height\":261,\"caption\":\"Hotel Schwarzer Adler Tangerm\u00fcnde\"},\"image\":{\"@id\":\"https:\\\/\\\/www.adler-tgm.de\\\/#\\\/schema\\\/logo\\\/image\\\/\"}}]}<\/script>\n<!-- \/ Yoast SEO plugin. -->","yoast_head_json":{"title":"Junior Suiten - Hotel Schwarzer Adler Tangerm\u00fcnde","robots":{"index":"index","follow":"follow","max-snippet":"max-snippet:-1","max-image-preview":"max-image-preview:large","max-video-preview":"max-video-preview:-1"},"canonical":"https:\/\/www.adler-tgm.de\/en\/hotel-schwarzer-adler\/junior-suiten\/","og_locale":"en_GB","og_type":"article","og_title":"Junior Suiten - Hotel Schwarzer Adler Tangerm\u00fcnde","og_description":"Unsere sehr exklusiv und elegant ausgestatteten Junior Suiten verf\u00fcgen \u00fcber einen gro\u00dfz\u00fcgigen Schlaf- und Wohnraum. Vielfach bieten sie einen herrlichen Ausblick auf den wundersch\u00f6nen Hotelgarten. Vervollst\u00e4ndigt wird das komfortable Interieur durch die modern ausgestatteten Badezimmer mit Dusche und\/oder Badewanne. Zimmerpreise Junior Suite ab 130,00 \u20ac\/ Nacht Junior Suite mit Balkon\/Terrasse ab 150,00 \u20ac\/ Nacht Junior [&hellip;]","og_url":"https:\/\/www.adler-tgm.de\/en\/hotel-schwarzer-adler\/junior-suiten\/","og_site_name":"Hotel Schwarzer Adler Tangerm\u00fcnde","article_modified_time":"2025-02-14T10:20:26+00:00","og_image":[{"width":2000,"height":1333,"url":"https:\/\/www.adler-tgm.de\/wp-content\/uploads\/2021\/01\/IMG_4561-HDR.jpg","type":"image\/jpeg"}],"twitter_card":"summary_large_image","twitter_misc":{"Estimated reading time":"1 minute"},"schema":{"@context":"https:\/\/schema.org","@graph":[{"@type":"WebPage","@id":"https:\/\/www.adler-tgm.de\/hotel-schwarzer-adler\/junior-suiten\/","url":"https:\/\/www.adler-tgm.de\/hotel-schwarzer-adler\/junior-suiten\/","name":"Junior Suiten - Hotel Schwarzer Adler Tangerm\u00fcnde","isPartOf":{"@id":"https:\/\/www.adler-tgm.de\/#website"},"primaryImageOfPage":{"@id":"https:\/\/www.adler-tgm.de\/hotel-schwarzer-adler\/junior-suiten\/#primaryimage"},"image":{"@id":"https:\/\/www.adler-tgm.de\/hotel-schwarzer-adler\/junior-suiten\/#primaryimage"},"thumbnailUrl":"https:\/\/www.adler-tgm.de\/wp-content\/uploads\/2021\/01\/IMG_4561-HDR.jpg","datePublished":"2021-01-05T11:53:31+00:00","dateModified":"2025-02-14T10:20:26+00:00","breadcrumb":{"@id":"https:\/\/www.adler-tgm.de\/hotel-schwarzer-adler\/junior-suiten\/#breadcrumb"},"inLanguage":"en-GB","potentialAction":[{"@type":"ReadAction","target":["https:\/\/www.adler-tgm.de\/hotel-schwarzer-adler\/junior-suiten\/"]}]},{"@type":"ImageObject","inLanguage":"en-GB","@id":"https:\/\/www.adler-tgm.de\/hotel-schwarzer-adler\/junior-suiten\/#primaryimage","url":"https:\/\/www.adler-tgm.de\/wp-content\/uploads\/2021\/01\/IMG_4561-HDR.jpg","contentUrl":"https:\/\/www.adler-tgm.de\/wp-content\/uploads\/2021\/01\/IMG_4561-HDR.jpg","width":2000,"height":1333},{"@type":"BreadcrumbList","@id":"https:\/\/www.adler-tgm.de\/hotel-schwarzer-adler\/junior-suiten\/#breadcrumb","itemListElement":[{"@type":"ListItem","position":1,"name":"Startseite","item":"https:\/\/www.adler-tgm.de\/"},{"@type":"ListItem","position":2,"name":"Hotel Schwarzer Adler","item":"https:\/\/www.adler-tgm.de\/hotel-schwarzer-adler\/"},{"@type":"ListItem","position":3,"name":"Junior Suiten"}]},{"@type":"WebSite","@id":"https:\/\/www.adler-tgm.de\/#website","url":"https:\/\/www.adler-tgm.de\/","name":"Hotel Schwarzer Adler Tangerm\u00fcnde","description":"Ihr Hotel in der Kaiserstadt Tangerm\u00fcnde","publisher":{"@id":"https:\/\/www.adler-tgm.de\/#organization"},"potentialAction":[{"@type":"SearchAction","target":{"@type":"EntryPoint","urlTemplate":"https:\/\/www.adler-tgm.de\/?s={search_term_string}"},"query-input":{"@type":"PropertyValueSpecification","valueRequired":true,"valueName":"search_term_string"}}],"inLanguage":"en-GB"},{"@type":"Organization","@id":"https:\/\/www.adler-tgm.de\/#organization","name":"Hotel Schwarzer Adler Tangerm\u00fcnde","url":"https:\/\/www.adler-tgm.de\/","logo":{"@type":"ImageObject","inLanguage":"en-GB","@id":"https:\/\/www.adler-tgm.de\/#\/schema\/logo\/image\/","url":"https:\/\/www.adler-tgm.de\/wp-content\/uploads\/2021\/01\/logo.png","contentUrl":"https:\/\/www.adler-tgm.de\/wp-content\/uploads\/2021\/01\/logo.png","width":326,"height":261,"caption":"Hotel Schwarzer Adler Tangerm\u00fcnde"},"image":{"@id":"https:\/\/www.adler-tgm.de\/#\/schema\/logo\/image\/"}}]}},"_links":{"self":[{"href":"https:\/\/www.adler-tgm.de\/en\/wp-json\/wp\/v2\/pages\/100","targetHints":{"allow":["GET"]}}],"collection":[{"href":"https:\/\/www.adler-tgm.de\/en\/wp-json\/wp\/v2\/pages"}],"about":[{"href":"https:\/\/www.adler-tgm.de\/en\/wp-json\/wp\/v2\/types\/page"}],"author":[{"embeddable":true,"href":"https:\/\/www.adler-tgm.de\/en\/wp-json\/wp\/v2\/users\/1"}],"replies":[{"embeddable":true,"href":"https:\/\/www.adler-tgm.de\/en\/wp-json\/wp\/v2\/comments?post=100"}],"version-history":[{"count":10,"href":"https:\/\/www.adler-tgm.de\/en\/wp-json\/wp\/v2\/pages\/100\/revisions"}],"predecessor-version":[{"id":695,"href":"https:\/\/www.adler-tgm.de\/en\/wp-json\/wp\/v2\/pages\/100\/revisions\/695"}],"up":[{"embeddable":true,"href":"https:\/\/www.adler-tgm.de\/en\/wp-json\/wp\/v2\/pages\/83"}],"wp:featuredmedia":[{"embeddable":true,"href":"https:\/\/www.adler-tgm.de\/en\/wp-json\/wp\/v2\/media\/76"}],"wp:attachment":[{"href":"https:\/\/www.adler-tgm.de\/en\/wp-json\/wp\/v2\/media?parent=100"}],"curies":[{"name":"wp","href":"https:\/\/api.w.org\/{rel}","templated":true}]}}