{"id":102,"date":"2021-01-05T12:54:00","date_gmt":"2021-01-05T11:54:00","guid":{"rendered":"http:\/\/wp.adler-tgm.de\/?page_id=102"},"modified":"2021-01-07T12:23:15","modified_gmt":"2021-01-07T11:23:15","slug":"historie","status":"publish","type":"page","link":"https:\/\/www.adler-tgm.de\/en\/hotel-schwarzer-adler\/historie\/","title":{"rendered":"Historie"},"content":{"rendered":"<div data-elementor-type=\"wp-page\" data-elementor-id=\"102\" class=\"elementor elementor-102\" data-elementor-post-type=\"page\">\n\t\t\t\t\t\t<section class=\"elementor-section elementor-top-section elementor-element elementor-element-1c0c8e2 elementor-section-boxed elementor-section-height-default elementor-section-height-default\" data-id=\"1c0c8e2\" data-element_type=\"section\" data-e-type=\"section\">\n\t\t\t\t\t\t<div class=\"elementor-container elementor-column-gap-default\">\n\t\t\t\t\t<div class=\"elementor-column elementor-col-100 elementor-top-column elementor-element elementor-element-7ac59c9\" data-id=\"7ac59c9\" data-element_type=\"column\" data-e-type=\"column\">\n\t\t\t<div class=\"elementor-widget-wrap elementor-element-populated\">\n\t\t\t\t\t\t<div class=\"elementor-element elementor-element-54efa46 elementor-widget elementor-widget-text-editor\" data-id=\"54efa46\" data-element_type=\"widget\" data-e-type=\"widget\" data-widget_type=\"text-editor.default\">\n\t\t\t\t<div class=\"elementor-widget-container\">\n\t\t\t\t\t\t\t\t\t<h2>Das Hotel &#8211; Schwarzer Adler<\/h2><p>Auf der &#8222;Stra\u00dfe der Romanik&#8220; gelangt der Reisende, dem nat\u00fcrlichen Lauf der Elbe folgend, nach Tangerm\u00fcnde. Eingebettet in das satte Gr\u00fcn der Elbauen f\u00fchrt dieser Weg entlang leuchtend gelber Rapsfelder, bunter Wiesen und schachbrettartig angelegter \u00c4cker direkt ins Zentrum des malerischen St\u00e4dtchens. Hier finden Sie, in ruhiger Lage, unser Hotel &#8222;Schwarzer Adler&#8220;. Wenn das Quartier bezogen ist, bietet Ihnen die gr\u00fcne Oase im Innenhof des Hauses eine angenehme Atmosph\u00e4re um die Anstrengungen der Reise zu vergessen.<\/p><p>Sind Sie gut gest\u00e4rkt und ausgeruht, ist unser Hotel der ideale Ausgangspunkt zur Erkundung der Stadt und des Umlandes. Sehensw\u00fcrdigkeiten wie die Stephanskirche oder das historische Rathaus erreicht man bequem zu Fu\u00df. W\u00e4hrend eines Bummels entlang aufw\u00e4ndig restaurierter Fachwerkh\u00e4user und L\u00e4den f\u00fchlt man sich in l\u00e4ngst vergangene Zeiten zur\u00fcckversetzt. Auf dem Weg durch die Stadt oder bei der Besichtigung von Burganlage und Schloss sind die Spuren der Geschichte allgegenw\u00e4rtig. Als Pers\u00f6nlichkeit von besonders pr\u00e4gender Bedeutung f\u00fcr Tangerm\u00fcnde gilt Kaiser Karl IV.<\/p><p>Dem Haupthaus des &#8222;Schwarzen Adlers&#8220; sind zwei Dependancen angeschlossen: das Haus in der Kirchstra\u00dfe wurde 1997 fertiggestellt und das Stadtcaf\u00e9 konnte im Jahr 2000 seiner Bestimmung \u00fcbergeben werden. Beide Objekte erreichen Sie \u00fcber die Passage am Stadtcaf\u00e9. Im Innenhof des Haupthauses finden Sie zwei Gartenh\u00e4user.<\/p><p>Im Winter 2016 wurden aufwendige Umbau- und Sanierungsarbeiten vorgenommen. Das Hotel verf\u00fcgt nun \u00fcber 60 stilvoll eingerichtete Hotelzimmer mit individuellen Schnitten und einem besonderen Charme, welcher an die geschichtstr\u00e4chtige Altstadt Tangerm\u00fcndes erinnert. Das neu er\u00f6ffnete Steak- und Kartoffelhaus \u201eKutscherstube\u201c findet Platz f\u00fcr \u00fcber 100 G\u00e4ste im Innen- und Au\u00dfenbereich.<\/p>\t\t\t\t\t\t\t\t<\/div>\n\t\t\t\t<\/div>\n\t\t\t\t<div class=\"elementor-element elementor-element-c2a29a3 elementor-widget elementor-widget-gallery\" data-id=\"c2a29a3\" data-element_type=\"widget\" data-e-type=\"widget\" data-settings=\"{&quot;columns&quot;:3,&quot;gap&quot;:{&quot;unit&quot;:&quot;px&quot;,&quot;size&quot;:30,&quot;sizes&quot;:[]},&quot;aspect_ratio&quot;:&quot;4:3&quot;,&quot;lazyload&quot;:&quot;yes&quot;,&quot;gallery_layout&quot;:&quot;grid&quot;,&quot;columns_tablet&quot;:2,&quot;columns_mobile&quot;:1,&quot;gap_tablet&quot;:{&quot;unit&quot;:&quot;px&quot;,&quot;size&quot;:10,&quot;sizes&quot;:[]},&quot;gap_mobile&quot;:{&quot;unit&quot;:&quot;px&quot;,&quot;size&quot;:10,&quot;sizes&quot;:[]},&quot;link_to&quot;:&quot;file&quot;,&quot;overlay_background&quot;:&quot;yes&quot;,&quot;content_hover_animation&quot;:&quot;fade-in&quot;}\" data-widget_type=\"gallery.default\">\n\t\t\t\t<div class=\"elementor-widget-container\">\n\t\t\t\t\t\t\t<div class=\"elementor-gallery__container\">\n\t\t\t\t\t\t\t<a class=\"e-gallery-item elementor-gallery-item elementor-animated-content\" href=\"https:\/\/www.adler-tgm.de\/wp-content\/uploads\/2021\/01\/tgm_unser_hotel-1.jpg\" data-elementor-open-lightbox=\"yes\" data-elementor-lightbox-slideshow=\"c2a29a3\" data-elementor-lightbox-title=\"tgm_unser_hotel\" data-e-action-hash=\"#elementor-action%3Aaction%3Dlightbox%26settings%3DeyJpZCI6NjMsInVybCI6Imh0dHBzOlwvXC93d3cuYWRsZXItdGdtLmRlXC93cC1jb250ZW50XC91cGxvYWRzXC8yMDIxXC8wMVwvdGdtX3Vuc2VyX2hvdGVsLTEuanBnIiwic2xpZGVzaG93IjoiYzJhMjlhMyJ9\">\n\t\t\t\t\t<div class=\"e-gallery-image elementor-gallery-item__image\" data-thumbnail=\"https:\/\/www.adler-tgm.de\/wp-content\/uploads\/2021\/01\/tgm_unser_hotel-1-300x258.jpg\" data-width=\"300\" data-height=\"258\" aria-label=\"\" role=\"img\" ><\/div>\n\t\t\t\t\t\t\t\t\t\t\t<div class=\"elementor-gallery-item__overlay\"><\/div>\n\t\t\t\t\t\t\t\t\t\t\t\t\t\t<\/a>\n\t\t\t\t\t\t\t<a class=\"e-gallery-item elementor-gallery-item elementor-animated-content\" href=\"https:\/\/www.adler-tgm.de\/wp-content\/uploads\/2021\/01\/IMG_6611.jpg\" data-elementor-open-lightbox=\"yes\" data-elementor-lightbox-slideshow=\"c2a29a3\" data-elementor-lightbox-title=\"IMG_6611\" data-e-action-hash=\"#elementor-action%3Aaction%3Dlightbox%26settings%3DeyJpZCI6NzgsInVybCI6Imh0dHBzOlwvXC93d3cuYWRsZXItdGdtLmRlXC93cC1jb250ZW50XC91cGxvYWRzXC8yMDIxXC8wMVwvSU1HXzY2MTEuanBnIiwic2xpZGVzaG93IjoiYzJhMjlhMyJ9\">\n\t\t\t\t\t<div class=\"e-gallery-image elementor-gallery-item__image\" data-thumbnail=\"https:\/\/www.adler-tgm.de\/wp-content\/uploads\/2021\/01\/IMG_6611-300x200.jpg\" data-width=\"300\" data-height=\"200\" aria-label=\"\" role=\"img\" ><\/div>\n\t\t\t\t\t\t\t\t\t\t\t<div class=\"elementor-gallery-item__overlay\"><\/div>\n\t\t\t\t\t\t\t\t\t\t\t\t\t\t<\/a>\n\t\t\t\t\t\t\t<a class=\"e-gallery-item elementor-gallery-item elementor-animated-content\" href=\"https:\/\/www.adler-tgm.de\/wp-content\/uploads\/2021\/01\/IMG_4346.jpg\" data-elementor-open-lightbox=\"yes\" data-elementor-lightbox-slideshow=\"c2a29a3\" data-elementor-lightbox-title=\"IMG_4346\" data-e-action-hash=\"#elementor-action%3Aaction%3Dlightbox%26settings%3DeyJpZCI6NTYsInVybCI6Imh0dHBzOlwvXC93d3cuYWRsZXItdGdtLmRlXC93cC1jb250ZW50XC91cGxvYWRzXC8yMDIxXC8wMVwvSU1HXzQzNDYuanBnIiwic2xpZGVzaG93IjoiYzJhMjlhMyJ9\">\n\t\t\t\t\t<div class=\"e-gallery-image elementor-gallery-item__image\" data-thumbnail=\"https:\/\/www.adler-tgm.de\/wp-content\/uploads\/2021\/01\/IMG_4346-300x200.jpg\" data-width=\"300\" data-height=\"200\" aria-label=\"\" role=\"img\" ><\/div>\n\t\t\t\t\t\t\t\t\t\t\t<div class=\"elementor-gallery-item__overlay\"><\/div>\n\t\t\t\t\t\t\t\t\t\t\t\t\t\t<\/a>\n\t\t\t\t\t<\/div>\n\t\t\t\t\t<\/div>\n\t\t\t\t<\/div>\n\t\t\t\t\t<\/div>\n\t\t<\/div>\n\t\t\t\t\t<\/div>\n\t\t<\/section>\n\t\t\t\t<section class=\"elementor-section elementor-top-section elementor-element elementor-element-66fbec9 elementor-section-boxed elementor-section-height-default elementor-section-height-default\" data-id=\"66fbec9\" data-element_type=\"section\" data-e-type=\"section\">\n\t\t\t\t\t\t<div class=\"elementor-container elementor-column-gap-default\">\n\t\t\t\t\t<div class=\"elementor-column elementor-col-100 elementor-top-column elementor-element elementor-element-a0e2532\" data-id=\"a0e2532\" data-element_type=\"column\" data-e-type=\"column\">\n\t\t\t<div class=\"elementor-widget-wrap elementor-element-populated\">\n\t\t\t\t\t\t<div class=\"elementor-element elementor-element-7c45f37 elementor-widget elementor-widget-text-editor\" data-id=\"7c45f37\" data-element_type=\"widget\" data-e-type=\"widget\" data-widget_type=\"text-editor.default\">\n\t\t\t\t<div class=\"elementor-widget-container\">\n\t\t\t\t\t\t\t\t\t<h2>Familie &amp; Tradition<\/h2><p>Das Hotel \u201eSchwarzer Adler\u201c ist das \u00c4lteste in der 1000-j\u00e4hrigen Stadt Tangerm\u00fcnde. Das Haus wurde bis zur Enteignung im Jahr 1971 durch die DDR sicher durch die Kriegswirren gebracht. Von 1972 bis 1991 wurde der &#8222;Schwarze Adler&#8220; als Hotel unter staatlicher Regie weiter betrieben. Dank der Deutschen Einheit erfolgte 1992 die R\u00fcck\u00fcbertragung des Hotels. Noch im selben Jahr wurde das Hotel von Grund auf restauriert. Es wurde modernisiert, erweitert und komfortabel ausgestattet. Bis zum Jahr 2000 entstanden zus\u00e4tzlich zwei Gartenh\u00e4user, die Dependance in der Kirchstra\u00dfe, die Dependance Stadtcaf\u00e9 sowie Restaurants, Tagungsr\u00e4ume und Freizeiteinrichtungen.<\/p>\t\t\t\t\t\t\t\t<\/div>\n\t\t\t\t<\/div>\n\t\t\t\t\t<\/div>\n\t\t<\/div>\n\t\t\t\t\t<\/div>\n\t\t<\/section>\n\t\t\t\t<\/div>","protected":false},"excerpt":{"rendered":"<p>Das Hotel &#8211; Schwarzer Adler Auf der &#8222;Stra\u00dfe der Romanik&#8220; gelangt der Reisende, dem nat\u00fcrlichen Lauf der Elbe folgend, nach Tangerm\u00fcnde. Eingebettet in das satte Gr\u00fcn der Elbauen f\u00fchrt dieser Weg entlang leuchtend gelber Rapsfelder, bunter Wiesen und schachbrettartig angelegter \u00c4cker direkt ins Zentrum des malerischen St\u00e4dtchens. Hier finden Sie, in ruhiger Lage, unser Hotel [&hellip;]<\/p>\n","protected":false},"author":1,"featured_media":56,"parent":83,"menu_order":0,"comment_status":"closed","ping_status":"closed","template":"","meta":{"footnotes":""},"class_list":["post-102","page","type-page","status-publish","has-post-thumbnail","hentry"],"yoast_head":"<!-- This site is optimized with the Yoast SEO plugin v27.6 - https:\/\/yoast.com\/product\/yoast-seo-wordpress\/ -->\n<title>Historie - Hotel Schwarzer Adler Tangerm\u00fcnde<\/title>\n<meta name=\"robots\" content=\"index, follow, max-snippet:-1, max-image-preview:large, max-video-preview:-1\" \/>\n<link rel=\"canonical\" href=\"https:\/\/www.adler-tgm.de\/en\/hotel-schwarzer-adler\/historie\/\" \/>\n<meta property=\"og:locale\" content=\"en_GB\" \/>\n<meta property=\"og:type\" content=\"article\" \/>\n<meta property=\"og:title\" content=\"Historie - Hotel Schwarzer Adler Tangerm\u00fcnde\" \/>\n<meta property=\"og:description\" content=\"Das Hotel &#8211; Schwarzer Adler Auf der &#8222;Stra\u00dfe der Romanik&#8220; gelangt der Reisende, dem nat\u00fcrlichen Lauf der Elbe folgend, nach Tangerm\u00fcnde. Eingebettet in das satte Gr\u00fcn der Elbauen f\u00fchrt dieser Weg entlang leuchtend gelber Rapsfelder, bunter Wiesen und schachbrettartig angelegter \u00c4cker direkt ins Zentrum des malerischen St\u00e4dtchens. Hier finden Sie, in ruhiger Lage, unser Hotel [&hellip;]\" \/>\n<meta property=\"og:url\" content=\"https:\/\/www.adler-tgm.de\/en\/hotel-schwarzer-adler\/historie\/\" \/>\n<meta property=\"og:site_name\" content=\"Hotel Schwarzer Adler Tangerm\u00fcnde\" \/>\n<meta property=\"article:modified_time\" content=\"2021-01-07T11:23:15+00:00\" \/>\n<meta property=\"og:image\" content=\"https:\/\/www.adler-tgm.de\/wp-content\/uploads\/2021\/01\/IMG_4346-1024x682.jpg\" \/>\n\t<meta property=\"og:image:width\" content=\"1024\" \/>\n\t<meta property=\"og:image:height\" content=\"682\" \/>\n\t<meta property=\"og:image:type\" content=\"image\/jpeg\" \/>\n<meta name=\"twitter:card\" content=\"summary_large_image\" \/>\n<meta name=\"twitter:label1\" content=\"Estimated reading time\" \/>\n\t<meta name=\"twitter:data1\" content=\"2 minutes\" \/>\n<script type=\"application\/ld+json\" class=\"yoast-schema-graph\">{\"@context\":\"https:\\\/\\\/schema.org\",\"@graph\":[{\"@type\":\"WebPage\",\"@id\":\"https:\\\/\\\/www.adler-tgm.de\\\/hotel-schwarzer-adler\\\/historie\\\/\",\"url\":\"https:\\\/\\\/www.adler-tgm.de\\\/hotel-schwarzer-adler\\\/historie\\\/\",\"name\":\"Historie - Hotel Schwarzer Adler Tangerm\u00fcnde\",\"isPartOf\":{\"@id\":\"https:\\\/\\\/www.adler-tgm.de\\\/#website\"},\"primaryImageOfPage\":{\"@id\":\"https:\\\/\\\/www.adler-tgm.de\\\/hotel-schwarzer-adler\\\/historie\\\/#primaryimage\"},\"image\":{\"@id\":\"https:\\\/\\\/www.adler-tgm.de\\\/hotel-schwarzer-adler\\\/historie\\\/#primaryimage\"},\"thumbnailUrl\":\"https:\\\/\\\/www.adler-tgm.de\\\/wp-content\\\/uploads\\\/2021\\\/01\\\/IMG_4346.jpg\",\"datePublished\":\"2021-01-05T11:54:00+00:00\",\"dateModified\":\"2021-01-07T11:23:15+00:00\",\"breadcrumb\":{\"@id\":\"https:\\\/\\\/www.adler-tgm.de\\\/hotel-schwarzer-adler\\\/historie\\\/#breadcrumb\"},\"inLanguage\":\"en-GB\",\"potentialAction\":[{\"@type\":\"ReadAction\",\"target\":[\"https:\\\/\\\/www.adler-tgm.de\\\/hotel-schwarzer-adler\\\/historie\\\/\"]}]},{\"@type\":\"ImageObject\",\"inLanguage\":\"en-GB\",\"@id\":\"https:\\\/\\\/www.adler-tgm.de\\\/hotel-schwarzer-adler\\\/historie\\\/#primaryimage\",\"url\":\"https:\\\/\\\/www.adler-tgm.de\\\/wp-content\\\/uploads\\\/2021\\\/01\\\/IMG_4346.jpg\",\"contentUrl\":\"https:\\\/\\\/www.adler-tgm.de\\\/wp-content\\\/uploads\\\/2021\\\/01\\\/IMG_4346.jpg\",\"width\":2000,\"height\":1333},{\"@type\":\"BreadcrumbList\",\"@id\":\"https:\\\/\\\/www.adler-tgm.de\\\/hotel-schwarzer-adler\\\/historie\\\/#breadcrumb\",\"itemListElement\":[{\"@type\":\"ListItem\",\"position\":1,\"name\":\"Startseite\",\"item\":\"https:\\\/\\\/www.adler-tgm.de\\\/\"},{\"@type\":\"ListItem\",\"position\":2,\"name\":\"Hotel Schwarzer Adler\",\"item\":\"https:\\\/\\\/www.adler-tgm.de\\\/hotel-schwarzer-adler\\\/\"},{\"@type\":\"ListItem\",\"position\":3,\"name\":\"Historie\"}]},{\"@type\":\"WebSite\",\"@id\":\"https:\\\/\\\/www.adler-tgm.de\\\/#website\",\"url\":\"https:\\\/\\\/www.adler-tgm.de\\\/\",\"name\":\"Hotel Schwarzer Adler Tangerm\u00fcnde\",\"description\":\"Ihr Hotel in der Kaiserstadt Tangerm\u00fcnde\",\"publisher\":{\"@id\":\"https:\\\/\\\/www.adler-tgm.de\\\/#organization\"},\"potentialAction\":[{\"@type\":\"SearchAction\",\"target\":{\"@type\":\"EntryPoint\",\"urlTemplate\":\"https:\\\/\\\/www.adler-tgm.de\\\/?s={search_term_string}\"},\"query-input\":{\"@type\":\"PropertyValueSpecification\",\"valueRequired\":true,\"valueName\":\"search_term_string\"}}],\"inLanguage\":\"en-GB\"},{\"@type\":\"Organization\",\"@id\":\"https:\\\/\\\/www.adler-tgm.de\\\/#organization\",\"name\":\"Hotel Schwarzer Adler Tangerm\u00fcnde\",\"url\":\"https:\\\/\\\/www.adler-tgm.de\\\/\",\"logo\":{\"@type\":\"ImageObject\",\"inLanguage\":\"en-GB\",\"@id\":\"https:\\\/\\\/www.adler-tgm.de\\\/#\\\/schema\\\/logo\\\/image\\\/\",\"url\":\"https:\\\/\\\/www.adler-tgm.de\\\/wp-content\\\/uploads\\\/2021\\\/01\\\/logo.png\",\"contentUrl\":\"https:\\\/\\\/www.adler-tgm.de\\\/wp-content\\\/uploads\\\/2021\\\/01\\\/logo.png\",\"width\":326,\"height\":261,\"caption\":\"Hotel Schwarzer Adler Tangerm\u00fcnde\"},\"image\":{\"@id\":\"https:\\\/\\\/www.adler-tgm.de\\\/#\\\/schema\\\/logo\\\/image\\\/\"}}]}<\/script>\n<!-- \/ Yoast SEO plugin. -->","yoast_head_json":{"title":"Historie - Hotel Schwarzer Adler Tangerm\u00fcnde","robots":{"index":"index","follow":"follow","max-snippet":"max-snippet:-1","max-image-preview":"max-image-preview:large","max-video-preview":"max-video-preview:-1"},"canonical":"https:\/\/www.adler-tgm.de\/en\/hotel-schwarzer-adler\/historie\/","og_locale":"en_GB","og_type":"article","og_title":"Historie - Hotel Schwarzer Adler Tangerm\u00fcnde","og_description":"Das Hotel &#8211; Schwarzer Adler Auf der &#8222;Stra\u00dfe der Romanik&#8220; gelangt der Reisende, dem nat\u00fcrlichen Lauf der Elbe folgend, nach Tangerm\u00fcnde. Eingebettet in das satte Gr\u00fcn der Elbauen f\u00fchrt dieser Weg entlang leuchtend gelber Rapsfelder, bunter Wiesen und schachbrettartig angelegter \u00c4cker direkt ins Zentrum des malerischen St\u00e4dtchens. Hier finden Sie, in ruhiger Lage, unser Hotel [&hellip;]","og_url":"https:\/\/www.adler-tgm.de\/en\/hotel-schwarzer-adler\/historie\/","og_site_name":"Hotel Schwarzer Adler Tangerm\u00fcnde","article_modified_time":"2021-01-07T11:23:15+00:00","og_image":[{"width":1024,"height":682,"url":"https:\/\/www.adler-tgm.de\/wp-content\/uploads\/2021\/01\/IMG_4346-1024x682.jpg","type":"image\/jpeg"}],"twitter_card":"summary_large_image","twitter_misc":{"Estimated reading time":"2 minutes"},"schema":{"@context":"https:\/\/schema.org","@graph":[{"@type":"WebPage","@id":"https:\/\/www.adler-tgm.de\/hotel-schwarzer-adler\/historie\/","url":"https:\/\/www.adler-tgm.de\/hotel-schwarzer-adler\/historie\/","name":"Historie - Hotel Schwarzer Adler Tangerm\u00fcnde","isPartOf":{"@id":"https:\/\/www.adler-tgm.de\/#website"},"primaryImageOfPage":{"@id":"https:\/\/www.adler-tgm.de\/hotel-schwarzer-adler\/historie\/#primaryimage"},"image":{"@id":"https:\/\/www.adler-tgm.de\/hotel-schwarzer-adler\/historie\/#primaryimage"},"thumbnailUrl":"https:\/\/www.adler-tgm.de\/wp-content\/uploads\/2021\/01\/IMG_4346.jpg","datePublished":"2021-01-05T11:54:00+00:00","dateModified":"2021-01-07T11:23:15+00:00","breadcrumb":{"@id":"https:\/\/www.adler-tgm.de\/hotel-schwarzer-adler\/historie\/#breadcrumb"},"inLanguage":"en-GB","potentialAction":[{"@type":"ReadAction","target":["https:\/\/www.adler-tgm.de\/hotel-schwarzer-adler\/historie\/"]}]},{"@type":"ImageObject","inLanguage":"en-GB","@id":"https:\/\/www.adler-tgm.de\/hotel-schwarzer-adler\/historie\/#primaryimage","url":"https:\/\/www.adler-tgm.de\/wp-content\/uploads\/2021\/01\/IMG_4346.jpg","contentUrl":"https:\/\/www.adler-tgm.de\/wp-content\/uploads\/2021\/01\/IMG_4346.jpg","width":2000,"height":1333},{"@type":"BreadcrumbList","@id":"https:\/\/www.adler-tgm.de\/hotel-schwarzer-adler\/historie\/#breadcrumb","itemListElement":[{"@type":"ListItem","position":1,"name":"Startseite","item":"https:\/\/www.adler-tgm.de\/"},{"@type":"ListItem","position":2,"name":"Hotel Schwarzer Adler","item":"https:\/\/www.adler-tgm.de\/hotel-schwarzer-adler\/"},{"@type":"ListItem","position":3,"name":"Historie"}]},{"@type":"WebSite","@id":"https:\/\/www.adler-tgm.de\/#website","url":"https:\/\/www.adler-tgm.de\/","name":"Hotel Schwarzer Adler Tangerm\u00fcnde","description":"Ihr Hotel in der Kaiserstadt Tangerm\u00fcnde","publisher":{"@id":"https:\/\/www.adler-tgm.de\/#organization"},"potentialAction":[{"@type":"SearchAction","target":{"@type":"EntryPoint","urlTemplate":"https:\/\/www.adler-tgm.de\/?s={search_term_string}"},"query-input":{"@type":"PropertyValueSpecification","valueRequired":true,"valueName":"search_term_string"}}],"inLanguage":"en-GB"},{"@type":"Organization","@id":"https:\/\/www.adler-tgm.de\/#organization","name":"Hotel Schwarzer Adler Tangerm\u00fcnde","url":"https:\/\/www.adler-tgm.de\/","logo":{"@type":"ImageObject","inLanguage":"en-GB","@id":"https:\/\/www.adler-tgm.de\/#\/schema\/logo\/image\/","url":"https:\/\/www.adler-tgm.de\/wp-content\/uploads\/2021\/01\/logo.png","contentUrl":"https:\/\/www.adler-tgm.de\/wp-content\/uploads\/2021\/01\/logo.png","width":326,"height":261,"caption":"Hotel Schwarzer Adler Tangerm\u00fcnde"},"image":{"@id":"https:\/\/www.adler-tgm.de\/#\/schema\/logo\/image\/"}}]}},"_links":{"self":[{"href":"https:\/\/www.adler-tgm.de\/en\/wp-json\/wp\/v2\/pages\/102","targetHints":{"allow":["GET"]}}],"collection":[{"href":"https:\/\/www.adler-tgm.de\/en\/wp-json\/wp\/v2\/pages"}],"about":[{"href":"https:\/\/www.adler-tgm.de\/en\/wp-json\/wp\/v2\/types\/page"}],"author":[{"embeddable":true,"href":"https:\/\/www.adler-tgm.de\/en\/wp-json\/wp\/v2\/users\/1"}],"replies":[{"embeddable":true,"href":"https:\/\/www.adler-tgm.de\/en\/wp-json\/wp\/v2\/comments?post=102"}],"version-history":[{"count":7,"href":"https:\/\/www.adler-tgm.de\/en\/wp-json\/wp\/v2\/pages\/102\/revisions"}],"predecessor-version":[{"id":259,"href":"https:\/\/www.adler-tgm.de\/en\/wp-json\/wp\/v2\/pages\/102\/revisions\/259"}],"up":[{"embeddable":true,"href":"https:\/\/www.adler-tgm.de\/en\/wp-json\/wp\/v2\/pages\/83"}],"wp:featuredmedia":[{"embeddable":true,"href":"https:\/\/www.adler-tgm.de\/en\/wp-json\/wp\/v2\/media\/56"}],"wp:attachment":[{"href":"https:\/\/www.adler-tgm.de\/en\/wp-json\/wp\/v2\/media?parent=102"}],"curies":[{"name":"wp","href":"https:\/\/api.w.org\/{rel}","templated":true}]}}