{"id":112,"date":"2021-01-05T12:56:13","date_gmt":"2021-01-05T11:56:13","guid":{"rendered":"http:\/\/wp.adler-tgm.de\/?page_id=112"},"modified":"2024-09-11T14:08:51","modified_gmt":"2024-09-11T12:08:51","slug":"fahrradverleih","status":"publish","type":"page","link":"https:\/\/www.adler-tgm.de\/en\/freizeit\/fahrradverleih\/","title":{"rendered":"Fahrradverleih"},"content":{"rendered":"<div data-elementor-type=\"wp-page\" data-elementor-id=\"112\" class=\"elementor elementor-112\" data-elementor-post-type=\"page\">\n\t\t\t\t\t\t<section class=\"elementor-section elementor-top-section elementor-element elementor-element-e69c264 elementor-section-boxed elementor-section-height-default elementor-section-height-default\" data-id=\"e69c264\" data-element_type=\"section\" data-e-type=\"section\">\n\t\t\t\t\t\t<div class=\"elementor-container elementor-column-gap-default\">\n\t\t\t\t\t<div class=\"elementor-column elementor-col-100 elementor-top-column elementor-element elementor-element-3572770\" data-id=\"3572770\" data-element_type=\"column\" data-e-type=\"column\">\n\t\t\t<div class=\"elementor-widget-wrap elementor-element-populated\">\n\t\t\t\t\t\t<div class=\"elementor-element elementor-element-69eb11b elementor-widget elementor-widget-heading\" data-id=\"69eb11b\" data-element_type=\"widget\" data-e-type=\"widget\" data-widget_type=\"heading.default\">\n\t\t\t\t<div class=\"elementor-widget-container\">\n\t\t\t\t\t<h2 class=\"elementor-heading-title elementor-size-default\">Unterwegs mit dem Fahrrad durch die Natur<\/h2>\t\t\t\t<\/div>\n\t\t\t\t<\/div>\n\t\t\t\t<div class=\"elementor-element elementor-element-86dbcca elementor-widget elementor-widget-text-editor\" data-id=\"86dbcca\" data-element_type=\"widget\" data-e-type=\"widget\" data-widget_type=\"text-editor.default\">\n\t\t\t\t<div class=\"elementor-widget-container\">\n\t\t\t\t\t\t\t\t\t<p>Lernen Sie die Altmark kennen &#8211; am besten auf dem Fahrrad. Wir bieten Ihnen in unserem Fahrradverleih das richtige Rad f\u00fcr Ihre Erkundungstour an.&nbsp;<span style=\"color: var( --e-global-color-secondary ); font-size: 1rem;\">Immer einen Ausflug wert ist zum Beispiel der<\/span><span style=\"color: var( --e-global-color-secondary ); font-size: 1rem;\">&nbsp;<\/span><a href=\"http:\/\/www.elberadweg.de\/prospekte-service\/prospektbestellung.html\" data-saferedirecturl=\"https:\/\/www.google.com\/url?q=http:\/\/www.elberadweg.de\/prospekte-service\/prospektbestellung.html&amp;source=gmail&amp;ust=1694849702666000&amp;usg=AOvVaw25izRhsbul3I5e9sFpCT-O\" style=\"background-color: rgb(255, 255, 255); font-size: 1rem;\"><strong>Elberadweg<\/strong><\/a><span style=\"color: var( --e-global-color-secondary ); font-size: 1rem;\">.&nbsp;Kontaktieren Sie uns w\u00e4hrend Ihres Aufenthalts.<\/span><\/p>\n<p>Fahrradverleih ab 12,00 \u20ac \/ Tag<\/p>\n<p>Der Fahrradverleih ist nur f\u00fcr Hotelg\u00e4ste m\u00f6glich.<\/p>\t\t\t\t\t\t\t\t<\/div>\n\t\t\t\t<\/div>\n\t\t\t\t\t<\/div>\n\t\t<\/div>\n\t\t\t\t\t<\/div>\n\t\t<\/section>\n\t\t\t\t<\/div>","protected":false},"excerpt":{"rendered":"<p>Unterwegs mit dem Fahrrad durch die Natur Lernen Sie die Altmark kennen &#8211; am besten auf dem Fahrrad. Wir bieten Ihnen in unserem Fahrradverleih das richtige Rad f\u00fcr Ihre Erkundungstour an.&nbsp;Immer einen Ausflug wert ist zum Beispiel der&nbsp;Elberadweg.&nbsp;Kontaktieren Sie uns w\u00e4hrend Ihres Aufenthalts. Fahrradverleih ab 12,00 \u20ac \/ Tag Der Fahrradverleih ist nur f\u00fcr Hotelg\u00e4ste [&hellip;]<\/p>\n","protected":false},"author":1,"featured_media":56,"parent":91,"menu_order":0,"comment_status":"closed","ping_status":"closed","template":"","meta":{"footnotes":""},"class_list":["post-112","page","type-page","status-publish","has-post-thumbnail","hentry"],"yoast_head":"<!-- This site is optimized with the Yoast SEO plugin v27.4 - https:\/\/yoast.com\/product\/yoast-seo-wordpress\/ -->\n<title>Fahrradverleih - Hotel Schwarzer Adler Tangerm\u00fcnde<\/title>\n<meta name=\"robots\" content=\"index, follow, max-snippet:-1, max-image-preview:large, max-video-preview:-1\" \/>\n<link rel=\"canonical\" href=\"https:\/\/www.adler-tgm.de\/en\/freizeit\/fahrradverleih\/\" \/>\n<meta property=\"og:locale\" content=\"en_GB\" \/>\n<meta property=\"og:type\" content=\"article\" \/>\n<meta property=\"og:title\" content=\"Fahrradverleih - Hotel Schwarzer Adler Tangerm\u00fcnde\" \/>\n<meta property=\"og:description\" content=\"Unterwegs mit dem Fahrrad durch die Natur Lernen Sie die Altmark kennen &#8211; am besten auf dem Fahrrad. Wir bieten Ihnen in unserem Fahrradverleih das richtige Rad f\u00fcr Ihre Erkundungstour an.&nbsp;Immer einen Ausflug wert ist zum Beispiel der&nbsp;Elberadweg.&nbsp;Kontaktieren Sie uns w\u00e4hrend Ihres Aufenthalts. Fahrradverleih ab 12,00 \u20ac \/ Tag Der Fahrradverleih ist nur f\u00fcr Hotelg\u00e4ste [&hellip;]\" \/>\n<meta property=\"og:url\" content=\"https:\/\/www.adler-tgm.de\/en\/freizeit\/fahrradverleih\/\" \/>\n<meta property=\"og:site_name\" content=\"Hotel Schwarzer Adler Tangerm\u00fcnde\" \/>\n<meta property=\"article:modified_time\" content=\"2024-09-11T12:08:51+00:00\" \/>\n<meta property=\"og:image\" content=\"https:\/\/www.adler-tgm.de\/wp-content\/uploads\/2021\/01\/IMG_4346-1024x682.jpg\" \/>\n\t<meta property=\"og:image:width\" content=\"1024\" \/>\n\t<meta property=\"og:image:height\" content=\"682\" \/>\n\t<meta property=\"og:image:type\" content=\"image\/jpeg\" \/>\n<meta name=\"twitter:card\" content=\"summary_large_image\" \/>\n<meta name=\"twitter:label1\" content=\"Estimated reading time\" \/>\n\t<meta name=\"twitter:data1\" content=\"1 minute\" \/>\n<script type=\"application\/ld+json\" class=\"yoast-schema-graph\">{\"@context\":\"https:\\\/\\\/schema.org\",\"@graph\":[{\"@type\":\"WebPage\",\"@id\":\"https:\\\/\\\/www.adler-tgm.de\\\/freizeit\\\/fahrradverleih\\\/\",\"url\":\"https:\\\/\\\/www.adler-tgm.de\\\/freizeit\\\/fahrradverleih\\\/\",\"name\":\"Fahrradverleih - Hotel Schwarzer Adler Tangerm\u00fcnde\",\"isPartOf\":{\"@id\":\"https:\\\/\\\/www.adler-tgm.de\\\/#website\"},\"primaryImageOfPage\":{\"@id\":\"https:\\\/\\\/www.adler-tgm.de\\\/freizeit\\\/fahrradverleih\\\/#primaryimage\"},\"image\":{\"@id\":\"https:\\\/\\\/www.adler-tgm.de\\\/freizeit\\\/fahrradverleih\\\/#primaryimage\"},\"thumbnailUrl\":\"https:\\\/\\\/www.adler-tgm.de\\\/wp-content\\\/uploads\\\/2021\\\/01\\\/IMG_4346.jpg\",\"datePublished\":\"2021-01-05T11:56:13+00:00\",\"dateModified\":\"2024-09-11T12:08:51+00:00\",\"breadcrumb\":{\"@id\":\"https:\\\/\\\/www.adler-tgm.de\\\/freizeit\\\/fahrradverleih\\\/#breadcrumb\"},\"inLanguage\":\"en-GB\",\"potentialAction\":[{\"@type\":\"ReadAction\",\"target\":[\"https:\\\/\\\/www.adler-tgm.de\\\/freizeit\\\/fahrradverleih\\\/\"]}]},{\"@type\":\"ImageObject\",\"inLanguage\":\"en-GB\",\"@id\":\"https:\\\/\\\/www.adler-tgm.de\\\/freizeit\\\/fahrradverleih\\\/#primaryimage\",\"url\":\"https:\\\/\\\/www.adler-tgm.de\\\/wp-content\\\/uploads\\\/2021\\\/01\\\/IMG_4346.jpg\",\"contentUrl\":\"https:\\\/\\\/www.adler-tgm.de\\\/wp-content\\\/uploads\\\/2021\\\/01\\\/IMG_4346.jpg\",\"width\":2000,\"height\":1333},{\"@type\":\"BreadcrumbList\",\"@id\":\"https:\\\/\\\/www.adler-tgm.de\\\/freizeit\\\/fahrradverleih\\\/#breadcrumb\",\"itemListElement\":[{\"@type\":\"ListItem\",\"position\":1,\"name\":\"Startseite\",\"item\":\"https:\\\/\\\/www.adler-tgm.de\\\/\"},{\"@type\":\"ListItem\",\"position\":2,\"name\":\"Freizeit\",\"item\":\"https:\\\/\\\/www.adler-tgm.de\\\/en\\\/freizeit\\\/\"},{\"@type\":\"ListItem\",\"position\":3,\"name\":\"Fahrradverleih\"}]},{\"@type\":\"WebSite\",\"@id\":\"https:\\\/\\\/www.adler-tgm.de\\\/#website\",\"url\":\"https:\\\/\\\/www.adler-tgm.de\\\/\",\"name\":\"Hotel Schwarzer Adler Tangerm\u00fcnde\",\"description\":\"Ihr Hotel in der Kaiserstadt Tangerm\u00fcnde\",\"publisher\":{\"@id\":\"https:\\\/\\\/www.adler-tgm.de\\\/#organization\"},\"potentialAction\":[{\"@type\":\"SearchAction\",\"target\":{\"@type\":\"EntryPoint\",\"urlTemplate\":\"https:\\\/\\\/www.adler-tgm.de\\\/?s={search_term_string}\"},\"query-input\":{\"@type\":\"PropertyValueSpecification\",\"valueRequired\":true,\"valueName\":\"search_term_string\"}}],\"inLanguage\":\"en-GB\"},{\"@type\":\"Organization\",\"@id\":\"https:\\\/\\\/www.adler-tgm.de\\\/#organization\",\"name\":\"Hotel Schwarzer Adler Tangerm\u00fcnde\",\"url\":\"https:\\\/\\\/www.adler-tgm.de\\\/\",\"logo\":{\"@type\":\"ImageObject\",\"inLanguage\":\"en-GB\",\"@id\":\"https:\\\/\\\/www.adler-tgm.de\\\/#\\\/schema\\\/logo\\\/image\\\/\",\"url\":\"https:\\\/\\\/www.adler-tgm.de\\\/wp-content\\\/uploads\\\/2021\\\/01\\\/logo.png\",\"contentUrl\":\"https:\\\/\\\/www.adler-tgm.de\\\/wp-content\\\/uploads\\\/2021\\\/01\\\/logo.png\",\"width\":326,\"height\":261,\"caption\":\"Hotel Schwarzer Adler Tangerm\u00fcnde\"},\"image\":{\"@id\":\"https:\\\/\\\/www.adler-tgm.de\\\/#\\\/schema\\\/logo\\\/image\\\/\"}}]}<\/script>\n<!-- \/ Yoast SEO plugin. -->","yoast_head_json":{"title":"Fahrradverleih - Hotel Schwarzer Adler Tangerm\u00fcnde","robots":{"index":"index","follow":"follow","max-snippet":"max-snippet:-1","max-image-preview":"max-image-preview:large","max-video-preview":"max-video-preview:-1"},"canonical":"https:\/\/www.adler-tgm.de\/en\/freizeit\/fahrradverleih\/","og_locale":"en_GB","og_type":"article","og_title":"Fahrradverleih - Hotel Schwarzer Adler Tangerm\u00fcnde","og_description":"Unterwegs mit dem Fahrrad durch die Natur Lernen Sie die Altmark kennen &#8211; am besten auf dem Fahrrad. Wir bieten Ihnen in unserem Fahrradverleih das richtige Rad f\u00fcr Ihre Erkundungstour an.&nbsp;Immer einen Ausflug wert ist zum Beispiel der&nbsp;Elberadweg.&nbsp;Kontaktieren Sie uns w\u00e4hrend Ihres Aufenthalts. Fahrradverleih ab 12,00 \u20ac \/ Tag Der Fahrradverleih ist nur f\u00fcr Hotelg\u00e4ste [&hellip;]","og_url":"https:\/\/www.adler-tgm.de\/en\/freizeit\/fahrradverleih\/","og_site_name":"Hotel Schwarzer Adler Tangerm\u00fcnde","article_modified_time":"2024-09-11T12:08:51+00:00","og_image":[{"width":1024,"height":682,"url":"https:\/\/www.adler-tgm.de\/wp-content\/uploads\/2021\/01\/IMG_4346-1024x682.jpg","type":"image\/jpeg"}],"twitter_card":"summary_large_image","twitter_misc":{"Estimated reading time":"1 minute"},"schema":{"@context":"https:\/\/schema.org","@graph":[{"@type":"WebPage","@id":"https:\/\/www.adler-tgm.de\/freizeit\/fahrradverleih\/","url":"https:\/\/www.adler-tgm.de\/freizeit\/fahrradverleih\/","name":"Fahrradverleih - Hotel Schwarzer Adler Tangerm\u00fcnde","isPartOf":{"@id":"https:\/\/www.adler-tgm.de\/#website"},"primaryImageOfPage":{"@id":"https:\/\/www.adler-tgm.de\/freizeit\/fahrradverleih\/#primaryimage"},"image":{"@id":"https:\/\/www.adler-tgm.de\/freizeit\/fahrradverleih\/#primaryimage"},"thumbnailUrl":"https:\/\/www.adler-tgm.de\/wp-content\/uploads\/2021\/01\/IMG_4346.jpg","datePublished":"2021-01-05T11:56:13+00:00","dateModified":"2024-09-11T12:08:51+00:00","breadcrumb":{"@id":"https:\/\/www.adler-tgm.de\/freizeit\/fahrradverleih\/#breadcrumb"},"inLanguage":"en-GB","potentialAction":[{"@type":"ReadAction","target":["https:\/\/www.adler-tgm.de\/freizeit\/fahrradverleih\/"]}]},{"@type":"ImageObject","inLanguage":"en-GB","@id":"https:\/\/www.adler-tgm.de\/freizeit\/fahrradverleih\/#primaryimage","url":"https:\/\/www.adler-tgm.de\/wp-content\/uploads\/2021\/01\/IMG_4346.jpg","contentUrl":"https:\/\/www.adler-tgm.de\/wp-content\/uploads\/2021\/01\/IMG_4346.jpg","width":2000,"height":1333},{"@type":"BreadcrumbList","@id":"https:\/\/www.adler-tgm.de\/freizeit\/fahrradverleih\/#breadcrumb","itemListElement":[{"@type":"ListItem","position":1,"name":"Startseite","item":"https:\/\/www.adler-tgm.de\/"},{"@type":"ListItem","position":2,"name":"Freizeit","item":"https:\/\/www.adler-tgm.de\/en\/freizeit\/"},{"@type":"ListItem","position":3,"name":"Fahrradverleih"}]},{"@type":"WebSite","@id":"https:\/\/www.adler-tgm.de\/#website","url":"https:\/\/www.adler-tgm.de\/","name":"Hotel Schwarzer Adler Tangerm\u00fcnde","description":"Ihr Hotel in der Kaiserstadt Tangerm\u00fcnde","publisher":{"@id":"https:\/\/www.adler-tgm.de\/#organization"},"potentialAction":[{"@type":"SearchAction","target":{"@type":"EntryPoint","urlTemplate":"https:\/\/www.adler-tgm.de\/?s={search_term_string}"},"query-input":{"@type":"PropertyValueSpecification","valueRequired":true,"valueName":"search_term_string"}}],"inLanguage":"en-GB"},{"@type":"Organization","@id":"https:\/\/www.adler-tgm.de\/#organization","name":"Hotel Schwarzer Adler Tangerm\u00fcnde","url":"https:\/\/www.adler-tgm.de\/","logo":{"@type":"ImageObject","inLanguage":"en-GB","@id":"https:\/\/www.adler-tgm.de\/#\/schema\/logo\/image\/","url":"https:\/\/www.adler-tgm.de\/wp-content\/uploads\/2021\/01\/logo.png","contentUrl":"https:\/\/www.adler-tgm.de\/wp-content\/uploads\/2021\/01\/logo.png","width":326,"height":261,"caption":"Hotel Schwarzer Adler Tangerm\u00fcnde"},"image":{"@id":"https:\/\/www.adler-tgm.de\/#\/schema\/logo\/image\/"}}]}},"_links":{"self":[{"href":"https:\/\/www.adler-tgm.de\/en\/wp-json\/wp\/v2\/pages\/112","targetHints":{"allow":["GET"]}}],"collection":[{"href":"https:\/\/www.adler-tgm.de\/en\/wp-json\/wp\/v2\/pages"}],"about":[{"href":"https:\/\/www.adler-tgm.de\/en\/wp-json\/wp\/v2\/types\/page"}],"author":[{"embeddable":true,"href":"https:\/\/www.adler-tgm.de\/en\/wp-json\/wp\/v2\/users\/1"}],"replies":[{"embeddable":true,"href":"https:\/\/www.adler-tgm.de\/en\/wp-json\/wp\/v2\/comments?post=112"}],"version-history":[{"count":10,"href":"https:\/\/www.adler-tgm.de\/en\/wp-json\/wp\/v2\/pages\/112\/revisions"}],"predecessor-version":[{"id":672,"href":"https:\/\/www.adler-tgm.de\/en\/wp-json\/wp\/v2\/pages\/112\/revisions\/672"}],"up":[{"embeddable":true,"href":"https:\/\/www.adler-tgm.de\/en\/wp-json\/wp\/v2\/pages\/91"}],"wp:featuredmedia":[{"embeddable":true,"href":"https:\/\/www.adler-tgm.de\/en\/wp-json\/wp\/v2\/media\/56"}],"wp:attachment":[{"href":"https:\/\/www.adler-tgm.de\/en\/wp-json\/wp\/v2\/media?parent=112"}],"curies":[{"name":"wp","href":"https:\/\/api.w.org\/{rel}","templated":true}]}}