{"id":114,"date":"2021-01-05T12:56:33","date_gmt":"2021-01-05T11:56:33","guid":{"rendered":"http:\/\/wp.adler-tgm.de\/?page_id=114"},"modified":"2021-01-07T14:25:48","modified_gmt":"2021-01-07T13:25:48","slug":"die-region-erkunden","status":"publish","type":"page","link":"https:\/\/www.adler-tgm.de\/en\/freizeit\/die-region-erkunden\/","title":{"rendered":"Die Region erkunden"},"content":{"rendered":"<div data-elementor-type=\"wp-page\" data-elementor-id=\"114\" class=\"elementor elementor-114\" data-elementor-post-type=\"page\">\n\t\t\t\t\t\t<section class=\"elementor-section elementor-top-section elementor-element elementor-element-047a54d elementor-section-boxed elementor-section-height-default elementor-section-height-default\" data-id=\"047a54d\" data-element_type=\"section\" data-e-type=\"section\">\n\t\t\t\t\t\t<div class=\"elementor-container elementor-column-gap-default\">\n\t\t\t\t\t<div class=\"elementor-column elementor-col-100 elementor-top-column elementor-element elementor-element-3fde65f\" data-id=\"3fde65f\" data-element_type=\"column\" data-e-type=\"column\">\n\t\t\t<div class=\"elementor-widget-wrap elementor-element-populated\">\n\t\t\t\t\t\t<div class=\"elementor-element elementor-element-6656c8b elementor-widget elementor-widget-text-editor\" data-id=\"6656c8b\" data-element_type=\"widget\" data-e-type=\"widget\" data-widget_type=\"text-editor.default\">\n\t\t\t\t<div class=\"elementor-widget-container\">\n\t\t\t\t\t\t\t\t\t<p>Erkunden Sie unsere Region mit all ihren interessanten Ausflugszielen zu Fu\u00df oder mit dem Rad, beginnend in Arendsee bis nach Stendal &#8230;<\/p>\t\t\t\t\t\t\t\t<\/div>\n\t\t\t\t<\/div>\n\t\t\t\t\t<\/div>\n\t\t<\/div>\n\t\t\t\t\t<\/div>\n\t\t<\/section>\n\t\t\t\t<section class=\"elementor-section elementor-top-section elementor-element elementor-element-39689ac1 elementor-section-boxed elementor-section-height-default elementor-section-height-default\" data-id=\"39689ac1\" data-element_type=\"section\" data-e-type=\"section\">\n\t\t\t\t\t\t<div class=\"elementor-container elementor-column-gap-default\">\n\t\t\t\t\t<div class=\"elementor-column elementor-col-100 elementor-top-column elementor-element elementor-element-4a37a9c3\" data-id=\"4a37a9c3\" data-element_type=\"column\" data-e-type=\"column\">\n\t\t\t<div class=\"elementor-widget-wrap elementor-element-populated\">\n\t\t\t\t\t\t<div class=\"elementor-element elementor-element-29391657 elementor-grid-2 elementor-grid-tablet-2 elementor-grid-mobile-1 elementor-posts--thumbnail-top elementor-card-shadow-yes elementor-posts__hover-gradient elementor-widget elementor-widget-posts\" data-id=\"29391657\" data-element_type=\"widget\" data-e-type=\"widget\" data-settings=\"{&quot;cards_columns&quot;:&quot;2&quot;,&quot;cards_columns_tablet&quot;:&quot;2&quot;,&quot;cards_columns_mobile&quot;:&quot;1&quot;,&quot;cards_row_gap&quot;:{&quot;unit&quot;:&quot;px&quot;,&quot;size&quot;:35,&quot;sizes&quot;:[]},&quot;cards_row_gap_tablet&quot;:{&quot;unit&quot;:&quot;px&quot;,&quot;size&quot;:&quot;&quot;,&quot;sizes&quot;:[]},&quot;cards_row_gap_mobile&quot;:{&quot;unit&quot;:&quot;px&quot;,&quot;size&quot;:&quot;&quot;,&quot;sizes&quot;:[]}}\" data-widget_type=\"posts.cards\">\n\t\t\t\t<div class=\"elementor-widget-container\">\n\t\t\t\t\t\t\t<div class=\"elementor-posts-container elementor-posts elementor-posts--skin-cards elementor-grid\" role=\"list\">\n\t\t\t\t<article class=\"elementor-post elementor-grid-item post-321 page type-page status-publish has-post-thumbnail hentry\" role=\"listitem\">\n\t\t\t<div class=\"elementor-post__card\">\n\t\t\t\t<a class=\"elementor-post__thumbnail__link\" href=\"https:\/\/www.adler-tgm.de\/en\/freizeit\/die-region-erkunden\/tangermuende\/\" tabindex=\"-1\" ><div class=\"elementor-post__thumbnail\"><img fetchpriority=\"high\" decoding=\"async\" width=\"300\" height=\"198\" src=\"https:\/\/www.adler-tgm.de\/wp-content\/uploads\/2021\/01\/IMG_6743-1-300x198.jpg\" class=\"attachment-medium size-medium wp-image-58\" alt=\"\" srcset=\"https:\/\/www.adler-tgm.de\/wp-content\/uploads\/2021\/01\/IMG_6743-1-300x198.jpg 300w, https:\/\/www.adler-tgm.de\/wp-content\/uploads\/2021\/01\/IMG_6743-1-1024x675.jpg 1024w, https:\/\/www.adler-tgm.de\/wp-content\/uploads\/2021\/01\/IMG_6743-1-768x506.jpg 768w, https:\/\/www.adler-tgm.de\/wp-content\/uploads\/2021\/01\/IMG_6743-1-1536x1012.jpg 1536w, https:\/\/www.adler-tgm.de\/wp-content\/uploads\/2021\/01\/IMG_6743-1.jpg 2000w\" sizes=\"(max-width: 300px) 100vw, 300px\" \/><\/div><\/a>\n\t\t\t\t<div class=\"elementor-post__text\">\n\t\t\t\t<h3 class=\"elementor-post__title\">\n\t\t\t<a href=\"https:\/\/www.adler-tgm.de\/en\/freizeit\/die-region-erkunden\/tangermuende\/\" >\n\t\t\t\tTangerm\u00fcnde\t\t\t<\/a>\n\t\t<\/h3>\n\t\t\t\t<div class=\"elementor-post__excerpt\">\n\t\t\t<p>Tangerm\u00fcnde &#8211; eine Stadt mit Geschichte, mit T\u00fcrmen, Toren, Fachwerkh\u00e4usern und verwinkelten Gassen Bereits im<\/p>\n\t\t<\/div>\n\t\t\n\t\t<a class=\"elementor-post__read-more\" href=\"https:\/\/www.adler-tgm.de\/en\/freizeit\/die-region-erkunden\/tangermuende\/\" aria-label=\"Read more about Tangerm\u00fcnde\" tabindex=\"-1\" >\n\t\t\tAnschauen \u00bb\t\t<\/a>\n\n\t\t\t\t<\/div>\n\t\t\t\t\t<\/div>\n\t\t<\/article>\n\t\t\t\t<article class=\"elementor-post elementor-grid-item post-326 page type-page status-publish has-post-thumbnail hentry\" role=\"listitem\">\n\t\t\t<div class=\"elementor-post__card\">\n\t\t\t\t<a class=\"elementor-post__thumbnail__link\" href=\"https:\/\/www.adler-tgm.de\/en\/freizeit\/die-region-erkunden\/staedte-umgebung\/\" tabindex=\"-1\" ><div class=\"elementor-post__thumbnail\"><img decoding=\"async\" width=\"300\" height=\"200\" data-src=\"https:\/\/www.adler-tgm.de\/wp-content\/uploads\/2021\/01\/DSC04184-300x200.jpg\" class=\"attachment-medium size-medium wp-image-55 lazyload\" alt=\"\" data-srcset=\"https:\/\/www.adler-tgm.de\/wp-content\/uploads\/2021\/01\/DSC04184-300x200.jpg 300w, https:\/\/www.adler-tgm.de\/wp-content\/uploads\/2021\/01\/DSC04184-1024x682.jpg 1024w, https:\/\/www.adler-tgm.de\/wp-content\/uploads\/2021\/01\/DSC04184-768x512.jpg 768w, https:\/\/www.adler-tgm.de\/wp-content\/uploads\/2021\/01\/DSC04184-1536x1024.jpg 1536w, https:\/\/www.adler-tgm.de\/wp-content\/uploads\/2021\/01\/DSC04184.jpg 2000w\" data-sizes=\"(max-width: 300px) 100vw, 300px\" src=\"data:image\/svg+xml;base64,PHN2ZyB3aWR0aD0iMSIgaGVpZ2h0PSIxIiB4bWxucz0iaHR0cDovL3d3dy53My5vcmcvMjAwMC9zdmciPjwvc3ZnPg==\" style=\"--smush-placeholder-width: 300px; --smush-placeholder-aspect-ratio: 300\/200;\" \/><\/div><\/a>\n\t\t\t\t<div class=\"elementor-post__text\">\n\t\t\t\t<h3 class=\"elementor-post__title\">\n\t\t\t<a href=\"https:\/\/www.adler-tgm.de\/en\/freizeit\/die-region-erkunden\/staedte-umgebung\/\" >\n\t\t\t\tSt\u00e4dte &#038; Umgebung\t\t\t<\/a>\n\t\t<\/h3>\n\t\t\t\t<div class=\"elementor-post__excerpt\">\n\t\t\t<p>Reisen Sie durch die Altmark und erkunden Sie historische St\u00e4dte. Stendal Das an der Uchte<\/p>\n\t\t<\/div>\n\t\t\n\t\t<a class=\"elementor-post__read-more\" href=\"https:\/\/www.adler-tgm.de\/en\/freizeit\/die-region-erkunden\/staedte-umgebung\/\" aria-label=\"Read more about St\u00e4dte &#038; Umgebung\" tabindex=\"-1\" >\n\t\t\tAnschauen \u00bb\t\t<\/a>\n\n\t\t\t\t<\/div>\n\t\t\t\t\t<\/div>\n\t\t<\/article>\n\t\t\t\t<article class=\"elementor-post elementor-grid-item post-338 page type-page status-publish has-post-thumbnail hentry\" role=\"listitem\">\n\t\t\t<div class=\"elementor-post__card\">\n\t\t\t\t<a class=\"elementor-post__thumbnail__link\" href=\"https:\/\/www.adler-tgm.de\/en\/freizeit\/die-region-erkunden\/ausflugsziele\/\" tabindex=\"-1\" ><div class=\"elementor-post__thumbnail\"><img decoding=\"async\" width=\"300\" height=\"200\" data-src=\"https:\/\/www.adler-tgm.de\/wp-content\/uploads\/2021\/01\/tgm_biergarten-300x200.jpg\" class=\"attachment-medium size-medium wp-image-61 lazyload\" alt=\"\" data-srcset=\"https:\/\/www.adler-tgm.de\/wp-content\/uploads\/2021\/01\/tgm_biergarten-300x200.jpg 300w, https:\/\/www.adler-tgm.de\/wp-content\/uploads\/2021\/01\/tgm_biergarten-1024x682.jpg 1024w, https:\/\/www.adler-tgm.de\/wp-content\/uploads\/2021\/01\/tgm_biergarten-768x512.jpg 768w, https:\/\/www.adler-tgm.de\/wp-content\/uploads\/2021\/01\/tgm_biergarten-1536x1024.jpg 1536w, https:\/\/www.adler-tgm.de\/wp-content\/uploads\/2021\/01\/tgm_biergarten.jpg 2000w\" data-sizes=\"(max-width: 300px) 100vw, 300px\" src=\"data:image\/svg+xml;base64,PHN2ZyB3aWR0aD0iMSIgaGVpZ2h0PSIxIiB4bWxucz0iaHR0cDovL3d3dy53My5vcmcvMjAwMC9zdmciPjwvc3ZnPg==\" style=\"--smush-placeholder-width: 300px; --smush-placeholder-aspect-ratio: 300\/200;\" \/><\/div><\/a>\n\t\t\t\t<div class=\"elementor-post__text\">\n\t\t\t\t<h3 class=\"elementor-post__title\">\n\t\t\t<a href=\"https:\/\/www.adler-tgm.de\/en\/freizeit\/die-region-erkunden\/ausflugsziele\/\" >\n\t\t\t\tAusflugsziele\t\t\t<\/a>\n\t\t<\/h3>\n\t\t\t\t<div class=\"elementor-post__excerpt\">\n\t\t\t<p>Zichtauer Berge Die Zichtauer Berge unweit von Gardelegen, mit Schluchten, sanften Wiesen, W\u00e4ldern und einer<\/p>\n\t\t<\/div>\n\t\t\n\t\t<a class=\"elementor-post__read-more\" href=\"https:\/\/www.adler-tgm.de\/en\/freizeit\/die-region-erkunden\/ausflugsziele\/\" aria-label=\"Read more about Ausflugsziele\" tabindex=\"-1\" >\n\t\t\tAnschauen \u00bb\t\t<\/a>\n\n\t\t\t\t<\/div>\n\t\t\t\t\t<\/div>\n\t\t<\/article>\n\t\t\t\t<article class=\"elementor-post elementor-grid-item post-349 page type-page status-publish has-post-thumbnail hentry\" role=\"listitem\">\n\t\t\t<div class=\"elementor-post__card\">\n\t\t\t\t<a class=\"elementor-post__thumbnail__link\" href=\"https:\/\/www.adler-tgm.de\/en\/freizeit\/die-region-erkunden\/wandern-radwandern\/\" tabindex=\"-1\" ><div class=\"elementor-post__thumbnail\"><img decoding=\"async\" width=\"300\" height=\"200\" data-src=\"https:\/\/www.adler-tgm.de\/wp-content\/uploads\/2021\/01\/IMG_4346-300x200.jpg\" class=\"attachment-medium size-medium wp-image-56 lazyload\" alt=\"\" data-srcset=\"https:\/\/www.adler-tgm.de\/wp-content\/uploads\/2021\/01\/IMG_4346-300x200.jpg 300w, https:\/\/www.adler-tgm.de\/wp-content\/uploads\/2021\/01\/IMG_4346-1024x682.jpg 1024w, https:\/\/www.adler-tgm.de\/wp-content\/uploads\/2021\/01\/IMG_4346-768x512.jpg 768w, https:\/\/www.adler-tgm.de\/wp-content\/uploads\/2021\/01\/IMG_4346-1536x1024.jpg 1536w, https:\/\/www.adler-tgm.de\/wp-content\/uploads\/2021\/01\/IMG_4346.jpg 2000w\" data-sizes=\"(max-width: 300px) 100vw, 300px\" src=\"data:image\/svg+xml;base64,PHN2ZyB3aWR0aD0iMSIgaGVpZ2h0PSIxIiB4bWxucz0iaHR0cDovL3d3dy53My5vcmcvMjAwMC9zdmciPjwvc3ZnPg==\" style=\"--smush-placeholder-width: 300px; --smush-placeholder-aspect-ratio: 300\/200;\" \/><\/div><\/a>\n\t\t\t\t<div class=\"elementor-post__text\">\n\t\t\t\t<h3 class=\"elementor-post__title\">\n\t\t\t<a href=\"https:\/\/www.adler-tgm.de\/en\/freizeit\/die-region-erkunden\/wandern-radwandern\/\" >\n\t\t\t\tWandern &#038; Radwandern\t\t\t<\/a>\n\t\t<\/h3>\n\t\t\t\t<div class=\"elementor-post__excerpt\">\n\t\t\t<p>Natur auf Schritt und Tritt &#8230; Ob gem\u00fctlich mit dem Rad oder z\u00fcnftig zu Fu\u00df<\/p>\n\t\t<\/div>\n\t\t\n\t\t<a class=\"elementor-post__read-more\" href=\"https:\/\/www.adler-tgm.de\/en\/freizeit\/die-region-erkunden\/wandern-radwandern\/\" aria-label=\"Read more about Wandern &#038; Radwandern\" tabindex=\"-1\" >\n\t\t\tAnschauen \u00bb\t\t<\/a>\n\n\t\t\t\t<\/div>\n\t\t\t\t\t<\/div>\n\t\t<\/article>\n\t\t\t\t<\/div>\n\t\t\n\t\t\t\t\t\t<\/div>\n\t\t\t\t<\/div>\n\t\t\t\t\t<\/div>\n\t\t<\/div>\n\t\t\t\t\t<\/div>\n\t\t<\/section>\n\t\t\t\t<\/div>","protected":false},"excerpt":{"rendered":"<p>Erkunden Sie unsere Region mit all ihren interessanten Ausflugszielen zu Fu\u00df oder mit dem Rad, beginnend in Arendsee bis nach Stendal &#8230;<\/p>","protected":false},"author":1,"featured_media":55,"parent":91,"menu_order":0,"comment_status":"closed","ping_status":"closed","template":"","meta":{"footnotes":""},"class_list":["post-114","page","type-page","status-publish","has-post-thumbnail","hentry"],"yoast_head":"<!-- This site is optimized with the Yoast SEO plugin v27.4 - https:\/\/yoast.com\/product\/yoast-seo-wordpress\/ -->\n<title>Die Region erkunden - Hotel Schwarzer Adler Tangerm\u00fcnde<\/title>\n<meta name=\"robots\" content=\"index, follow, max-snippet:-1, max-image-preview:large, max-video-preview:-1\" \/>\n<link rel=\"canonical\" href=\"https:\/\/www.adler-tgm.de\/en\/freizeit\/die-region-erkunden\/\" \/>\n<meta property=\"og:locale\" content=\"en_GB\" \/>\n<meta property=\"og:type\" content=\"article\" \/>\n<meta property=\"og:title\" content=\"Die Region erkunden - Hotel Schwarzer Adler Tangerm\u00fcnde\" \/>\n<meta property=\"og:description\" content=\"Erkunden Sie unsere Region mit all ihren interessanten Ausflugszielen zu Fu\u00df oder mit dem Rad, beginnend in Arendsee bis nach Stendal &#8230;\" \/>\n<meta property=\"og:url\" content=\"https:\/\/www.adler-tgm.de\/en\/freizeit\/die-region-erkunden\/\" \/>\n<meta property=\"og:site_name\" content=\"Hotel Schwarzer Adler Tangerm\u00fcnde\" \/>\n<meta property=\"article:modified_time\" content=\"2021-01-07T13:25:48+00:00\" \/>\n<meta property=\"og:image\" content=\"https:\/\/www.adler-tgm.de\/wp-content\/uploads\/2021\/01\/DSC04184-1024x682.jpg\" \/>\n\t<meta property=\"og:image:width\" content=\"1024\" \/>\n\t<meta property=\"og:image:height\" content=\"682\" \/>\n\t<meta property=\"og:image:type\" content=\"image\/jpeg\" \/>\n<meta name=\"twitter:card\" content=\"summary_large_image\" \/>\n<script type=\"application\/ld+json\" class=\"yoast-schema-graph\">{\"@context\":\"https:\\\/\\\/schema.org\",\"@graph\":[{\"@type\":\"WebPage\",\"@id\":\"https:\\\/\\\/www.adler-tgm.de\\\/en\\\/freizeit\\\/die-region-erkunden\\\/\",\"url\":\"https:\\\/\\\/www.adler-tgm.de\\\/en\\\/freizeit\\\/die-region-erkunden\\\/\",\"name\":\"Die Region erkunden - Hotel Schwarzer Adler Tangerm\u00fcnde\",\"isPartOf\":{\"@id\":\"https:\\\/\\\/www.adler-tgm.de\\\/#website\"},\"primaryImageOfPage\":{\"@id\":\"https:\\\/\\\/www.adler-tgm.de\\\/en\\\/freizeit\\\/die-region-erkunden\\\/#primaryimage\"},\"image\":{\"@id\":\"https:\\\/\\\/www.adler-tgm.de\\\/en\\\/freizeit\\\/die-region-erkunden\\\/#primaryimage\"},\"thumbnailUrl\":\"https:\\\/\\\/www.adler-tgm.de\\\/wp-content\\\/uploads\\\/2021\\\/01\\\/DSC04184.jpg\",\"datePublished\":\"2021-01-05T11:56:33+00:00\",\"dateModified\":\"2021-01-07T13:25:48+00:00\",\"breadcrumb\":{\"@id\":\"https:\\\/\\\/www.adler-tgm.de\\\/en\\\/freizeit\\\/die-region-erkunden\\\/#breadcrumb\"},\"inLanguage\":\"en-GB\",\"potentialAction\":[{\"@type\":\"ReadAction\",\"target\":[\"https:\\\/\\\/www.adler-tgm.de\\\/en\\\/freizeit\\\/die-region-erkunden\\\/\"]}]},{\"@type\":\"ImageObject\",\"inLanguage\":\"en-GB\",\"@id\":\"https:\\\/\\\/www.adler-tgm.de\\\/en\\\/freizeit\\\/die-region-erkunden\\\/#primaryimage\",\"url\":\"https:\\\/\\\/www.adler-tgm.de\\\/wp-content\\\/uploads\\\/2021\\\/01\\\/DSC04184.jpg\",\"contentUrl\":\"https:\\\/\\\/www.adler-tgm.de\\\/wp-content\\\/uploads\\\/2021\\\/01\\\/DSC04184.jpg\",\"width\":2000,\"height\":1333},{\"@type\":\"BreadcrumbList\",\"@id\":\"https:\\\/\\\/www.adler-tgm.de\\\/en\\\/freizeit\\\/die-region-erkunden\\\/#breadcrumb\",\"itemListElement\":[{\"@type\":\"ListItem\",\"position\":1,\"name\":\"Startseite\",\"item\":\"https:\\\/\\\/www.adler-tgm.de\\\/\"},{\"@type\":\"ListItem\",\"position\":2,\"name\":\"Freizeit\",\"item\":\"https:\\\/\\\/www.adler-tgm.de\\\/en\\\/freizeit\\\/\"},{\"@type\":\"ListItem\",\"position\":3,\"name\":\"Die Region erkunden\"}]},{\"@type\":\"WebSite\",\"@id\":\"https:\\\/\\\/www.adler-tgm.de\\\/#website\",\"url\":\"https:\\\/\\\/www.adler-tgm.de\\\/\",\"name\":\"Hotel Schwarzer Adler Tangerm\u00fcnde\",\"description\":\"Ihr Hotel in der Kaiserstadt Tangerm\u00fcnde\",\"publisher\":{\"@id\":\"https:\\\/\\\/www.adler-tgm.de\\\/#organization\"},\"potentialAction\":[{\"@type\":\"SearchAction\",\"target\":{\"@type\":\"EntryPoint\",\"urlTemplate\":\"https:\\\/\\\/www.adler-tgm.de\\\/?s={search_term_string}\"},\"query-input\":{\"@type\":\"PropertyValueSpecification\",\"valueRequired\":true,\"valueName\":\"search_term_string\"}}],\"inLanguage\":\"en-GB\"},{\"@type\":\"Organization\",\"@id\":\"https:\\\/\\\/www.adler-tgm.de\\\/#organization\",\"name\":\"Hotel Schwarzer Adler Tangerm\u00fcnde\",\"url\":\"https:\\\/\\\/www.adler-tgm.de\\\/\",\"logo\":{\"@type\":\"ImageObject\",\"inLanguage\":\"en-GB\",\"@id\":\"https:\\\/\\\/www.adler-tgm.de\\\/#\\\/schema\\\/logo\\\/image\\\/\",\"url\":\"https:\\\/\\\/www.adler-tgm.de\\\/wp-content\\\/uploads\\\/2021\\\/01\\\/logo.png\",\"contentUrl\":\"https:\\\/\\\/www.adler-tgm.de\\\/wp-content\\\/uploads\\\/2021\\\/01\\\/logo.png\",\"width\":326,\"height\":261,\"caption\":\"Hotel Schwarzer Adler Tangerm\u00fcnde\"},\"image\":{\"@id\":\"https:\\\/\\\/www.adler-tgm.de\\\/#\\\/schema\\\/logo\\\/image\\\/\"}}]}<\/script>\n<!-- \/ Yoast SEO plugin. -->","yoast_head_json":{"title":"Die Region erkunden - Hotel Schwarzer Adler Tangerm\u00fcnde","robots":{"index":"index","follow":"follow","max-snippet":"max-snippet:-1","max-image-preview":"max-image-preview:large","max-video-preview":"max-video-preview:-1"},"canonical":"https:\/\/www.adler-tgm.de\/en\/freizeit\/die-region-erkunden\/","og_locale":"en_GB","og_type":"article","og_title":"Die Region erkunden - Hotel Schwarzer Adler Tangerm\u00fcnde","og_description":"Erkunden Sie unsere Region mit all ihren interessanten Ausflugszielen zu Fu\u00df oder mit dem Rad, beginnend in Arendsee bis nach Stendal &#8230;","og_url":"https:\/\/www.adler-tgm.de\/en\/freizeit\/die-region-erkunden\/","og_site_name":"Hotel Schwarzer Adler Tangerm\u00fcnde","article_modified_time":"2021-01-07T13:25:48+00:00","og_image":[{"width":1024,"height":682,"url":"https:\/\/www.adler-tgm.de\/wp-content\/uploads\/2021\/01\/DSC04184-1024x682.jpg","type":"image\/jpeg"}],"twitter_card":"summary_large_image","schema":{"@context":"https:\/\/schema.org","@graph":[{"@type":"WebPage","@id":"https:\/\/www.adler-tgm.de\/en\/freizeit\/die-region-erkunden\/","url":"https:\/\/www.adler-tgm.de\/en\/freizeit\/die-region-erkunden\/","name":"Die Region erkunden - Hotel Schwarzer Adler Tangerm\u00fcnde","isPartOf":{"@id":"https:\/\/www.adler-tgm.de\/#website"},"primaryImageOfPage":{"@id":"https:\/\/www.adler-tgm.de\/en\/freizeit\/die-region-erkunden\/#primaryimage"},"image":{"@id":"https:\/\/www.adler-tgm.de\/en\/freizeit\/die-region-erkunden\/#primaryimage"},"thumbnailUrl":"https:\/\/www.adler-tgm.de\/wp-content\/uploads\/2021\/01\/DSC04184.jpg","datePublished":"2021-01-05T11:56:33+00:00","dateModified":"2021-01-07T13:25:48+00:00","breadcrumb":{"@id":"https:\/\/www.adler-tgm.de\/en\/freizeit\/die-region-erkunden\/#breadcrumb"},"inLanguage":"en-GB","potentialAction":[{"@type":"ReadAction","target":["https:\/\/www.adler-tgm.de\/en\/freizeit\/die-region-erkunden\/"]}]},{"@type":"ImageObject","inLanguage":"en-GB","@id":"https:\/\/www.adler-tgm.de\/en\/freizeit\/die-region-erkunden\/#primaryimage","url":"https:\/\/www.adler-tgm.de\/wp-content\/uploads\/2021\/01\/DSC04184.jpg","contentUrl":"https:\/\/www.adler-tgm.de\/wp-content\/uploads\/2021\/01\/DSC04184.jpg","width":2000,"height":1333},{"@type":"BreadcrumbList","@id":"https:\/\/www.adler-tgm.de\/en\/freizeit\/die-region-erkunden\/#breadcrumb","itemListElement":[{"@type":"ListItem","position":1,"name":"Startseite","item":"https:\/\/www.adler-tgm.de\/"},{"@type":"ListItem","position":2,"name":"Freizeit","item":"https:\/\/www.adler-tgm.de\/en\/freizeit\/"},{"@type":"ListItem","position":3,"name":"Die Region erkunden"}]},{"@type":"WebSite","@id":"https:\/\/www.adler-tgm.de\/#website","url":"https:\/\/www.adler-tgm.de\/","name":"Hotel Schwarzer Adler Tangerm\u00fcnde","description":"Ihr Hotel in der Kaiserstadt Tangerm\u00fcnde","publisher":{"@id":"https:\/\/www.adler-tgm.de\/#organization"},"potentialAction":[{"@type":"SearchAction","target":{"@type":"EntryPoint","urlTemplate":"https:\/\/www.adler-tgm.de\/?s={search_term_string}"},"query-input":{"@type":"PropertyValueSpecification","valueRequired":true,"valueName":"search_term_string"}}],"inLanguage":"en-GB"},{"@type":"Organization","@id":"https:\/\/www.adler-tgm.de\/#organization","name":"Hotel Schwarzer Adler Tangerm\u00fcnde","url":"https:\/\/www.adler-tgm.de\/","logo":{"@type":"ImageObject","inLanguage":"en-GB","@id":"https:\/\/www.adler-tgm.de\/#\/schema\/logo\/image\/","url":"https:\/\/www.adler-tgm.de\/wp-content\/uploads\/2021\/01\/logo.png","contentUrl":"https:\/\/www.adler-tgm.de\/wp-content\/uploads\/2021\/01\/logo.png","width":326,"height":261,"caption":"Hotel Schwarzer Adler Tangerm\u00fcnde"},"image":{"@id":"https:\/\/www.adler-tgm.de\/#\/schema\/logo\/image\/"}}]}},"_links":{"self":[{"href":"https:\/\/www.adler-tgm.de\/en\/wp-json\/wp\/v2\/pages\/114","targetHints":{"allow":["GET"]}}],"collection":[{"href":"https:\/\/www.adler-tgm.de\/en\/wp-json\/wp\/v2\/pages"}],"about":[{"href":"https:\/\/www.adler-tgm.de\/en\/wp-json\/wp\/v2\/types\/page"}],"author":[{"embeddable":true,"href":"https:\/\/www.adler-tgm.de\/en\/wp-json\/wp\/v2\/users\/1"}],"replies":[{"embeddable":true,"href":"https:\/\/www.adler-tgm.de\/en\/wp-json\/wp\/v2\/comments?post=114"}],"version-history":[{"count":10,"href":"https:\/\/www.adler-tgm.de\/en\/wp-json\/wp\/v2\/pages\/114\/revisions"}],"predecessor-version":[{"id":356,"href":"https:\/\/www.adler-tgm.de\/en\/wp-json\/wp\/v2\/pages\/114\/revisions\/356"}],"up":[{"embeddable":true,"href":"https:\/\/www.adler-tgm.de\/en\/wp-json\/wp\/v2\/pages\/91"}],"wp:featuredmedia":[{"embeddable":true,"href":"https:\/\/www.adler-tgm.de\/en\/wp-json\/wp\/v2\/media\/55"}],"wp:attachment":[{"href":"https:\/\/www.adler-tgm.de\/en\/wp-json\/wp\/v2\/media?parent=114"}],"curies":[{"name":"wp","href":"https:\/\/api.w.org\/{rel}","templated":true}]}}