{"id":116,"date":"2021-01-05T12:56:55","date_gmt":"2021-01-05T11:56:55","guid":{"rendered":"http:\/\/wp.adler-tgm.de\/?page_id=116"},"modified":"2025-02-14T11:12:01","modified_gmt":"2025-02-14T10:12:01","slug":"uebernachtungs-arrangements","status":"publish","type":"page","link":"https:\/\/www.adler-tgm.de\/en\/arrangement\/uebernachtungs-arrangements\/","title":{"rendered":"\u00dcbernachtungs-Arrangements"},"content":{"rendered":"<div data-elementor-type=\"wp-page\" data-elementor-id=\"116\" class=\"elementor elementor-116\" data-elementor-post-type=\"page\">\n\t\t\t\t\t\t<section class=\"elementor-section elementor-top-section elementor-element elementor-element-33641093 elementor-section-boxed elementor-section-height-default elementor-section-height-default\" data-id=\"33641093\" data-element_type=\"section\" data-e-type=\"section\">\n\t\t\t\t\t\t<div class=\"elementor-container elementor-column-gap-default\">\n\t\t\t\t\t<div class=\"elementor-column elementor-col-100 elementor-top-column elementor-element elementor-element-9ad7c92\" data-id=\"9ad7c92\" data-element_type=\"column\" data-e-type=\"column\">\n\t\t\t<div class=\"elementor-widget-wrap elementor-element-populated\">\n\t\t\t\t\t\t<div class=\"elementor-element elementor-element-56033b1c elementor-widget elementor-widget-text-editor\" data-id=\"56033b1c\" data-element_type=\"widget\" data-e-type=\"widget\" data-widget_type=\"text-editor.default\">\n\t\t\t\t<div class=\"elementor-widget-container\">\n\t\t\t\t\t\t\t\t\t<p>Edle Stoffe, stilvolle Accessoires und ein gem\u00fctlicher Wohnraum garantieren in unseren Standard-Zimmern Wohnkultur auf h\u00f6chstem Niveau. Wir verf\u00fcgen \u00fcber 60 Zimmer in verschiedenen Kategorien.<\/p>\t\t\t\t\t\t\t\t<\/div>\n\t\t\t\t<\/div>\n\t\t\t\t<div class=\"elementor-element elementor-element-2b5fddbc elementor-widget elementor-widget-heading\" data-id=\"2b5fddbc\" data-element_type=\"widget\" data-e-type=\"widget\" data-widget_type=\"heading.default\">\n\t\t\t\t<div class=\"elementor-widget-container\">\n\t\t\t\t\t<h2 class=\"elementor-heading-title elementor-size-default\">\u201eKennenlern\u201c Arrangement - buchbar f\u00fcr Gruppen ab 10 Personen<\/h2>\t\t\t\t<\/div>\n\t\t\t\t<\/div>\n\t\t\t\t<div class=\"elementor-element elementor-element-6b901870 elementor-widget elementor-widget-price-list\" data-id=\"6b901870\" data-element_type=\"widget\" data-e-type=\"widget\" data-widget_type=\"price-list.default\">\n\t\t\t\t<div class=\"elementor-widget-container\">\n\t\t\t\t\t\n\t\t<ul class=\"elementor-price-list\">\n\n\t\t\t\t\t\t\t\t\t<li class=\"elementor-price-list-item\">\t\t\t\t\n\t\t\t\t<div class=\"elementor-price-list-text\">\n\t\t\t\t\t\t\t\t\t<div class=\"elementor-price-list-header\">\n\t\t\t\t\t\t\t\t\t\t\t<span class=\"elementor-price-list-title\">\n\t\t\t\t\t\t\t* 2 \u00dcbernachtungen im Doppelzimmer-Standard\t\t\t\t\t\t\t<\/span>\n\t\t\t\t\t\t\t\t\t\t\t\t\t\t\t\t\t\t<span class=\"elementor-price-list-separator\"><\/span>\n\t\t\t\t\t\t\t\t\t\t\t\t\t\t\t\t<\/div>\n\t\t\t\t\t\t\t\t\t\t\t\t<\/div>\n\t\t\t\t<\/li>\t\t\t\t\t\t\t\t\t\t\t\t<li class=\"elementor-price-list-item\">\t\t\t\t\n\t\t\t\t<div class=\"elementor-price-list-text\">\n\t\t\t\t\t\t\t\t\t<div class=\"elementor-price-list-header\">\n\t\t\t\t\t\t\t\t\t\t\t<span class=\"elementor-price-list-title\">\n\t\t\t\t\t\t\treichhaltiges Fr\u00fchst\u00fcck\t\t\t\t\t\t<\/span>\n\t\t\t\t\t\t\t\t\t\t\t\t\t\t\t\t\t\t<span class=\"elementor-price-list-separator\"><\/span>\n\t\t\t\t\t\t\t\t\t\t\t\t\t\t\t\t<\/div>\n\t\t\t\t\t\t\t\t\t\t\t\t<\/div>\n\t\t\t\t<\/li>\t\t\t\t\t\t\t\t\t\t\t\t<li class=\"elementor-price-list-item\">\t\t\t\t\n\t\t\t\t<div class=\"elementor-price-list-text\">\n\t\t\t\t\t\t\t\t\t<div class=\"elementor-price-list-header\">\n\t\t\t\t\t\t\t\t\t\t\t<span class=\"elementor-price-list-title\">\n\t\t\t\t\t\t\t2 x Abendmen\u00fc in unserer Kutscherstube\t\t\t\t\t\t<\/span>\n\t\t\t\t\t\t\t\t\t\t\t\t\t\t\t\t\t\t<span class=\"elementor-price-list-separator\"><\/span>\n\t\t\t\t\t\t\t\t\t\t\t\t\t\t\t\t<\/div>\n\t\t\t\t\t\t\t\t\t\t\t\t<\/div>\n\t\t\t\t<\/li>\t\t\t\t\t\t\t\t\t\t\t\t<li class=\"elementor-price-list-item\">\t\t\t\t\n\t\t\t\t<div class=\"elementor-price-list-text\">\n\t\t\t\t\t\t\t\t\t<div class=\"elementor-price-list-header\">\n\t\t\t\t\t\t\t\t\t\t\t<span class=\"elementor-price-list-title\">\n\t\t\t\t\t\t\tStadtplan von Tangerm\u00fcnde\t\t\t\t\t\t<\/span>\n\t\t\t\t\t\t\t\t\t\t\t\t\t\t\t\t\t\t<span class=\"elementor-price-list-separator\"><\/span>\n\t\t\t\t\t\t\t\t\t\t\t\t\t\t\t\t<\/div>\n\t\t\t\t\t\t\t\t\t\t\t\t<\/div>\n\t\t\t\t<\/li>\t\t\t\t\t\t\t\t\t\t\t\t<li class=\"elementor-price-list-item\">\t\t\t\t\n\t\t\t\t<div class=\"elementor-price-list-text\">\n\t\t\t\t\t\t\t\t\t<div class=\"elementor-price-list-header\">\n\t\t\t\t\t\t\t\t\t\t\t<span class=\"elementor-price-list-title\">\n\t\t\t\t\t\t\t1x Stadtf\u00fchrung f\u00fcr 2 Personen\t\t\t\t\t\t<\/span>\n\t\t\t\t\t\t\t\t\t\t\t\t\t\t\t\t\t\t<span class=\"elementor-price-list-separator\"><\/span>\n\t\t\t\t\t\t\t\t\t\t\t\t\t\t\t\t<\/div>\n\t\t\t\t\t\t\t\t\t\t\t\t<\/div>\n\t\t\t\t<\/li>\t\t\t\t\t\t\t\t\t\t\t\t<li><a class=\"elementor-price-list-item\" href=\"#\">\t\t\t\t\n\t\t\t\t<div class=\"elementor-price-list-text\">\n\t\t\t\t\t\t\t\t\t<div class=\"elementor-price-list-header\">\n\t\t\t\t\t\t\t\t\t\t\t<span class=\"elementor-price-list-title\">\n\t\t\t\t\t\t\tGesamtpreis pro Person\t\t\t\t\t\t<\/span>\n\t\t\t\t\t\t\t\t\t\t\t\t\t\t\t\t\t\t<span class=\"elementor-price-list-separator\"><\/span>\n\t\t\t\t\t\t\t\t\t\t\t\t\t\t\t\t\t\t\t<span class=\"elementor-price-list-price\">152,00 \u20ac pro Person<\/span>\n\t\t\t\t\t\t\t\t\t\t<\/div>\n\t\t\t\t\t\t\t\t\t\t\t\t<\/div>\n\t\t\t\t<\/a><\/li>\t\t\t\t\t\n\t\t<\/ul>\n\n\t\t\t\t\t\t<\/div>\n\t\t\t\t<\/div>\n\t\t\t\t<div class=\"elementor-element elementor-element-53729532 elementor-widget elementor-widget-text-editor\" data-id=\"53729532\" data-element_type=\"widget\" data-e-type=\"widget\" data-widget_type=\"text-editor.default\">\n\t\t\t\t<div class=\"elementor-widget-container\">\n\t\t\t\t\t\t\t\t\t<p>Jede Verl\u00e4ngerungsnacht pro Person:<\/p><ul><li>Inklusive Halbpension 72,50 \u20ac<\/li><li>Exklusive Halbpension 47,50 \u20ac<\/li><\/ul><p><b>(buchbar in Zeit von April bis Oktober)<\/b><\/p><p>Verbringen Sie wundervolle Tage in der Hafenstadt Tangerm\u00fcnde. Dieses Arrangement ist ideal um Tangerm\u00fcnde und Umgebung kennen zu lernen. Schauen Sie sich unsere <a href=\"https:\/\/www.adler-tgm.de\/en\/freizeit\/die-region-erkunden\/\">Region<\/a> einmal an!<\/p><p>Buchbar von April \u2013 Oktober<\/p>\t\t\t\t\t\t\t\t<\/div>\n\t\t\t\t<\/div>\n\t\t\t\t\t<\/div>\n\t\t<\/div>\n\t\t\t\t\t<\/div>\n\t\t<\/section>\n\t\t\t\t<\/div>","protected":false},"excerpt":{"rendered":"<p>Edle Stoffe, stilvolle Accessoires und ein gem\u00fctlicher Wohnraum garantieren in unseren Standard-Zimmern Wohnkultur auf h\u00f6chstem Niveau. Wir verf\u00fcgen \u00fcber 60 Zimmer in verschiedenen Kategorien. \u201eKennenlern\u201c Arrangement &#8211; buchbar f\u00fcr Gruppen ab 10 Personen * 2 \u00dcbernachtungen im Doppelzimmer-Standard reichhaltiges Fr\u00fchst\u00fcck 2 x Abendmen\u00fc in unserer Kutscherstube Stadtplan von Tangerm\u00fcnde 1x Stadtf\u00fchrung f\u00fcr 2 Personen Gesamtpreis [&hellip;]<\/p>\n","protected":false},"author":1,"featured_media":77,"parent":93,"menu_order":0,"comment_status":"closed","ping_status":"closed","template":"","meta":{"footnotes":""},"class_list":["post-116","page","type-page","status-publish","has-post-thumbnail","hentry"],"yoast_head":"<!-- This site is optimized with the Yoast SEO plugin v27.6 - https:\/\/yoast.com\/product\/yoast-seo-wordpress\/ -->\n<title>\u00dcbernachtungs-Arrangements - Hotel Schwarzer Adler Tangerm\u00fcnde<\/title>\n<meta name=\"robots\" content=\"index, follow, max-snippet:-1, max-image-preview:large, max-video-preview:-1\" \/>\n<link rel=\"canonical\" href=\"https:\/\/www.adler-tgm.de\/en\/arrangement\/uebernachtungs-arrangements\/\" \/>\n<meta property=\"og:locale\" content=\"en_GB\" \/>\n<meta property=\"og:type\" content=\"article\" \/>\n<meta property=\"og:title\" content=\"\u00dcbernachtungs-Arrangements - Hotel Schwarzer Adler Tangerm\u00fcnde\" \/>\n<meta property=\"og:description\" content=\"Edle Stoffe, stilvolle Accessoires und ein gem\u00fctlicher Wohnraum garantieren in unseren Standard-Zimmern Wohnkultur auf h\u00f6chstem Niveau. Wir verf\u00fcgen \u00fcber 60 Zimmer in verschiedenen Kategorien. \u201eKennenlern\u201c Arrangement &#8211; buchbar f\u00fcr Gruppen ab 10 Personen * 2 \u00dcbernachtungen im Doppelzimmer-Standard reichhaltiges Fr\u00fchst\u00fcck 2 x Abendmen\u00fc in unserer Kutscherstube Stadtplan von Tangerm\u00fcnde 1x Stadtf\u00fchrung f\u00fcr 2 Personen Gesamtpreis [&hellip;]\" \/>\n<meta property=\"og:url\" content=\"https:\/\/www.adler-tgm.de\/en\/arrangement\/uebernachtungs-arrangements\/\" \/>\n<meta property=\"og:site_name\" content=\"Hotel Schwarzer Adler Tangerm\u00fcnde\" \/>\n<meta property=\"article:modified_time\" content=\"2025-02-14T10:12:01+00:00\" \/>\n<meta property=\"og:image\" content=\"https:\/\/www.adler-tgm.de\/wp-content\/uploads\/2021\/01\/IMG_4681-HDR-1-1024x682.jpg\" \/>\n\t<meta property=\"og:image:width\" content=\"1024\" \/>\n\t<meta property=\"og:image:height\" content=\"682\" \/>\n\t<meta property=\"og:image:type\" content=\"image\/jpeg\" \/>\n<meta name=\"twitter:card\" content=\"summary_large_image\" \/>\n<meta name=\"twitter:label1\" content=\"Estimated reading time\" \/>\n\t<meta name=\"twitter:data1\" content=\"1 minute\" \/>\n<script type=\"application\/ld+json\" class=\"yoast-schema-graph\">{\"@context\":\"https:\\\/\\\/schema.org\",\"@graph\":[{\"@type\":\"WebPage\",\"@id\":\"https:\\\/\\\/www.adler-tgm.de\\\/arrangement\\\/uebernachtungs-arrangements\\\/\",\"url\":\"https:\\\/\\\/www.adler-tgm.de\\\/arrangement\\\/uebernachtungs-arrangements\\\/\",\"name\":\"\u00dcbernachtungs-Arrangements - Hotel Schwarzer Adler Tangerm\u00fcnde\",\"isPartOf\":{\"@id\":\"https:\\\/\\\/www.adler-tgm.de\\\/#website\"},\"primaryImageOfPage\":{\"@id\":\"https:\\\/\\\/www.adler-tgm.de\\\/arrangement\\\/uebernachtungs-arrangements\\\/#primaryimage\"},\"image\":{\"@id\":\"https:\\\/\\\/www.adler-tgm.de\\\/arrangement\\\/uebernachtungs-arrangements\\\/#primaryimage\"},\"thumbnailUrl\":\"https:\\\/\\\/www.adler-tgm.de\\\/wp-content\\\/uploads\\\/2021\\\/01\\\/IMG_4681-HDR-1.jpg\",\"datePublished\":\"2021-01-05T11:56:55+00:00\",\"dateModified\":\"2025-02-14T10:12:01+00:00\",\"breadcrumb\":{\"@id\":\"https:\\\/\\\/www.adler-tgm.de\\\/arrangement\\\/uebernachtungs-arrangements\\\/#breadcrumb\"},\"inLanguage\":\"en-GB\",\"potentialAction\":[{\"@type\":\"ReadAction\",\"target\":[\"https:\\\/\\\/www.adler-tgm.de\\\/arrangement\\\/uebernachtungs-arrangements\\\/\"]}]},{\"@type\":\"ImageObject\",\"inLanguage\":\"en-GB\",\"@id\":\"https:\\\/\\\/www.adler-tgm.de\\\/arrangement\\\/uebernachtungs-arrangements\\\/#primaryimage\",\"url\":\"https:\\\/\\\/www.adler-tgm.de\\\/wp-content\\\/uploads\\\/2021\\\/01\\\/IMG_4681-HDR-1.jpg\",\"contentUrl\":\"https:\\\/\\\/www.adler-tgm.de\\\/wp-content\\\/uploads\\\/2021\\\/01\\\/IMG_4681-HDR-1.jpg\",\"width\":2000,\"height\":1333},{\"@type\":\"BreadcrumbList\",\"@id\":\"https:\\\/\\\/www.adler-tgm.de\\\/arrangement\\\/uebernachtungs-arrangements\\\/#breadcrumb\",\"itemListElement\":[{\"@type\":\"ListItem\",\"position\":1,\"name\":\"Startseite\",\"item\":\"https:\\\/\\\/www.adler-tgm.de\\\/\"},{\"@type\":\"ListItem\",\"position\":2,\"name\":\"Arrangement\",\"item\":\"https:\\\/\\\/www.adler-tgm.de\\\/arrangement\\\/\"},{\"@type\":\"ListItem\",\"position\":3,\"name\":\"\u00dcbernachtungs-Arrangements\"}]},{\"@type\":\"WebSite\",\"@id\":\"https:\\\/\\\/www.adler-tgm.de\\\/#website\",\"url\":\"https:\\\/\\\/www.adler-tgm.de\\\/\",\"name\":\"Hotel Schwarzer Adler Tangerm\u00fcnde\",\"description\":\"Ihr Hotel in der Kaiserstadt Tangerm\u00fcnde\",\"publisher\":{\"@id\":\"https:\\\/\\\/www.adler-tgm.de\\\/#organization\"},\"potentialAction\":[{\"@type\":\"SearchAction\",\"target\":{\"@type\":\"EntryPoint\",\"urlTemplate\":\"https:\\\/\\\/www.adler-tgm.de\\\/?s={search_term_string}\"},\"query-input\":{\"@type\":\"PropertyValueSpecification\",\"valueRequired\":true,\"valueName\":\"search_term_string\"}}],\"inLanguage\":\"en-GB\"},{\"@type\":\"Organization\",\"@id\":\"https:\\\/\\\/www.adler-tgm.de\\\/#organization\",\"name\":\"Hotel Schwarzer Adler Tangerm\u00fcnde\",\"url\":\"https:\\\/\\\/www.adler-tgm.de\\\/\",\"logo\":{\"@type\":\"ImageObject\",\"inLanguage\":\"en-GB\",\"@id\":\"https:\\\/\\\/www.adler-tgm.de\\\/#\\\/schema\\\/logo\\\/image\\\/\",\"url\":\"https:\\\/\\\/www.adler-tgm.de\\\/wp-content\\\/uploads\\\/2021\\\/01\\\/logo.png\",\"contentUrl\":\"https:\\\/\\\/www.adler-tgm.de\\\/wp-content\\\/uploads\\\/2021\\\/01\\\/logo.png\",\"width\":326,\"height\":261,\"caption\":\"Hotel Schwarzer Adler Tangerm\u00fcnde\"},\"image\":{\"@id\":\"https:\\\/\\\/www.adler-tgm.de\\\/#\\\/schema\\\/logo\\\/image\\\/\"}}]}<\/script>\n<!-- \/ Yoast SEO plugin. -->","yoast_head_json":{"title":"\u00dcbernachtungs-Arrangements - Hotel Schwarzer Adler Tangerm\u00fcnde","robots":{"index":"index","follow":"follow","max-snippet":"max-snippet:-1","max-image-preview":"max-image-preview:large","max-video-preview":"max-video-preview:-1"},"canonical":"https:\/\/www.adler-tgm.de\/en\/arrangement\/uebernachtungs-arrangements\/","og_locale":"en_GB","og_type":"article","og_title":"\u00dcbernachtungs-Arrangements - Hotel Schwarzer Adler Tangerm\u00fcnde","og_description":"Edle Stoffe, stilvolle Accessoires und ein gem\u00fctlicher Wohnraum garantieren in unseren Standard-Zimmern Wohnkultur auf h\u00f6chstem Niveau. Wir verf\u00fcgen \u00fcber 60 Zimmer in verschiedenen Kategorien. \u201eKennenlern\u201c Arrangement &#8211; buchbar f\u00fcr Gruppen ab 10 Personen * 2 \u00dcbernachtungen im Doppelzimmer-Standard reichhaltiges Fr\u00fchst\u00fcck 2 x Abendmen\u00fc in unserer Kutscherstube Stadtplan von Tangerm\u00fcnde 1x Stadtf\u00fchrung f\u00fcr 2 Personen Gesamtpreis [&hellip;]","og_url":"https:\/\/www.adler-tgm.de\/en\/arrangement\/uebernachtungs-arrangements\/","og_site_name":"Hotel Schwarzer Adler Tangerm\u00fcnde","article_modified_time":"2025-02-14T10:12:01+00:00","og_image":[{"width":1024,"height":682,"url":"https:\/\/www.adler-tgm.de\/wp-content\/uploads\/2021\/01\/IMG_4681-HDR-1-1024x682.jpg","type":"image\/jpeg"}],"twitter_card":"summary_large_image","twitter_misc":{"Estimated reading time":"1 minute"},"schema":{"@context":"https:\/\/schema.org","@graph":[{"@type":"WebPage","@id":"https:\/\/www.adler-tgm.de\/arrangement\/uebernachtungs-arrangements\/","url":"https:\/\/www.adler-tgm.de\/arrangement\/uebernachtungs-arrangements\/","name":"\u00dcbernachtungs-Arrangements - Hotel Schwarzer Adler Tangerm\u00fcnde","isPartOf":{"@id":"https:\/\/www.adler-tgm.de\/#website"},"primaryImageOfPage":{"@id":"https:\/\/www.adler-tgm.de\/arrangement\/uebernachtungs-arrangements\/#primaryimage"},"image":{"@id":"https:\/\/www.adler-tgm.de\/arrangement\/uebernachtungs-arrangements\/#primaryimage"},"thumbnailUrl":"https:\/\/www.adler-tgm.de\/wp-content\/uploads\/2021\/01\/IMG_4681-HDR-1.jpg","datePublished":"2021-01-05T11:56:55+00:00","dateModified":"2025-02-14T10:12:01+00:00","breadcrumb":{"@id":"https:\/\/www.adler-tgm.de\/arrangement\/uebernachtungs-arrangements\/#breadcrumb"},"inLanguage":"en-GB","potentialAction":[{"@type":"ReadAction","target":["https:\/\/www.adler-tgm.de\/arrangement\/uebernachtungs-arrangements\/"]}]},{"@type":"ImageObject","inLanguage":"en-GB","@id":"https:\/\/www.adler-tgm.de\/arrangement\/uebernachtungs-arrangements\/#primaryimage","url":"https:\/\/www.adler-tgm.de\/wp-content\/uploads\/2021\/01\/IMG_4681-HDR-1.jpg","contentUrl":"https:\/\/www.adler-tgm.de\/wp-content\/uploads\/2021\/01\/IMG_4681-HDR-1.jpg","width":2000,"height":1333},{"@type":"BreadcrumbList","@id":"https:\/\/www.adler-tgm.de\/arrangement\/uebernachtungs-arrangements\/#breadcrumb","itemListElement":[{"@type":"ListItem","position":1,"name":"Startseite","item":"https:\/\/www.adler-tgm.de\/"},{"@type":"ListItem","position":2,"name":"Arrangement","item":"https:\/\/www.adler-tgm.de\/arrangement\/"},{"@type":"ListItem","position":3,"name":"\u00dcbernachtungs-Arrangements"}]},{"@type":"WebSite","@id":"https:\/\/www.adler-tgm.de\/#website","url":"https:\/\/www.adler-tgm.de\/","name":"Hotel Schwarzer Adler Tangerm\u00fcnde","description":"Ihr Hotel in der Kaiserstadt Tangerm\u00fcnde","publisher":{"@id":"https:\/\/www.adler-tgm.de\/#organization"},"potentialAction":[{"@type":"SearchAction","target":{"@type":"EntryPoint","urlTemplate":"https:\/\/www.adler-tgm.de\/?s={search_term_string}"},"query-input":{"@type":"PropertyValueSpecification","valueRequired":true,"valueName":"search_term_string"}}],"inLanguage":"en-GB"},{"@type":"Organization","@id":"https:\/\/www.adler-tgm.de\/#organization","name":"Hotel Schwarzer Adler Tangerm\u00fcnde","url":"https:\/\/www.adler-tgm.de\/","logo":{"@type":"ImageObject","inLanguage":"en-GB","@id":"https:\/\/www.adler-tgm.de\/#\/schema\/logo\/image\/","url":"https:\/\/www.adler-tgm.de\/wp-content\/uploads\/2021\/01\/logo.png","contentUrl":"https:\/\/www.adler-tgm.de\/wp-content\/uploads\/2021\/01\/logo.png","width":326,"height":261,"caption":"Hotel Schwarzer Adler Tangerm\u00fcnde"},"image":{"@id":"https:\/\/www.adler-tgm.de\/#\/schema\/logo\/image\/"}}]}},"_links":{"self":[{"href":"https:\/\/www.adler-tgm.de\/en\/wp-json\/wp\/v2\/pages\/116","targetHints":{"allow":["GET"]}}],"collection":[{"href":"https:\/\/www.adler-tgm.de\/en\/wp-json\/wp\/v2\/pages"}],"about":[{"href":"https:\/\/www.adler-tgm.de\/en\/wp-json\/wp\/v2\/types\/page"}],"author":[{"embeddable":true,"href":"https:\/\/www.adler-tgm.de\/en\/wp-json\/wp\/v2\/users\/1"}],"replies":[{"embeddable":true,"href":"https:\/\/www.adler-tgm.de\/en\/wp-json\/wp\/v2\/comments?post=116"}],"version-history":[{"count":10,"href":"https:\/\/www.adler-tgm.de\/en\/wp-json\/wp\/v2\/pages\/116\/revisions"}],"predecessor-version":[{"id":686,"href":"https:\/\/www.adler-tgm.de\/en\/wp-json\/wp\/v2\/pages\/116\/revisions\/686"}],"up":[{"embeddable":true,"href":"https:\/\/www.adler-tgm.de\/en\/wp-json\/wp\/v2\/pages\/93"}],"wp:featuredmedia":[{"embeddable":true,"href":"https:\/\/www.adler-tgm.de\/en\/wp-json\/wp\/v2\/media\/77"}],"wp:attachment":[{"href":"https:\/\/www.adler-tgm.de\/en\/wp-json\/wp\/v2\/media?parent=116"}],"curies":[{"name":"wp","href":"https:\/\/api.w.org\/{rel}","templated":true}]}}