{"id":122,"date":"2021-01-05T12:57:31","date_gmt":"2021-01-05T11:57:31","guid":{"rendered":"http:\/\/wp.adler-tgm.de\/?page_id=122"},"modified":"2021-01-07T15:33:01","modified_gmt":"2021-01-07T14:33:01","slug":"impressum","status":"publish","type":"page","link":"https:\/\/www.adler-tgm.de\/en\/impressum\/","title":{"rendered":"Impressum"},"content":{"rendered":"<div data-elementor-type=\"wp-page\" data-elementor-id=\"122\" class=\"elementor elementor-122\" data-elementor-post-type=\"page\">\n\t\t\t\t\t\t<section class=\"elementor-section elementor-top-section elementor-element elementor-element-a45aee6 elementor-section-boxed elementor-section-height-default elementor-section-height-default\" data-id=\"a45aee6\" data-element_type=\"section\" data-e-type=\"section\">\n\t\t\t\t\t\t<div class=\"elementor-container elementor-column-gap-default\">\n\t\t\t\t\t<div class=\"elementor-column elementor-col-100 elementor-top-column elementor-element elementor-element-9a9fac9\" data-id=\"9a9fac9\" data-element_type=\"column\" data-e-type=\"column\">\n\t\t\t<div class=\"elementor-widget-wrap elementor-element-populated\">\n\t\t\t\t\t\t<div class=\"elementor-element elementor-element-7af69c8 elementor-widget elementor-widget-text-editor\" data-id=\"7af69c8\" data-element_type=\"widget\" data-e-type=\"widget\" data-widget_type=\"text-editor.default\">\n\t\t\t\t<div class=\"elementor-widget-container\">\n\t\t\t\t\t\t\t\t\t<p><b>Angaben gem\u00e4\u00df \u00a7 5 TMG:<br \/><\/b>Adler Gastronomie GmbH<br \/>Lange Stra\u00dfe 52<br \/>39590 Tangerm\u00fcnde<\/p><p><b>Vertreten durch:<br \/><\/b>Rico Festerling<br \/>Alexander Kreutz<\/p><p><b>Kontakt:<\/b><\/p><table class=\"table table-striped\"><tbody><tr><td>Telefon:<\/td><td>039322-960<\/td><\/tr><tr><td>Telefax:<\/td><td>039322-9620<\/td><\/tr><tr><td>E-Mail:<\/td><td><a>rezeption(at)adler-tgm.de<\/a><\/td><\/tr><\/tbody><\/table><h2>Umsatzsteuer-ID:<\/h2><p>Umsatzsteuer-Identifikationsnummer gem\u00e4\u00df \u00a727 a Umsatzsteuergesetz:<br \/>DE\u00a0222333777<\/p>\t\t\t\t\t\t\t\t<\/div>\n\t\t\t\t<\/div>\n\t\t\t\t\t<\/div>\n\t\t<\/div>\n\t\t\t\t\t<\/div>\n\t\t<\/section>\n\t\t\t\t<\/div>","protected":false},"excerpt":{"rendered":"<p>Angaben gem\u00e4\u00df \u00a7 5 TMG:Adler Gastronomie GmbHLange Stra\u00dfe 5239590 Tangerm\u00fcnde Vertreten durch:Rico FesterlingAlexander Kreutz Kontakt: Telefon: 039322-960 Telefax: 039322-9620 E-Mail: rezeption(at)adler-tgm.de Umsatzsteuer-ID: Umsatzsteuer-Identifikationsnummer gem\u00e4\u00df \u00a727 a Umsatzsteuergesetz:DE\u00a0222333777<\/p>","protected":false},"author":1,"featured_media":0,"parent":0,"menu_order":0,"comment_status":"closed","ping_status":"closed","template":"","meta":{"footnotes":""},"class_list":["post-122","page","type-page","status-publish","hentry"],"yoast_head":"<!-- This site is optimized with the Yoast SEO plugin v27.6 - https:\/\/yoast.com\/product\/yoast-seo-wordpress\/ -->\n<title>Impressum - Hotel Schwarzer Adler Tangerm\u00fcnde<\/title>\n<meta name=\"robots\" content=\"index, follow, max-snippet:-1, max-image-preview:large, max-video-preview:-1\" \/>\n<link rel=\"canonical\" href=\"https:\/\/www.adler-tgm.de\/en\/impressum\/\" \/>\n<meta property=\"og:locale\" content=\"en_GB\" \/>\n<meta property=\"og:type\" content=\"article\" \/>\n<meta property=\"og:title\" content=\"Impressum - Hotel Schwarzer Adler Tangerm\u00fcnde\" \/>\n<meta property=\"og:description\" content=\"Angaben gem\u00e4\u00df \u00a7 5 TMG:Adler Gastronomie GmbHLange Stra\u00dfe 5239590 Tangerm\u00fcnde Vertreten durch:Rico FesterlingAlexander Kreutz Kontakt: Telefon: 039322-960 Telefax: 039322-9620 E-Mail: rezeption(at)adler-tgm.de Umsatzsteuer-ID: Umsatzsteuer-Identifikationsnummer gem\u00e4\u00df \u00a727 a Umsatzsteuergesetz:DE\u00a0222333777\" \/>\n<meta property=\"og:url\" content=\"https:\/\/www.adler-tgm.de\/en\/impressum\/\" \/>\n<meta property=\"og:site_name\" content=\"Hotel Schwarzer Adler Tangerm\u00fcnde\" \/>\n<meta property=\"article:modified_time\" content=\"2021-01-07T14:33:01+00:00\" \/>\n<meta name=\"twitter:card\" content=\"summary_large_image\" \/>\n<script type=\"application\/ld+json\" class=\"yoast-schema-graph\">{\"@context\":\"https:\\\/\\\/schema.org\",\"@graph\":[{\"@type\":\"WebPage\",\"@id\":\"https:\\\/\\\/www.adler-tgm.de\\\/impressum\\\/\",\"url\":\"https:\\\/\\\/www.adler-tgm.de\\\/impressum\\\/\",\"name\":\"Impressum - Hotel Schwarzer Adler Tangerm\u00fcnde\",\"isPartOf\":{\"@id\":\"https:\\\/\\\/www.adler-tgm.de\\\/#website\"},\"datePublished\":\"2021-01-05T11:57:31+00:00\",\"dateModified\":\"2021-01-07T14:33:01+00:00\",\"breadcrumb\":{\"@id\":\"https:\\\/\\\/www.adler-tgm.de\\\/impressum\\\/#breadcrumb\"},\"inLanguage\":\"en-GB\",\"potentialAction\":[{\"@type\":\"ReadAction\",\"target\":[\"https:\\\/\\\/www.adler-tgm.de\\\/impressum\\\/\"]}]},{\"@type\":\"BreadcrumbList\",\"@id\":\"https:\\\/\\\/www.adler-tgm.de\\\/impressum\\\/#breadcrumb\",\"itemListElement\":[{\"@type\":\"ListItem\",\"position\":1,\"name\":\"Startseite\",\"item\":\"https:\\\/\\\/www.adler-tgm.de\\\/\"},{\"@type\":\"ListItem\",\"position\":2,\"name\":\"Impressum\"}]},{\"@type\":\"WebSite\",\"@id\":\"https:\\\/\\\/www.adler-tgm.de\\\/#website\",\"url\":\"https:\\\/\\\/www.adler-tgm.de\\\/\",\"name\":\"Hotel Schwarzer Adler Tangerm\u00fcnde\",\"description\":\"Ihr Hotel in der Kaiserstadt Tangerm\u00fcnde\",\"publisher\":{\"@id\":\"https:\\\/\\\/www.adler-tgm.de\\\/#organization\"},\"potentialAction\":[{\"@type\":\"SearchAction\",\"target\":{\"@type\":\"EntryPoint\",\"urlTemplate\":\"https:\\\/\\\/www.adler-tgm.de\\\/?s={search_term_string}\"},\"query-input\":{\"@type\":\"PropertyValueSpecification\",\"valueRequired\":true,\"valueName\":\"search_term_string\"}}],\"inLanguage\":\"en-GB\"},{\"@type\":\"Organization\",\"@id\":\"https:\\\/\\\/www.adler-tgm.de\\\/#organization\",\"name\":\"Hotel Schwarzer Adler Tangerm\u00fcnde\",\"url\":\"https:\\\/\\\/www.adler-tgm.de\\\/\",\"logo\":{\"@type\":\"ImageObject\",\"inLanguage\":\"en-GB\",\"@id\":\"https:\\\/\\\/www.adler-tgm.de\\\/#\\\/schema\\\/logo\\\/image\\\/\",\"url\":\"https:\\\/\\\/www.adler-tgm.de\\\/wp-content\\\/uploads\\\/2021\\\/01\\\/logo.png\",\"contentUrl\":\"https:\\\/\\\/www.adler-tgm.de\\\/wp-content\\\/uploads\\\/2021\\\/01\\\/logo.png\",\"width\":326,\"height\":261,\"caption\":\"Hotel Schwarzer Adler Tangerm\u00fcnde\"},\"image\":{\"@id\":\"https:\\\/\\\/www.adler-tgm.de\\\/#\\\/schema\\\/logo\\\/image\\\/\"}}]}<\/script>\n<!-- \/ Yoast SEO plugin. -->","yoast_head_json":{"title":"Impressum - Hotel Schwarzer Adler Tangerm\u00fcnde","robots":{"index":"index","follow":"follow","max-snippet":"max-snippet:-1","max-image-preview":"max-image-preview:large","max-video-preview":"max-video-preview:-1"},"canonical":"https:\/\/www.adler-tgm.de\/en\/impressum\/","og_locale":"en_GB","og_type":"article","og_title":"Impressum - Hotel Schwarzer Adler Tangerm\u00fcnde","og_description":"Angaben gem\u00e4\u00df \u00a7 5 TMG:Adler Gastronomie GmbHLange Stra\u00dfe 5239590 Tangerm\u00fcnde Vertreten durch:Rico FesterlingAlexander Kreutz Kontakt: Telefon: 039322-960 Telefax: 039322-9620 E-Mail: rezeption(at)adler-tgm.de Umsatzsteuer-ID: Umsatzsteuer-Identifikationsnummer gem\u00e4\u00df \u00a727 a Umsatzsteuergesetz:DE\u00a0222333777","og_url":"https:\/\/www.adler-tgm.de\/en\/impressum\/","og_site_name":"Hotel Schwarzer Adler Tangerm\u00fcnde","article_modified_time":"2021-01-07T14:33:01+00:00","twitter_card":"summary_large_image","schema":{"@context":"https:\/\/schema.org","@graph":[{"@type":"WebPage","@id":"https:\/\/www.adler-tgm.de\/impressum\/","url":"https:\/\/www.adler-tgm.de\/impressum\/","name":"Impressum - Hotel Schwarzer Adler Tangerm\u00fcnde","isPartOf":{"@id":"https:\/\/www.adler-tgm.de\/#website"},"datePublished":"2021-01-05T11:57:31+00:00","dateModified":"2021-01-07T14:33:01+00:00","breadcrumb":{"@id":"https:\/\/www.adler-tgm.de\/impressum\/#breadcrumb"},"inLanguage":"en-GB","potentialAction":[{"@type":"ReadAction","target":["https:\/\/www.adler-tgm.de\/impressum\/"]}]},{"@type":"BreadcrumbList","@id":"https:\/\/www.adler-tgm.de\/impressum\/#breadcrumb","itemListElement":[{"@type":"ListItem","position":1,"name":"Startseite","item":"https:\/\/www.adler-tgm.de\/"},{"@type":"ListItem","position":2,"name":"Impressum"}]},{"@type":"WebSite","@id":"https:\/\/www.adler-tgm.de\/#website","url":"https:\/\/www.adler-tgm.de\/","name":"Hotel Schwarzer Adler Tangerm\u00fcnde","description":"Ihr Hotel in der Kaiserstadt Tangerm\u00fcnde","publisher":{"@id":"https:\/\/www.adler-tgm.de\/#organization"},"potentialAction":[{"@type":"SearchAction","target":{"@type":"EntryPoint","urlTemplate":"https:\/\/www.adler-tgm.de\/?s={search_term_string}"},"query-input":{"@type":"PropertyValueSpecification","valueRequired":true,"valueName":"search_term_string"}}],"inLanguage":"en-GB"},{"@type":"Organization","@id":"https:\/\/www.adler-tgm.de\/#organization","name":"Hotel Schwarzer Adler Tangerm\u00fcnde","url":"https:\/\/www.adler-tgm.de\/","logo":{"@type":"ImageObject","inLanguage":"en-GB","@id":"https:\/\/www.adler-tgm.de\/#\/schema\/logo\/image\/","url":"https:\/\/www.adler-tgm.de\/wp-content\/uploads\/2021\/01\/logo.png","contentUrl":"https:\/\/www.adler-tgm.de\/wp-content\/uploads\/2021\/01\/logo.png","width":326,"height":261,"caption":"Hotel Schwarzer Adler Tangerm\u00fcnde"},"image":{"@id":"https:\/\/www.adler-tgm.de\/#\/schema\/logo\/image\/"}}]}},"_links":{"self":[{"href":"https:\/\/www.adler-tgm.de\/en\/wp-json\/wp\/v2\/pages\/122","targetHints":{"allow":["GET"]}}],"collection":[{"href":"https:\/\/www.adler-tgm.de\/en\/wp-json\/wp\/v2\/pages"}],"about":[{"href":"https:\/\/www.adler-tgm.de\/en\/wp-json\/wp\/v2\/types\/page"}],"author":[{"embeddable":true,"href":"https:\/\/www.adler-tgm.de\/en\/wp-json\/wp\/v2\/users\/1"}],"replies":[{"embeddable":true,"href":"https:\/\/www.adler-tgm.de\/en\/wp-json\/wp\/v2\/comments?post=122"}],"version-history":[{"count":4,"href":"https:\/\/www.adler-tgm.de\/en\/wp-json\/wp\/v2\/pages\/122\/revisions"}],"predecessor-version":[{"id":421,"href":"https:\/\/www.adler-tgm.de\/en\/wp-json\/wp\/v2\/pages\/122\/revisions\/421"}],"wp:attachment":[{"href":"https:\/\/www.adler-tgm.de\/en\/wp-json\/wp\/v2\/media?parent=122"}],"curies":[{"name":"wp","href":"https:\/\/api.w.org\/{rel}","templated":true}]}}