{"id":2,"date":"2021-01-05T12:25:24","date_gmt":"2021-01-05T11:25:24","guid":{"rendered":"http:\/\/wp.adler-tgm.de\/?page_id=2"},"modified":"2024-09-11T14:02:56","modified_gmt":"2024-09-11T12:02:56","slug":"hotel-schwarzer-adler-tangermuende","status":"publish","type":"page","link":"https:\/\/www.adler-tgm.de\/en\/","title":{"rendered":"Hotel Schwarzer Adler Tangerm\u00fcnde"},"content":{"rendered":"<div data-elementor-type=\"wp-page\" data-elementor-id=\"2\" class=\"elementor elementor-2\" data-elementor-post-type=\"page\">\n\t\t\t\t\t\t<section class=\"elementor-section elementor-top-section elementor-element elementor-element-fb89231 elementor-section-boxed elementor-section-height-default elementor-section-height-default\" data-id=\"fb89231\" data-element_type=\"section\" data-e-type=\"section\">\n\t\t\t\t\t\t<div class=\"elementor-container elementor-column-gap-default\">\n\t\t\t\t\t<div class=\"elementor-column elementor-col-100 elementor-top-column elementor-element elementor-element-3638cc09\" data-id=\"3638cc09\" data-element_type=\"column\" data-e-type=\"column\">\n\t\t\t<div class=\"elementor-widget-wrap elementor-element-populated\">\n\t\t\t\t\t\t<div class=\"elementor-element elementor-element-26f8f1e0 elementor-widget elementor-widget-text-editor\" data-id=\"26f8f1e0\" data-element_type=\"widget\" data-e-type=\"widget\" data-widget_type=\"text-editor.default\">\n\t\t\t\t<div class=\"elementor-widget-container\">\n\t\t\t\t\t\t\t\t\t<p>Amidst beautiful scenery of the historic district of Tangerm\u00fcnde, only few steps away from the bank of the river Elbe, the \u201cHotel Schwarzer Adler\u201d spans over three streets. Grown from old tradition, our house today is a favored place for travel groups and individual travelers, conferences as well as festivities of every kind. Start your tour back into the 15. Century right here and get fascinated by the unique atmosphere of the erstwhile imperial city. To this day numerous well-preserved buildings witness the prosperity of those times. You can stroll on the literary pathways of the Fontane novella and visit the historical scene of the famous Grete Minde. But not just the historic district invites to exploration tours. Hire yourself a bike and ride alongside the diverse landscape of Altmark villages and old cities.<\/p>\t\t\t\t\t\t\t\t<\/div>\n\t\t\t\t<\/div>\n\t\t\t\t\t<\/div>\n\t\t<\/div>\n\t\t\t\t\t<\/div>\n\t\t<\/section>\n\t\t\t\t<section class=\"elementor-section elementor-top-section elementor-element elementor-element-78e4dc8 elementor-section-boxed elementor-section-height-default elementor-section-height-default\" data-id=\"78e4dc8\" data-element_type=\"section\" data-e-type=\"section\">\n\t\t\t\t\t\t<div class=\"elementor-container elementor-column-gap-default\">\n\t\t\t\t\t<div class=\"elementor-column elementor-col-100 elementor-top-column elementor-element elementor-element-f5b3e6c\" data-id=\"f5b3e6c\" data-element_type=\"column\" data-e-type=\"column\">\n\t\t\t<div class=\"elementor-widget-wrap elementor-element-populated\">\n\t\t\t\t\t\t<div class=\"elementor-element elementor-element-350da77 elementor-grid-2 elementor-grid-tablet-2 elementor-grid-mobile-1 elementor-posts--thumbnail-top elementor-card-shadow-yes elementor-posts__hover-gradient elementor-widget elementor-widget-posts\" data-id=\"350da77\" data-element_type=\"widget\" data-e-type=\"widget\" data-settings=\"{&quot;cards_columns&quot;:&quot;2&quot;,&quot;cards_columns_tablet&quot;:&quot;2&quot;,&quot;cards_columns_mobile&quot;:&quot;1&quot;,&quot;cards_row_gap&quot;:{&quot;unit&quot;:&quot;px&quot;,&quot;size&quot;:35,&quot;sizes&quot;:[]},&quot;cards_row_gap_tablet&quot;:{&quot;unit&quot;:&quot;px&quot;,&quot;size&quot;:&quot;&quot;,&quot;sizes&quot;:[]},&quot;cards_row_gap_mobile&quot;:{&quot;unit&quot;:&quot;px&quot;,&quot;size&quot;:&quot;&quot;,&quot;sizes&quot;:[]}}\" data-widget_type=\"posts.cards\">\n\t\t\t\t<div class=\"elementor-widget-container\">\n\t\t\t\t\t\t\t<div class=\"elementor-posts-container elementor-posts elementor-posts--skin-cards elementor-grid\" role=\"list\">\n\t\t\t\t<article class=\"elementor-post elementor-grid-item post-83 page type-page status-publish has-post-thumbnail hentry\" role=\"listitem\">\n\t\t\t<div class=\"elementor-post__card\">\n\t\t\t\t<a class=\"elementor-post__thumbnail__link\" href=\"https:\/\/www.adler-tgm.de\/en\/hotel-schwarzer-adler\/\" tabindex=\"-1\" ><div class=\"elementor-post__thumbnail\"><img fetchpriority=\"high\" decoding=\"async\" width=\"300\" height=\"258\" src=\"https:\/\/www.adler-tgm.de\/wp-content\/uploads\/2021\/01\/tgm_unser_hotel-1-300x258.jpg\" class=\"attachment-medium size-medium wp-image-63\" alt=\"\" srcset=\"https:\/\/www.adler-tgm.de\/wp-content\/uploads\/2021\/01\/tgm_unser_hotel-1-300x258.jpg 300w, https:\/\/www.adler-tgm.de\/wp-content\/uploads\/2021\/01\/tgm_unser_hotel-1-1024x881.jpg 1024w, https:\/\/www.adler-tgm.de\/wp-content\/uploads\/2021\/01\/tgm_unser_hotel-1-768x660.jpg 768w, https:\/\/www.adler-tgm.de\/wp-content\/uploads\/2021\/01\/tgm_unser_hotel-1-1536x1321.jpg 1536w, https:\/\/www.adler-tgm.de\/wp-content\/uploads\/2021\/01\/tgm_unser_hotel-1.jpg 2000w\" sizes=\"(max-width: 300px) 100vw, 300px\" \/><\/div><\/a>\n\t\t\t\t<div class=\"elementor-post__text\">\n\t\t\t\t<h3 class=\"elementor-post__title\">\n\t\t\t<a href=\"https:\/\/www.adler-tgm.de\/en\/hotel-schwarzer-adler\/\" >\n\t\t\t\tHotel Schwarzer Adler\t\t\t<\/a>\n\t\t<\/h3>\n\t\t\t\t<div class=\"elementor-post__excerpt\">\n\t\t\t<p>Von&nbsp;gem\u00fctlichem bis hin zu gro\u00dfz\u00fcgigem Schlaf- und Wohnraum mit herrlichen Ausblick auf den wundersch\u00f6nen Hotelgarten<\/p>\n\t\t<\/div>\n\t\t\n\t\t<a class=\"elementor-post__read-more\" href=\"https:\/\/www.adler-tgm.de\/en\/hotel-schwarzer-adler\/\" aria-label=\"Read more about Hotel Schwarzer Adler\" tabindex=\"-1\" >\n\t\t\tAnschauen \u00bb\t\t<\/a>\n\n\t\t\t\t<\/div>\n\t\t\t\t\t<\/div>\n\t\t<\/article>\n\t\t\t\t<article class=\"elementor-post elementor-grid-item post-87 page type-page status-publish has-post-thumbnail hentry\" role=\"listitem\">\n\t\t\t<div class=\"elementor-post__card\">\n\t\t\t\t<a class=\"elementor-post__thumbnail__link\" href=\"https:\/\/www.adler-tgm.de\/en\/festsaal\/\" tabindex=\"-1\" ><div class=\"elementor-post__thumbnail\"><img decoding=\"async\" width=\"300\" height=\"200\" data-src=\"https:\/\/www.adler-tgm.de\/wp-content\/uploads\/2021\/01\/IMG_6634-HDR-300x200.jpg\" class=\"attachment-medium size-medium wp-image-80 lazyload\" alt=\"\" data-srcset=\"https:\/\/www.adler-tgm.de\/wp-content\/uploads\/2021\/01\/IMG_6634-HDR-300x200.jpg 300w, https:\/\/www.adler-tgm.de\/wp-content\/uploads\/2021\/01\/IMG_6634-HDR-1024x682.jpg 1024w, https:\/\/www.adler-tgm.de\/wp-content\/uploads\/2021\/01\/IMG_6634-HDR-768x512.jpg 768w, https:\/\/www.adler-tgm.de\/wp-content\/uploads\/2021\/01\/IMG_6634-HDR-1536x1024.jpg 1536w, https:\/\/www.adler-tgm.de\/wp-content\/uploads\/2021\/01\/IMG_6634-HDR.jpg 2000w\" data-sizes=\"(max-width: 300px) 100vw, 300px\" src=\"data:image\/svg+xml;base64,PHN2ZyB3aWR0aD0iMSIgaGVpZ2h0PSIxIiB4bWxucz0iaHR0cDovL3d3dy53My5vcmcvMjAwMC9zdmciPjwvc3ZnPg==\" style=\"--smush-placeholder-width: 300px; --smush-placeholder-aspect-ratio: 300\/200;\" \/><\/div><\/a>\n\t\t\t\t<div class=\"elementor-post__text\">\n\t\t\t\t<h3 class=\"elementor-post__title\">\n\t\t\t<a href=\"https:\/\/www.adler-tgm.de\/en\/festsaal\/\" >\n\t\t\t\tFestsaal\t\t\t<\/a>\n\t\t<\/h3>\n\t\t\t\t<div class=\"elementor-post__excerpt\">\n\t\t\t<p>Die aufwendigen Stuckarbeiten, die seidene Tapete und opulente Kronleuchter verleihen dem Festsaal einen ganz besonderen<\/p>\n\t\t<\/div>\n\t\t\n\t\t<a class=\"elementor-post__read-more\" href=\"https:\/\/www.adler-tgm.de\/en\/festsaal\/\" aria-label=\"Read more about Festsaal\" tabindex=\"-1\" >\n\t\t\tAnschauen \u00bb\t\t<\/a>\n\n\t\t\t\t<\/div>\n\t\t\t\t\t<\/div>\n\t\t<\/article>\n\t\t\t\t<article class=\"elementor-post elementor-grid-item post-89 page type-page status-publish has-post-thumbnail hentry\" role=\"listitem\">\n\t\t\t<div class=\"elementor-post__card\">\n\t\t\t\t<a class=\"elementor-post__thumbnail__link\" href=\"https:\/\/www.adler-tgm.de\/en\/tagung\/\" tabindex=\"-1\" ><div class=\"elementor-post__thumbnail\"><img decoding=\"async\" width=\"300\" height=\"200\" data-src=\"https:\/\/www.adler-tgm.de\/wp-content\/uploads\/2021\/01\/IMG_6919-HDR-300x200.jpg\" class=\"attachment-medium size-medium wp-image-67 lazyload\" alt=\"\" data-srcset=\"https:\/\/www.adler-tgm.de\/wp-content\/uploads\/2021\/01\/IMG_6919-HDR-300x200.jpg 300w, https:\/\/www.adler-tgm.de\/wp-content\/uploads\/2021\/01\/IMG_6919-HDR-1024x682.jpg 1024w, https:\/\/www.adler-tgm.de\/wp-content\/uploads\/2021\/01\/IMG_6919-HDR-768x512.jpg 768w, https:\/\/www.adler-tgm.de\/wp-content\/uploads\/2021\/01\/IMG_6919-HDR-1536x1024.jpg 1536w, https:\/\/www.adler-tgm.de\/wp-content\/uploads\/2021\/01\/IMG_6919-HDR.jpg 2000w\" data-sizes=\"(max-width: 300px) 100vw, 300px\" src=\"data:image\/svg+xml;base64,PHN2ZyB3aWR0aD0iMSIgaGVpZ2h0PSIxIiB4bWxucz0iaHR0cDovL3d3dy53My5vcmcvMjAwMC9zdmciPjwvc3ZnPg==\" style=\"--smush-placeholder-width: 300px; --smush-placeholder-aspect-ratio: 300\/200;\" \/><\/div><\/a>\n\t\t\t\t<div class=\"elementor-post__text\">\n\t\t\t\t<h3 class=\"elementor-post__title\">\n\t\t\t<a href=\"https:\/\/www.adler-tgm.de\/en\/tagung\/\" >\n\t\t\t\tTagung\t\t\t<\/a>\n\t\t<\/h3>\n\t\t\t\t<div class=\"elementor-post__excerpt\">\n\t\t\t<p>Egal ob ein kleiner Seminarraum f\u00fcr 20 Personen oder ein Tagungsraum f\u00fcr 120 Personen \u2013<\/p>\n\t\t<\/div>\n\t\t\n\t\t<a class=\"elementor-post__read-more\" href=\"https:\/\/www.adler-tgm.de\/en\/tagung\/\" aria-label=\"Read more about Tagung\" tabindex=\"-1\" >\n\t\t\tAnschauen \u00bb\t\t<\/a>\n\n\t\t\t\t<\/div>\n\t\t\t\t\t<\/div>\n\t\t<\/article>\n\t\t\t\t<article class=\"elementor-post elementor-grid-item post-91 page type-page status-publish has-post-thumbnail hentry\" role=\"listitem\">\n\t\t\t<div class=\"elementor-post__card\">\n\t\t\t\t<a class=\"elementor-post__thumbnail__link\" href=\"https:\/\/www.adler-tgm.de\/en\/freizeit\/\" tabindex=\"-1\" ><div class=\"elementor-post__thumbnail\"><img decoding=\"async\" width=\"300\" height=\"200\" data-src=\"https:\/\/www.adler-tgm.de\/wp-content\/uploads\/2021\/01\/IMG_4488_80p-300x200.jpg\" class=\"attachment-medium size-medium wp-image-57 lazyload\" alt=\"\" data-srcset=\"https:\/\/www.adler-tgm.de\/wp-content\/uploads\/2021\/01\/IMG_4488_80p-300x200.jpg 300w, https:\/\/www.adler-tgm.de\/wp-content\/uploads\/2021\/01\/IMG_4488_80p-1024x682.jpg 1024w, https:\/\/www.adler-tgm.de\/wp-content\/uploads\/2021\/01\/IMG_4488_80p-768x512.jpg 768w, https:\/\/www.adler-tgm.de\/wp-content\/uploads\/2021\/01\/IMG_4488_80p-1536x1024.jpg 1536w, https:\/\/www.adler-tgm.de\/wp-content\/uploads\/2021\/01\/IMG_4488_80p.jpg 2000w\" data-sizes=\"(max-width: 300px) 100vw, 300px\" src=\"data:image\/svg+xml;base64,PHN2ZyB3aWR0aD0iMSIgaGVpZ2h0PSIxIiB4bWxucz0iaHR0cDovL3d3dy53My5vcmcvMjAwMC9zdmciPjwvc3ZnPg==\" style=\"--smush-placeholder-width: 300px; --smush-placeholder-aspect-ratio: 300\/200;\" \/><\/div><\/a>\n\t\t\t\t<div class=\"elementor-post__text\">\n\t\t\t\t<h3 class=\"elementor-post__title\">\n\t\t\t<a href=\"https:\/\/www.adler-tgm.de\/en\/freizeit\/\" >\n\t\t\t\tFreizeit\t\t\t<\/a>\n\t\t<\/h3>\n\t\t\t\t<div class=\"elementor-post__excerpt\">\n\t\t\t<p>Die \u00fcber die Jahrhunderte landwirtschaftlich gepr\u00e4gte Altmark geh\u00f6rt zweifelsohne zu den sch\u00f6nsten Gegenden Deutschlands. Auenwaldreste,<\/p>\n\t\t<\/div>\n\t\t\n\t\t<a class=\"elementor-post__read-more\" href=\"https:\/\/www.adler-tgm.de\/en\/freizeit\/\" aria-label=\"Read more about Freizeit\" tabindex=\"-1\" >\n\t\t\tAnschauen \u00bb\t\t<\/a>\n\n\t\t\t\t<\/div>\n\t\t\t\t\t<\/div>\n\t\t<\/article>\n\t\t\t\t<article class=\"elementor-post elementor-grid-item post-93 page type-page status-publish has-post-thumbnail hentry\" role=\"listitem\">\n\t\t\t<div class=\"elementor-post__card\">\n\t\t\t\t<a class=\"elementor-post__thumbnail__link\" href=\"https:\/\/www.adler-tgm.de\/en\/arrangement\/\" tabindex=\"-1\" ><div class=\"elementor-post__thumbnail\"><img decoding=\"async\" width=\"300\" height=\"200\" data-src=\"https:\/\/www.adler-tgm.de\/wp-content\/uploads\/2021\/01\/tgm_wintergarten-300x200.jpg\" class=\"attachment-medium size-medium wp-image-65 lazyload\" alt=\"\" data-srcset=\"https:\/\/www.adler-tgm.de\/wp-content\/uploads\/2021\/01\/tgm_wintergarten-300x200.jpg 300w, https:\/\/www.adler-tgm.de\/wp-content\/uploads\/2021\/01\/tgm_wintergarten-1024x682.jpg 1024w, https:\/\/www.adler-tgm.de\/wp-content\/uploads\/2021\/01\/tgm_wintergarten-768x512.jpg 768w, https:\/\/www.adler-tgm.de\/wp-content\/uploads\/2021\/01\/tgm_wintergarten-1536x1024.jpg 1536w, https:\/\/www.adler-tgm.de\/wp-content\/uploads\/2021\/01\/tgm_wintergarten.jpg 2000w\" data-sizes=\"(max-width: 300px) 100vw, 300px\" src=\"data:image\/svg+xml;base64,PHN2ZyB3aWR0aD0iMSIgaGVpZ2h0PSIxIiB4bWxucz0iaHR0cDovL3d3dy53My5vcmcvMjAwMC9zdmciPjwvc3ZnPg==\" style=\"--smush-placeholder-width: 300px; --smush-placeholder-aspect-ratio: 300\/200;\" \/><\/div><\/a>\n\t\t\t\t<div class=\"elementor-post__text\">\n\t\t\t\t<h3 class=\"elementor-post__title\">\n\t\t\t<a href=\"https:\/\/www.adler-tgm.de\/en\/arrangement\/\" >\n\t\t\t\tArrangement\t\t\t<\/a>\n\t\t<\/h3>\n\t\t\t\t<div class=\"elementor-post__excerpt\">\n\t\t\t\t\t<\/div>\n\t\t\n\t\t<a class=\"elementor-post__read-more\" href=\"https:\/\/www.adler-tgm.de\/en\/arrangement\/\" aria-label=\"Read more about Arrangement\" tabindex=\"-1\" >\n\t\t\tAnschauen \u00bb\t\t<\/a>\n\n\t\t\t\t<\/div>\n\t\t\t\t\t<\/div>\n\t\t<\/article>\n\t\t\t\t<\/div>\n\t\t\n\t\t\t\t\t\t<\/div>\n\t\t\t\t<\/div>\n\t\t\t\t\t<\/div>\n\t\t<\/div>\n\t\t\t\t\t<\/div>\n\t\t<\/section>\n\t\t\t\t<\/div>","protected":false},"excerpt":{"rendered":"<p>Nur wenige Schritte vom Elbufer entfernt, mitten in der historischen Altstadt, erstreckt sich \u00fcber drei Stra\u00dfenz\u00fcge das Hotel \u201eSchwarzer Adler\u201c. Aus Tradition gewachsen ist unser Haus heute ein beliebtes Ziel f\u00fcr \u00dcbernachtungsg\u00e4ste, Reisegruppen, Individualreisende, Tagungen und Feierlichkeiten jeglicher Art.\u00a0Beginnen Sie von hieraus Ihre Tour zur\u00fcck in das 15. Jahrhundert und lassen sich vom unverwechselbaren Flair [&hellip;]<\/p>\n","protected":false},"author":1,"featured_media":56,"parent":0,"menu_order":0,"comment_status":"closed","ping_status":"closed","template":"","meta":{"footnotes":""},"class_list":["post-2","page","type-page","status-publish","has-post-thumbnail","hentry"],"yoast_head":"<!-- This site is optimized with the Yoast SEO plugin v27.4 - https:\/\/yoast.com\/product\/yoast-seo-wordpress\/ -->\n<title>Hotel Schwarzer Adler Tangerm\u00fcnde - Hotel Schwarzer Adler Tangerm\u00fcnde<\/title>\n<meta name=\"robots\" content=\"index, follow, max-snippet:-1, max-image-preview:large, max-video-preview:-1\" \/>\n<link rel=\"canonical\" href=\"https:\/\/www.adler-tgm.de\/en\/\" \/>\n<meta property=\"og:locale\" content=\"en_GB\" \/>\n<meta property=\"og:type\" content=\"article\" \/>\n<meta property=\"og:title\" content=\"Hotel Schwarzer Adler Tangerm\u00fcnde - Hotel Schwarzer Adler Tangerm\u00fcnde\" \/>\n<meta property=\"og:description\" content=\"Nur wenige Schritte vom Elbufer entfernt, mitten in der historischen Altstadt, erstreckt sich \u00fcber drei Stra\u00dfenz\u00fcge das Hotel \u201eSchwarzer Adler\u201c. Aus Tradition gewachsen ist unser Haus heute ein beliebtes Ziel f\u00fcr \u00dcbernachtungsg\u00e4ste, Reisegruppen, Individualreisende, Tagungen und Feierlichkeiten jeglicher Art.\u00a0Beginnen Sie von hieraus Ihre Tour zur\u00fcck in das 15. Jahrhundert und lassen sich vom unverwechselbaren Flair [&hellip;]\" \/>\n<meta property=\"og:url\" content=\"https:\/\/www.adler-tgm.de\/en\/\" \/>\n<meta property=\"og:site_name\" content=\"Hotel Schwarzer Adler Tangerm\u00fcnde\" \/>\n<meta property=\"article:modified_time\" content=\"2024-09-11T12:02:56+00:00\" \/>\n<meta property=\"og:image\" content=\"https:\/\/www.adler-tgm.de\/wp-content\/uploads\/2021\/01\/IMG_4346-1024x682.jpg\" \/>\n\t<meta property=\"og:image:width\" content=\"1024\" \/>\n\t<meta property=\"og:image:height\" content=\"682\" \/>\n\t<meta property=\"og:image:type\" content=\"image\/jpeg\" \/>\n<meta name=\"twitter:card\" content=\"summary_large_image\" \/>\n<meta name=\"twitter:label1\" content=\"Estimated reading time\" \/>\n\t<meta name=\"twitter:data1\" content=\"4 minutes\" \/>\n<script type=\"application\/ld+json\" class=\"yoast-schema-graph\">{\"@context\":\"https:\\\/\\\/schema.org\",\"@graph\":[{\"@type\":\"WebPage\",\"@id\":\"https:\\\/\\\/www.adler-tgm.de\\\/\",\"url\":\"https:\\\/\\\/www.adler-tgm.de\\\/\",\"name\":\"Hotel Schwarzer Adler Tangerm\u00fcnde - Hotel Schwarzer Adler Tangerm\u00fcnde\",\"isPartOf\":{\"@id\":\"https:\\\/\\\/www.adler-tgm.de\\\/#website\"},\"primaryImageOfPage\":{\"@id\":\"https:\\\/\\\/www.adler-tgm.de\\\/#primaryimage\"},\"image\":{\"@id\":\"https:\\\/\\\/www.adler-tgm.de\\\/#primaryimage\"},\"thumbnailUrl\":\"https:\\\/\\\/www.adler-tgm.de\\\/wp-content\\\/uploads\\\/2021\\\/01\\\/IMG_4346.jpg\",\"datePublished\":\"2021-01-05T11:25:24+00:00\",\"dateModified\":\"2024-09-11T12:02:56+00:00\",\"breadcrumb\":{\"@id\":\"https:\\\/\\\/www.adler-tgm.de\\\/#breadcrumb\"},\"inLanguage\":\"en-GB\",\"potentialAction\":[{\"@type\":\"ReadAction\",\"target\":[\"https:\\\/\\\/www.adler-tgm.de\\\/\"]}]},{\"@type\":\"ImageObject\",\"inLanguage\":\"en-GB\",\"@id\":\"https:\\\/\\\/www.adler-tgm.de\\\/#primaryimage\",\"url\":\"https:\\\/\\\/www.adler-tgm.de\\\/wp-content\\\/uploads\\\/2021\\\/01\\\/IMG_4346.jpg\",\"contentUrl\":\"https:\\\/\\\/www.adler-tgm.de\\\/wp-content\\\/uploads\\\/2021\\\/01\\\/IMG_4346.jpg\",\"width\":2000,\"height\":1333},{\"@type\":\"BreadcrumbList\",\"@id\":\"https:\\\/\\\/www.adler-tgm.de\\\/#breadcrumb\",\"itemListElement\":[{\"@type\":\"ListItem\",\"position\":1,\"name\":\"Startseite\",\"item\":\"https:\\\/\\\/www.adler-tgm.de\\\/\"},{\"@type\":\"ListItem\",\"position\":2,\"name\":\"Hotel Schwarzer Adler Tangerm\u00fcnde\"}]},{\"@type\":\"WebSite\",\"@id\":\"https:\\\/\\\/www.adler-tgm.de\\\/#website\",\"url\":\"https:\\\/\\\/www.adler-tgm.de\\\/\",\"name\":\"Hotel Schwarzer Adler Tangerm\u00fcnde\",\"description\":\"Ihr Hotel in der Kaiserstadt Tangerm\u00fcnde\",\"publisher\":{\"@id\":\"https:\\\/\\\/www.adler-tgm.de\\\/#organization\"},\"potentialAction\":[{\"@type\":\"SearchAction\",\"target\":{\"@type\":\"EntryPoint\",\"urlTemplate\":\"https:\\\/\\\/www.adler-tgm.de\\\/?s={search_term_string}\"},\"query-input\":{\"@type\":\"PropertyValueSpecification\",\"valueRequired\":true,\"valueName\":\"search_term_string\"}}],\"inLanguage\":\"en-GB\"},{\"@type\":\"Organization\",\"@id\":\"https:\\\/\\\/www.adler-tgm.de\\\/#organization\",\"name\":\"Hotel Schwarzer Adler Tangerm\u00fcnde\",\"url\":\"https:\\\/\\\/www.adler-tgm.de\\\/\",\"logo\":{\"@type\":\"ImageObject\",\"inLanguage\":\"en-GB\",\"@id\":\"https:\\\/\\\/www.adler-tgm.de\\\/#\\\/schema\\\/logo\\\/image\\\/\",\"url\":\"https:\\\/\\\/www.adler-tgm.de\\\/wp-content\\\/uploads\\\/2021\\\/01\\\/logo.png\",\"contentUrl\":\"https:\\\/\\\/www.adler-tgm.de\\\/wp-content\\\/uploads\\\/2021\\\/01\\\/logo.png\",\"width\":326,\"height\":261,\"caption\":\"Hotel Schwarzer Adler Tangerm\u00fcnde\"},\"image\":{\"@id\":\"https:\\\/\\\/www.adler-tgm.de\\\/#\\\/schema\\\/logo\\\/image\\\/\"}}]}<\/script>\n<!-- \/ Yoast SEO plugin. -->","yoast_head_json":{"title":"Hotel Schwarzer Adler Tangerm\u00fcnde - Hotel Schwarzer Adler Tangerm\u00fcnde","robots":{"index":"index","follow":"follow","max-snippet":"max-snippet:-1","max-image-preview":"max-image-preview:large","max-video-preview":"max-video-preview:-1"},"canonical":"https:\/\/www.adler-tgm.de\/en\/","og_locale":"en_GB","og_type":"article","og_title":"Hotel Schwarzer Adler Tangerm\u00fcnde - Hotel Schwarzer Adler Tangerm\u00fcnde","og_description":"Nur wenige Schritte vom Elbufer entfernt, mitten in der historischen Altstadt, erstreckt sich \u00fcber drei Stra\u00dfenz\u00fcge das Hotel \u201eSchwarzer Adler\u201c. Aus Tradition gewachsen ist unser Haus heute ein beliebtes Ziel f\u00fcr \u00dcbernachtungsg\u00e4ste, Reisegruppen, Individualreisende, Tagungen und Feierlichkeiten jeglicher Art.\u00a0Beginnen Sie von hieraus Ihre Tour zur\u00fcck in das 15. Jahrhundert und lassen sich vom unverwechselbaren Flair [&hellip;]","og_url":"https:\/\/www.adler-tgm.de\/en\/","og_site_name":"Hotel Schwarzer Adler Tangerm\u00fcnde","article_modified_time":"2024-09-11T12:02:56+00:00","og_image":[{"width":1024,"height":682,"url":"https:\/\/www.adler-tgm.de\/wp-content\/uploads\/2021\/01\/IMG_4346-1024x682.jpg","type":"image\/jpeg"}],"twitter_card":"summary_large_image","twitter_misc":{"Estimated reading time":"4 minutes"},"schema":{"@context":"https:\/\/schema.org","@graph":[{"@type":"WebPage","@id":"https:\/\/www.adler-tgm.de\/","url":"https:\/\/www.adler-tgm.de\/","name":"Hotel Schwarzer Adler Tangerm\u00fcnde - Hotel Schwarzer Adler Tangerm\u00fcnde","isPartOf":{"@id":"https:\/\/www.adler-tgm.de\/#website"},"primaryImageOfPage":{"@id":"https:\/\/www.adler-tgm.de\/#primaryimage"},"image":{"@id":"https:\/\/www.adler-tgm.de\/#primaryimage"},"thumbnailUrl":"https:\/\/www.adler-tgm.de\/wp-content\/uploads\/2021\/01\/IMG_4346.jpg","datePublished":"2021-01-05T11:25:24+00:00","dateModified":"2024-09-11T12:02:56+00:00","breadcrumb":{"@id":"https:\/\/www.adler-tgm.de\/#breadcrumb"},"inLanguage":"en-GB","potentialAction":[{"@type":"ReadAction","target":["https:\/\/www.adler-tgm.de\/"]}]},{"@type":"ImageObject","inLanguage":"en-GB","@id":"https:\/\/www.adler-tgm.de\/#primaryimage","url":"https:\/\/www.adler-tgm.de\/wp-content\/uploads\/2021\/01\/IMG_4346.jpg","contentUrl":"https:\/\/www.adler-tgm.de\/wp-content\/uploads\/2021\/01\/IMG_4346.jpg","width":2000,"height":1333},{"@type":"BreadcrumbList","@id":"https:\/\/www.adler-tgm.de\/#breadcrumb","itemListElement":[{"@type":"ListItem","position":1,"name":"Startseite","item":"https:\/\/www.adler-tgm.de\/"},{"@type":"ListItem","position":2,"name":"Hotel Schwarzer Adler Tangerm\u00fcnde"}]},{"@type":"WebSite","@id":"https:\/\/www.adler-tgm.de\/#website","url":"https:\/\/www.adler-tgm.de\/","name":"Hotel Schwarzer Adler Tangerm\u00fcnde","description":"Ihr Hotel in der Kaiserstadt Tangerm\u00fcnde","publisher":{"@id":"https:\/\/www.adler-tgm.de\/#organization"},"potentialAction":[{"@type":"SearchAction","target":{"@type":"EntryPoint","urlTemplate":"https:\/\/www.adler-tgm.de\/?s={search_term_string}"},"query-input":{"@type":"PropertyValueSpecification","valueRequired":true,"valueName":"search_term_string"}}],"inLanguage":"en-GB"},{"@type":"Organization","@id":"https:\/\/www.adler-tgm.de\/#organization","name":"Hotel Schwarzer Adler Tangerm\u00fcnde","url":"https:\/\/www.adler-tgm.de\/","logo":{"@type":"ImageObject","inLanguage":"en-GB","@id":"https:\/\/www.adler-tgm.de\/#\/schema\/logo\/image\/","url":"https:\/\/www.adler-tgm.de\/wp-content\/uploads\/2021\/01\/logo.png","contentUrl":"https:\/\/www.adler-tgm.de\/wp-content\/uploads\/2021\/01\/logo.png","width":326,"height":261,"caption":"Hotel Schwarzer Adler Tangerm\u00fcnde"},"image":{"@id":"https:\/\/www.adler-tgm.de\/#\/schema\/logo\/image\/"}}]}},"_links":{"self":[{"href":"https:\/\/www.adler-tgm.de\/en\/wp-json\/wp\/v2\/pages\/2","targetHints":{"allow":["GET"]}}],"collection":[{"href":"https:\/\/www.adler-tgm.de\/en\/wp-json\/wp\/v2\/pages"}],"about":[{"href":"https:\/\/www.adler-tgm.de\/en\/wp-json\/wp\/v2\/types\/page"}],"author":[{"embeddable":true,"href":"https:\/\/www.adler-tgm.de\/en\/wp-json\/wp\/v2\/users\/1"}],"replies":[{"embeddable":true,"href":"https:\/\/www.adler-tgm.de\/en\/wp-json\/wp\/v2\/comments?post=2"}],"version-history":[{"count":11,"href":"https:\/\/www.adler-tgm.de\/en\/wp-json\/wp\/v2\/pages\/2\/revisions"}],"predecessor-version":[{"id":713,"href":"https:\/\/www.adler-tgm.de\/en\/wp-json\/wp\/v2\/pages\/2\/revisions\/713"}],"wp:featuredmedia":[{"embeddable":true,"href":"https:\/\/www.adler-tgm.de\/en\/wp-json\/wp\/v2\/media\/56"}],"wp:attachment":[{"href":"https:\/\/www.adler-tgm.de\/en\/wp-json\/wp\/v2\/media?parent=2"}],"curies":[{"name":"wp","href":"https:\/\/api.w.org\/{rel}","templated":true}]}}