{"id":401,"date":"2021-01-07T15:07:14","date_gmt":"2021-01-07T14:07:14","guid":{"rendered":"http:\/\/wp.adler-tgm.de\/?page_id=401"},"modified":"2021-01-07T15:08:52","modified_gmt":"2021-01-07T14:08:52","slug":"die-altmark","status":"publish","type":"page","link":"https:\/\/www.adler-tgm.de\/en\/freizeit\/die-region-erkunden\/die-altmark\/","title":{"rendered":"Die Altmark"},"content":{"rendered":"<div data-elementor-type=\"wp-page\" data-elementor-id=\"401\" class=\"elementor elementor-401\" data-elementor-post-type=\"page\">\n\t\t\t\t\t\t<section class=\"elementor-section elementor-top-section elementor-element elementor-element-ab2b234 elementor-section-boxed elementor-section-height-default elementor-section-height-default\" data-id=\"ab2b234\" data-element_type=\"section\" data-e-type=\"section\">\n\t\t\t\t\t\t<div class=\"elementor-container elementor-column-gap-default\">\n\t\t\t\t\t<div class=\"elementor-column elementor-col-100 elementor-top-column elementor-element elementor-element-d099bfe\" data-id=\"d099bfe\" data-element_type=\"column\" data-e-type=\"column\">\n\t\t\t<div class=\"elementor-widget-wrap elementor-element-populated\">\n\t\t\t\t\t\t<div class=\"elementor-element elementor-element-8b1615e elementor-widget elementor-widget-text-editor\" data-id=\"8b1615e\" data-element_type=\"widget\" data-e-type=\"widget\" data-widget_type=\"text-editor.default\">\n\t\t\t\t<div class=\"elementor-widget-container\">\n\t\t\t\t\t\t\t\t\t<p>Die Region der Altmark ist eine alte deutsche Kulturlandschaft. Hier liegt die \u201eWiege Preu\u00dfens\u201c und kaum eine andere Region in Deutschland hat so viele Hansest\u00e4dte auf engstem Raum vorzuweisen. Die Stra\u00dfe der Romanik und die deutsche Fachwerkstra\u00dfe f\u00fchren durch die Altmark, genau wie der ber\u00fchmte Jakobsweg. Neben der vielf\u00e4ltigen Kultur k\u00f6nnen Sie hier eine einzigartige Naturlandschaft entdecken, die eine reiche Vogel- und Tierwelt vorzuweisen hat und sich bei sportlichen Aktivit\u00e4ten auspowern, ob beim Radfahren auf dem Elberadweg, Paddeln auf der Elbe oder auf dem R\u00fccken eines Pferdes.<\/p>\t\t\t\t\t\t\t\t<\/div>\n\t\t\t\t<\/div>\n\t\t\t\t<div class=\"elementor-element elementor-element-9a41c58 elementor-widget elementor-widget-button\" data-id=\"9a41c58\" data-element_type=\"widget\" data-e-type=\"widget\" data-widget_type=\"button.default\">\n\t\t\t\t<div class=\"elementor-widget-container\">\n\t\t\t\t\t\t\t\t\t<div class=\"elementor-button-wrapper\">\n\t\t\t\t\t<a class=\"elementor-button elementor-button-link elementor-size-sm\" href=\"https:\/\/www.altmark.de\" target=\"_blank\">\n\t\t\t\t\t\t<span class=\"elementor-button-content-wrapper\">\n\t\t\t\t\t\t\t\t\t<span class=\"elementor-button-text\">Zum Altmark Portal<\/span>\n\t\t\t\t\t<\/span>\n\t\t\t\t\t<\/a>\n\t\t\t\t<\/div>\n\t\t\t\t\t\t\t\t<\/div>\n\t\t\t\t<\/div>\n\t\t\t\t\t<\/div>\n\t\t<\/div>\n\t\t\t\t\t<\/div>\n\t\t<\/section>\n\t\t\t\t<\/div>","protected":false},"excerpt":{"rendered":"<p>Die Region der Altmark ist eine alte deutsche Kulturlandschaft. Hier liegt die \u201eWiege Preu\u00dfens\u201c und kaum eine andere Region in Deutschland hat so viele Hansest\u00e4dte auf engstem Raum vorzuweisen. Die Stra\u00dfe der Romanik und die deutsche Fachwerkstra\u00dfe f\u00fchren durch die Altmark, genau wie der ber\u00fchmte Jakobsweg. Neben der vielf\u00e4ltigen Kultur k\u00f6nnen Sie hier eine einzigartige [&hellip;]<\/p>\n","protected":false},"author":1,"featured_media":402,"parent":114,"menu_order":0,"comment_status":"closed","ping_status":"closed","template":"","meta":{"footnotes":""},"class_list":["post-401","page","type-page","status-publish","has-post-thumbnail","hentry"],"yoast_head":"<!-- This site is optimized with the Yoast SEO plugin v27.4 - https:\/\/yoast.com\/product\/yoast-seo-wordpress\/ -->\n<title>Die Altmark - Hotel Schwarzer Adler Tangerm\u00fcnde<\/title>\n<meta name=\"robots\" content=\"index, follow, max-snippet:-1, max-image-preview:large, max-video-preview:-1\" \/>\n<link rel=\"canonical\" href=\"https:\/\/www.adler-tgm.de\/en\/freizeit\/die-region-erkunden\/die-altmark\/\" \/>\n<meta property=\"og:locale\" content=\"en_GB\" \/>\n<meta property=\"og:type\" content=\"article\" \/>\n<meta property=\"og:title\" content=\"Die Altmark - Hotel Schwarzer Adler Tangerm\u00fcnde\" \/>\n<meta property=\"og:description\" content=\"Die Region der Altmark ist eine alte deutsche Kulturlandschaft. Hier liegt die \u201eWiege Preu\u00dfens\u201c und kaum eine andere Region in Deutschland hat so viele Hansest\u00e4dte auf engstem Raum vorzuweisen. Die Stra\u00dfe der Romanik und die deutsche Fachwerkstra\u00dfe f\u00fchren durch die Altmark, genau wie der ber\u00fchmte Jakobsweg. Neben der vielf\u00e4ltigen Kultur k\u00f6nnen Sie hier eine einzigartige [&hellip;]\" \/>\n<meta property=\"og:url\" content=\"https:\/\/www.adler-tgm.de\/en\/freizeit\/die-region-erkunden\/die-altmark\/\" \/>\n<meta property=\"og:site_name\" content=\"Hotel Schwarzer Adler Tangerm\u00fcnde\" \/>\n<meta property=\"article:modified_time\" content=\"2021-01-07T14:08:52+00:00\" \/>\n<meta property=\"og:image\" content=\"https:\/\/www.adler-tgm.de\/wp-content\/uploads\/2021\/01\/altmark_de20180927_zichtau_123altmark_06-scaled.jpg\" \/>\n\t<meta property=\"og:image:width\" content=\"2560\" \/>\n\t<meta property=\"og:image:height\" content=\"1707\" \/>\n\t<meta property=\"og:image:type\" content=\"image\/jpeg\" \/>\n<meta name=\"twitter:card\" content=\"summary_large_image\" \/>\n<meta name=\"twitter:label1\" content=\"Estimated reading time\" \/>\n\t<meta name=\"twitter:data1\" content=\"1 minute\" \/>\n<script type=\"application\/ld+json\" class=\"yoast-schema-graph\">{\"@context\":\"https:\\\/\\\/schema.org\",\"@graph\":[{\"@type\":\"WebPage\",\"@id\":\"https:\\\/\\\/www.adler-tgm.de\\\/en\\\/freizeit\\\/die-region-erkunden\\\/die-altmark\\\/\",\"url\":\"https:\\\/\\\/www.adler-tgm.de\\\/en\\\/freizeit\\\/die-region-erkunden\\\/die-altmark\\\/\",\"name\":\"Die Altmark - Hotel Schwarzer Adler Tangerm\u00fcnde\",\"isPartOf\":{\"@id\":\"https:\\\/\\\/www.adler-tgm.de\\\/#website\"},\"primaryImageOfPage\":{\"@id\":\"https:\\\/\\\/www.adler-tgm.de\\\/en\\\/freizeit\\\/die-region-erkunden\\\/die-altmark\\\/#primaryimage\"},\"image\":{\"@id\":\"https:\\\/\\\/www.adler-tgm.de\\\/en\\\/freizeit\\\/die-region-erkunden\\\/die-altmark\\\/#primaryimage\"},\"thumbnailUrl\":\"https:\\\/\\\/www.adler-tgm.de\\\/wp-content\\\/uploads\\\/2021\\\/01\\\/altmark_de20180927_zichtau_123altmark_06-scaled.jpg\",\"datePublished\":\"2021-01-07T14:07:14+00:00\",\"dateModified\":\"2021-01-07T14:08:52+00:00\",\"breadcrumb\":{\"@id\":\"https:\\\/\\\/www.adler-tgm.de\\\/en\\\/freizeit\\\/die-region-erkunden\\\/die-altmark\\\/#breadcrumb\"},\"inLanguage\":\"en-GB\",\"potentialAction\":[{\"@type\":\"ReadAction\",\"target\":[\"https:\\\/\\\/www.adler-tgm.de\\\/en\\\/freizeit\\\/die-region-erkunden\\\/die-altmark\\\/\"]}]},{\"@type\":\"ImageObject\",\"inLanguage\":\"en-GB\",\"@id\":\"https:\\\/\\\/www.adler-tgm.de\\\/en\\\/freizeit\\\/die-region-erkunden\\\/die-altmark\\\/#primaryimage\",\"url\":\"https:\\\/\\\/www.adler-tgm.de\\\/wp-content\\\/uploads\\\/2021\\\/01\\\/altmark_de20180927_zichtau_123altmark_06-scaled.jpg\",\"contentUrl\":\"https:\\\/\\\/www.adler-tgm.de\\\/wp-content\\\/uploads\\\/2021\\\/01\\\/altmark_de20180927_zichtau_123altmark_06-scaled.jpg\",\"width\":2560,\"height\":1707},{\"@type\":\"BreadcrumbList\",\"@id\":\"https:\\\/\\\/www.adler-tgm.de\\\/en\\\/freizeit\\\/die-region-erkunden\\\/die-altmark\\\/#breadcrumb\",\"itemListElement\":[{\"@type\":\"ListItem\",\"position\":1,\"name\":\"Startseite\",\"item\":\"https:\\\/\\\/www.adler-tgm.de\\\/\"},{\"@type\":\"ListItem\",\"position\":2,\"name\":\"Freizeit\",\"item\":\"https:\\\/\\\/www.adler-tgm.de\\\/en\\\/freizeit\\\/\"},{\"@type\":\"ListItem\",\"position\":3,\"name\":\"Die Region erkunden\",\"item\":\"https:\\\/\\\/www.adler-tgm.de\\\/en\\\/freizeit\\\/die-region-erkunden\\\/\"},{\"@type\":\"ListItem\",\"position\":4,\"name\":\"Die Altmark\"}]},{\"@type\":\"WebSite\",\"@id\":\"https:\\\/\\\/www.adler-tgm.de\\\/#website\",\"url\":\"https:\\\/\\\/www.adler-tgm.de\\\/\",\"name\":\"Hotel Schwarzer Adler Tangerm\u00fcnde\",\"description\":\"Ihr Hotel in der Kaiserstadt Tangerm\u00fcnde\",\"publisher\":{\"@id\":\"https:\\\/\\\/www.adler-tgm.de\\\/#organization\"},\"potentialAction\":[{\"@type\":\"SearchAction\",\"target\":{\"@type\":\"EntryPoint\",\"urlTemplate\":\"https:\\\/\\\/www.adler-tgm.de\\\/?s={search_term_string}\"},\"query-input\":{\"@type\":\"PropertyValueSpecification\",\"valueRequired\":true,\"valueName\":\"search_term_string\"}}],\"inLanguage\":\"en-GB\"},{\"@type\":\"Organization\",\"@id\":\"https:\\\/\\\/www.adler-tgm.de\\\/#organization\",\"name\":\"Hotel Schwarzer Adler Tangerm\u00fcnde\",\"url\":\"https:\\\/\\\/www.adler-tgm.de\\\/\",\"logo\":{\"@type\":\"ImageObject\",\"inLanguage\":\"en-GB\",\"@id\":\"https:\\\/\\\/www.adler-tgm.de\\\/#\\\/schema\\\/logo\\\/image\\\/\",\"url\":\"https:\\\/\\\/www.adler-tgm.de\\\/wp-content\\\/uploads\\\/2021\\\/01\\\/logo.png\",\"contentUrl\":\"https:\\\/\\\/www.adler-tgm.de\\\/wp-content\\\/uploads\\\/2021\\\/01\\\/logo.png\",\"width\":326,\"height\":261,\"caption\":\"Hotel Schwarzer Adler Tangerm\u00fcnde\"},\"image\":{\"@id\":\"https:\\\/\\\/www.adler-tgm.de\\\/#\\\/schema\\\/logo\\\/image\\\/\"}}]}<\/script>\n<!-- \/ Yoast SEO plugin. -->","yoast_head_json":{"title":"Die Altmark - Hotel Schwarzer Adler Tangerm\u00fcnde","robots":{"index":"index","follow":"follow","max-snippet":"max-snippet:-1","max-image-preview":"max-image-preview:large","max-video-preview":"max-video-preview:-1"},"canonical":"https:\/\/www.adler-tgm.de\/en\/freizeit\/die-region-erkunden\/die-altmark\/","og_locale":"en_GB","og_type":"article","og_title":"Die Altmark - Hotel Schwarzer Adler Tangerm\u00fcnde","og_description":"Die Region der Altmark ist eine alte deutsche Kulturlandschaft. Hier liegt die \u201eWiege Preu\u00dfens\u201c und kaum eine andere Region in Deutschland hat so viele Hansest\u00e4dte auf engstem Raum vorzuweisen. Die Stra\u00dfe der Romanik und die deutsche Fachwerkstra\u00dfe f\u00fchren durch die Altmark, genau wie der ber\u00fchmte Jakobsweg. Neben der vielf\u00e4ltigen Kultur k\u00f6nnen Sie hier eine einzigartige [&hellip;]","og_url":"https:\/\/www.adler-tgm.de\/en\/freizeit\/die-region-erkunden\/die-altmark\/","og_site_name":"Hotel Schwarzer Adler Tangerm\u00fcnde","article_modified_time":"2021-01-07T14:08:52+00:00","og_image":[{"width":2560,"height":1707,"url":"https:\/\/www.adler-tgm.de\/wp-content\/uploads\/2021\/01\/altmark_de20180927_zichtau_123altmark_06-scaled.jpg","type":"image\/jpeg"}],"twitter_card":"summary_large_image","twitter_misc":{"Estimated reading time":"1 minute"},"schema":{"@context":"https:\/\/schema.org","@graph":[{"@type":"WebPage","@id":"https:\/\/www.adler-tgm.de\/en\/freizeit\/die-region-erkunden\/die-altmark\/","url":"https:\/\/www.adler-tgm.de\/en\/freizeit\/die-region-erkunden\/die-altmark\/","name":"Die Altmark - Hotel Schwarzer Adler Tangerm\u00fcnde","isPartOf":{"@id":"https:\/\/www.adler-tgm.de\/#website"},"primaryImageOfPage":{"@id":"https:\/\/www.adler-tgm.de\/en\/freizeit\/die-region-erkunden\/die-altmark\/#primaryimage"},"image":{"@id":"https:\/\/www.adler-tgm.de\/en\/freizeit\/die-region-erkunden\/die-altmark\/#primaryimage"},"thumbnailUrl":"https:\/\/www.adler-tgm.de\/wp-content\/uploads\/2021\/01\/altmark_de20180927_zichtau_123altmark_06-scaled.jpg","datePublished":"2021-01-07T14:07:14+00:00","dateModified":"2021-01-07T14:08:52+00:00","breadcrumb":{"@id":"https:\/\/www.adler-tgm.de\/en\/freizeit\/die-region-erkunden\/die-altmark\/#breadcrumb"},"inLanguage":"en-GB","potentialAction":[{"@type":"ReadAction","target":["https:\/\/www.adler-tgm.de\/en\/freizeit\/die-region-erkunden\/die-altmark\/"]}]},{"@type":"ImageObject","inLanguage":"en-GB","@id":"https:\/\/www.adler-tgm.de\/en\/freizeit\/die-region-erkunden\/die-altmark\/#primaryimage","url":"https:\/\/www.adler-tgm.de\/wp-content\/uploads\/2021\/01\/altmark_de20180927_zichtau_123altmark_06-scaled.jpg","contentUrl":"https:\/\/www.adler-tgm.de\/wp-content\/uploads\/2021\/01\/altmark_de20180927_zichtau_123altmark_06-scaled.jpg","width":2560,"height":1707},{"@type":"BreadcrumbList","@id":"https:\/\/www.adler-tgm.de\/en\/freizeit\/die-region-erkunden\/die-altmark\/#breadcrumb","itemListElement":[{"@type":"ListItem","position":1,"name":"Startseite","item":"https:\/\/www.adler-tgm.de\/"},{"@type":"ListItem","position":2,"name":"Freizeit","item":"https:\/\/www.adler-tgm.de\/en\/freizeit\/"},{"@type":"ListItem","position":3,"name":"Die Region erkunden","item":"https:\/\/www.adler-tgm.de\/en\/freizeit\/die-region-erkunden\/"},{"@type":"ListItem","position":4,"name":"Die Altmark"}]},{"@type":"WebSite","@id":"https:\/\/www.adler-tgm.de\/#website","url":"https:\/\/www.adler-tgm.de\/","name":"Hotel Schwarzer Adler Tangerm\u00fcnde","description":"Ihr Hotel in der Kaiserstadt Tangerm\u00fcnde","publisher":{"@id":"https:\/\/www.adler-tgm.de\/#organization"},"potentialAction":[{"@type":"SearchAction","target":{"@type":"EntryPoint","urlTemplate":"https:\/\/www.adler-tgm.de\/?s={search_term_string}"},"query-input":{"@type":"PropertyValueSpecification","valueRequired":true,"valueName":"search_term_string"}}],"inLanguage":"en-GB"},{"@type":"Organization","@id":"https:\/\/www.adler-tgm.de\/#organization","name":"Hotel Schwarzer Adler Tangerm\u00fcnde","url":"https:\/\/www.adler-tgm.de\/","logo":{"@type":"ImageObject","inLanguage":"en-GB","@id":"https:\/\/www.adler-tgm.de\/#\/schema\/logo\/image\/","url":"https:\/\/www.adler-tgm.de\/wp-content\/uploads\/2021\/01\/logo.png","contentUrl":"https:\/\/www.adler-tgm.de\/wp-content\/uploads\/2021\/01\/logo.png","width":326,"height":261,"caption":"Hotel Schwarzer Adler Tangerm\u00fcnde"},"image":{"@id":"https:\/\/www.adler-tgm.de\/#\/schema\/logo\/image\/"}}]}},"_links":{"self":[{"href":"https:\/\/www.adler-tgm.de\/en\/wp-json\/wp\/v2\/pages\/401","targetHints":{"allow":["GET"]}}],"collection":[{"href":"https:\/\/www.adler-tgm.de\/en\/wp-json\/wp\/v2\/pages"}],"about":[{"href":"https:\/\/www.adler-tgm.de\/en\/wp-json\/wp\/v2\/types\/page"}],"author":[{"embeddable":true,"href":"https:\/\/www.adler-tgm.de\/en\/wp-json\/wp\/v2\/users\/1"}],"replies":[{"embeddable":true,"href":"https:\/\/www.adler-tgm.de\/en\/wp-json\/wp\/v2\/comments?post=401"}],"version-history":[{"count":4,"href":"https:\/\/www.adler-tgm.de\/en\/wp-json\/wp\/v2\/pages\/401\/revisions"}],"predecessor-version":[{"id":409,"href":"https:\/\/www.adler-tgm.de\/en\/wp-json\/wp\/v2\/pages\/401\/revisions\/409"}],"up":[{"embeddable":true,"href":"https:\/\/www.adler-tgm.de\/en\/wp-json\/wp\/v2\/pages\/114"}],"wp:featuredmedia":[{"embeddable":true,"href":"https:\/\/www.adler-tgm.de\/en\/wp-json\/wp\/v2\/media\/402"}],"wp:attachment":[{"href":"https:\/\/www.adler-tgm.de\/en\/wp-json\/wp\/v2\/media?parent=401"}],"curies":[{"name":"wp","href":"https:\/\/api.w.org\/{rel}","templated":true}]}}