{"id":512,"date":"2022-02-16T09:27:42","date_gmt":"2022-02-16T08:27:42","guid":{"rendered":"https:\/\/www.adler-tgm.de\/?page_id=512"},"modified":"2022-02-17T09:00:39","modified_gmt":"2022-02-17T08:00:39","slug":"agb","status":"publish","type":"page","link":"https:\/\/www.adler-tgm.de\/en\/agb\/","title":{"rendered":"AGB"},"content":{"rendered":"<div data-elementor-type=\"wp-page\" data-elementor-id=\"512\" class=\"elementor elementor-512\" data-elementor-post-type=\"page\">\n\t\t\t\t\t\t<section class=\"elementor-section elementor-top-section elementor-element elementor-element-a7f1dcf elementor-section-boxed elementor-section-height-default elementor-section-height-default\" data-id=\"a7f1dcf\" data-element_type=\"section\" data-e-type=\"section\">\n\t\t\t\t\t\t<div class=\"elementor-container elementor-column-gap-default\">\n\t\t\t\t\t<div class=\"elementor-column elementor-col-100 elementor-top-column elementor-element elementor-element-b63aef0\" data-id=\"b63aef0\" data-element_type=\"column\" data-e-type=\"column\">\n\t\t\t<div class=\"elementor-widget-wrap elementor-element-populated\">\n\t\t\t\t\t\t<div class=\"elementor-element elementor-element-056fd6c elementor-widget elementor-widget-text-editor\" data-id=\"056fd6c\" data-element_type=\"widget\" data-e-type=\"widget\" data-widget_type=\"text-editor.default\">\n\t\t\t\t<div class=\"elementor-widget-container\">\n\t\t\t\t\t\t\t\t\t<p>1. Geltungsbereich<\/p><p>1. Diese Gesch\u00e4ftsbedingungen gelten f\u00fcr Vertr\u00e4ge \u00fcber die miwtweise \u00dcberlassung von Hotelzimmern zur Beherbergung und weiteren Leistungen des Hotels.<br \/>2. Die Unter-oder Weitervermietung der \u00fcberlassenen Zimmer sowie deren Nutzung zu anderen als Beherbergungszwecken bed\u00fcrfen der vorherigen Zustimmung des Hotels in Textform.<\/p><p>2. Vertragsabschluss,-Partner, Verj\u00e4hrung<\/p><p>1. Dem Hotel steht es frei, die Zimmerbuchung in Textform zu best\u00e4tigen.<br \/>2. Vertragspartner sind das Hotel und der Kunde. Hat ein Dritter f\u00fcr den Kunden bestellt, haftet er dem Hotel gegen\u00fcber zusammen mit dem Kunden als Gesamtschuldner.<br \/>3. Alle Anspr\u00fcche gegen das Hotel verj\u00e4hren grunds\u00e4tzlich in einem Jahr ab dem gesetzlichen Verj\u00e4hrungsbeginn. Schadensersatzanspr\u00fcche verj\u00e4hren in f\u00fcnf Jahren. Die Verj\u00e4hrungsverk\u00fcrzungen gelten nicht bei Anspr\u00fcchen, die auf einer vors\u00e4tzlichen oder grob fahrl\u00e4ssigen Pflihtverletzung des Hotels beruhen.<\/p><p>3. Leistungen, Preise, Zahlung, Aufrechnung<\/p><p>1. Das Hotel ist verpflichtet, die vom Kunden gebuchten Zimmer bereitzuhalten und die vereinbarten Leistungen zu erbringen.<br \/>2. Der Kunde ist verpflichtet, die f\u00fcr die Zimmer\u00fcberlassung und die von ihm in Anspruch genommenen weiteren Leistungen zu geltenden Preise des Hotels zu zahlen. Dies gilt auch f\u00fcr vom Kunden veranlasste Leistungen und Auslagen des Hotels an Dritte. Die vereinbarten Preise schlie\u00dfen die jeweilige gesetzliche Umsatzsteuer ein.<br \/>3. Das Hotel kann seine Zustimmung zu einer vom Kunden gew\u00fcnschten nachtr\u00e4glichen Verringerung der Anzahl der gebuchten Zimmer, der Leistungen des Hotels oder der Aufenthaltsdauer des Kunden davon abh\u00e4ngig machen, dass sich der Preis f\u00fcr die Zimmer und\/oder f\u00fcr die sonstigen Leistungen des Hotels erh\u00f6ht.<br \/>4. Rechnungen des Hotels sind innerhalb 14 Tagen ab Zusendung der Rechnung ohne Abzug zahlbar. Bei Zahlungsverzug ist das Hotel berechtigt ein Pauschalbetrag (S\u00e4umniszuschl\u00e4ge, Bearbeitungsgeb\u00fchr) zu erheben.<br \/>5. Das Hotel ist berechtigt, bei Vertragsschluss vom Kunden eine Vorauszahlung zu verlangen.<br \/>6. In begr\u00fcndeten F\u00e4llen, z.B. Zahlungsr\u00fcckstand des Kunden, ist das Hotel berechtigt, weitere Leistungen abzulehnen.<\/p><p>4. R\u00fccktritt des Kunden (Abbestellung, Stornierung und NoShow)<\/p><p>1. Ein R\u00fccktritt des Kunden von dem mit dem Hotel geschlossenen Vertrag bedarf der Zustimmung des Hotels in Textform. Erfolgt diese nicht, so ist der vereinbarte Preis aus dem Vertrag auch dann zu zahlen, wenn der Kunde vertragliche Leistungen nicht in Anspruch nimmt.<br \/>2. Sofern zwischen dem Hotel und dem Kunden ein Termin zum kostenfreien R\u00fccktritt vom Vertrag in Textform vereinbart wurde, kann der Kunde bis dahin vom Vertrag zur\u00fccktreten, ohne Zahlungs- oder Schadensersatzanspr\u00fcche des Hotels auszul\u00f6sen. Das R\u00fccktrittsrecht des Kunden erlischt, wenn er nicht bis zum vereinbarten Termin sein Recht zum R\u00fccktritt gegen\u00fcber dem Hotel in Textform aus\u00fcbt.<br \/>3. Bei vom Kunden nich in Anspruch genommenen Zimmern hat das Hotel die Einnahmen aus anderweitiger Vermietung dieser Zimmer anzurechnen. Werden die Zimmer nicht anderweitig vermietet, so kann das Hotel die vertraglich vereinbarte Verg\u00fctung zu 100% in Rechnung stellen.<br \/>4. Ein Anrecht auf R\u00fccktritt von dem mit dem Hotel geschlossenen Vertrag erlischt ab zwei Wochen vor dem vertraglich geregelten Anreisetag. Hinweis: Gem\u00e4\u00df Richtlinie 2011\/83\/EU des europ\u00e4ischen Parlaments, Artikel 16 gilt das 14-t\u00e4gige R\u00fccktrittsrecht nicht f\u00fcr Hotelbuchen. Es gelten die Stornobedingungen des Hotels.<\/p><p>5. R\u00fccktritt des Hotels<\/p><p>1. Sofern in Textform vereinbart wurde, dass der Kunde innerhalb einer bestimmten Frist kostenfrei vom Vertrag zur\u00fccktreten kann, ist das Hotel ebenfalls in diesem Zeitraum seinerseits berechtigt, vom Vertrag zur\u00fcckzutreten (z.B. nichteinhalten vertraglich vereinbarter Vorauszahlung).<br \/>2. Bei berechtigtem R\u00fccktritt des Hotels ensteht kein Anspruch des Kunden aus Schadensersatz.<\/p><p>6. Zimmerbereitstellung,- \u00dcbergabe und \u2013 R\u00fcckgabe<\/p><p>1. Der Kunde erwirbt keinen Anspruch auf die Bereitstellung bestimmter Zimmer, soweit dieses nicht ausdr\u00fccklich in Textform vereinbart wurde.<br \/>2. Gebuchte Zimmer stehen dem Kunden nach Verf\u00fcgbarkeit ab 15.00 Uhr des vereinbarten Anreisetages zur Verf\u00fcgung. Der Kunde hat keinen Anspruch auf fr\u00fchere Bereitstellung.<br \/>3. Am Vereinbarten Abreisetag sind die Zimmer dem Hotel sp\u00e4testens um 11.00 Uhr ger\u00e4umt zur Verf\u00fcgung zu stellen. Danach kann Das Hotel aufgrund der versp\u00e4teten R\u00e4umung des Zimmers f\u00fcr dessen vertrags\u00fcberschreitende Nutzung bis 14.00 Uhr 50% des vollen Logispreises in Rechnung stellen, danach 100%.<\/p><p>7. Haftung des Hotels<\/p><p>1. Das Hotel haftet f\u00fcr seine Verpflichtungen aus dem Vertrag. Anspr\u00fcche des Kunden auf Schadensersatz sind ausgeschlossen. Hiervon ausgenommen sind Sch\u00e4den aus der Verletzung des Lebens, des K\u00f6rpers oder der Gesundheit, wenn das Hotel die Pfichtverletzung zu vertreten hat, sonstige Sch\u00e4den, die auf einer vors\u00e4tzlichen oder grob fahrl\u00e4ssigen Pflichtverletzung des Hotels beruhen und Sch\u00e4den, die auf einer vors\u00e4tzlichen oder fahrl\u00e4ssigen Verletzung von vertragstypischen Pflichten des Hotels beruhen. Sollten St\u00f6rungen oder M\u00e4ngel an den Leistungen des Hotels auftreten, wird das Hotel bei Kenntnis oder auf unverz\u00fcgliche R\u00fcge des Kunden bem\u00fcht sein, f\u00fcr Abhilfe zu sorgen. Der Kunde ist verpflichtet, das ihm Zumutbare beizutragen, um die St\u00f6rung zu beheben und einen m\u00f6glichen Schaden gering zu halten.<br \/>2. F\u00fcr eingebrachte Sachen haftet das Hotel dem Kunden nach den gesetzlichen Bestimmungen. Danach ist die Haftung beschr\u00e4nkt auf das Hundertfache des Hotelpreises, jedoch h\u00f6chstens \u20ac 3,500,- und abweichend f\u00fcr Geld, Wertpapieren und Kostbarkeiten h\u00f6chstens bis zu \u20ac 800,- Geld, Wertpapiere und Kostbarkeiten k\u00f6nnen bis zu einem H\u00f6chstwert von \u20ac 3,500,- im Hotelsafe aufbewahrt werden.<br \/>3. Soweit dem Kunden ein Stellplatz auf einem Hotelparkplatz, auch gegen Entgeld, zur Verf\u00fcgung gestellt wird, kommt dadurch kein Verwahrungsvertrag zustande. Bei Abhandenkommen oder Besch\u00e4digung auf dem Hotelgrundst\u00fcck abgestellter oder rangierter Kraftfahrzeuge, Anh\u00e4nger, Mottorr\u00e4der oder Anh\u00e4nger und deren Inhalte haftet das Hotel nicht, au\u00dfer bei Vorsatz oder grober Fahrl\u00e4ssigkeit.<\/p><p>8.Schlussbestimmungen<\/p><p>1.\u00c4nderungen und Erg\u00e4nzungen des Vertages oder dieser Allgemeinen Gesch\u00e4ftsbedingungen sollen in Textform erfolgen. Einseitige \u00c4nderungen oder Erg\u00e4nzungen durch den Kunden sind unwirksam.<br \/>2.Erf\u00fcllungs- und Zahlungsort ist der Standort des Hotels.<br \/>3.Es gilt deutsches Recht. Die Anwendung des UN-Kaufrechts und des Erg\u00e4nzungen durch den Kunden sind unwirksam.<br \/>4.Sollten einzelne Bestimmungen dieser Allgemeinen Gesch\u00e4ftsbedinungen unwirksam oder nichtig sein oder werden, so wird dadurch die Wirksamkeit der \u00fcbrigen Bestimmungen nicht ber\u00fchrt. Im \u00fcbrigen gelten die gesetzlichen Vorschriften.<\/p><p>Adler Gastronomie GmbH, Stand 25.01.2022<\/p>\t\t\t\t\t\t\t\t<\/div>\n\t\t\t\t<\/div>\n\t\t\t\t\t<\/div>\n\t\t<\/div>\n\t\t\t\t\t<\/div>\n\t\t<\/section>\n\t\t\t\t<\/div>","protected":false},"excerpt":{"rendered":"<p>1. Geltungsbereich 1. Diese Gesch\u00e4ftsbedingungen gelten f\u00fcr Vertr\u00e4ge \u00fcber die miwtweise \u00dcberlassung von Hotelzimmern zur Beherbergung und weiteren Leistungen des Hotels.2. Die Unter-oder Weitervermietung der \u00fcberlassenen Zimmer sowie deren Nutzung zu anderen als Beherbergungszwecken bed\u00fcrfen der vorherigen Zustimmung des Hotels in Textform. 2. Vertragsabschluss,-Partner, Verj\u00e4hrung 1. Dem Hotel steht es frei, die Zimmerbuchung in Textform [&hellip;]<\/p>\n","protected":false},"author":1,"featured_media":0,"parent":0,"menu_order":0,"comment_status":"closed","ping_status":"closed","template":"","meta":{"footnotes":""},"class_list":["post-512","page","type-page","status-publish","hentry"],"yoast_head":"<!-- This site is optimized with the Yoast SEO plugin v27.4 - https:\/\/yoast.com\/product\/yoast-seo-wordpress\/ -->\n<title>AGB - Hotel Schwarzer Adler Tangerm\u00fcnde<\/title>\n<meta name=\"robots\" content=\"index, follow, max-snippet:-1, max-image-preview:large, max-video-preview:-1\" \/>\n<link rel=\"canonical\" href=\"https:\/\/www.adler-tgm.de\/en\/agb\/\" \/>\n<meta property=\"og:locale\" content=\"en_GB\" \/>\n<meta property=\"og:type\" content=\"article\" \/>\n<meta property=\"og:title\" content=\"AGB - Hotel Schwarzer Adler Tangerm\u00fcnde\" \/>\n<meta property=\"og:description\" content=\"1. Geltungsbereich 1. Diese Gesch\u00e4ftsbedingungen gelten f\u00fcr Vertr\u00e4ge \u00fcber die miwtweise \u00dcberlassung von Hotelzimmern zur Beherbergung und weiteren Leistungen des Hotels.2. Die Unter-oder Weitervermietung der \u00fcberlassenen Zimmer sowie deren Nutzung zu anderen als Beherbergungszwecken bed\u00fcrfen der vorherigen Zustimmung des Hotels in Textform. 2. Vertragsabschluss,-Partner, Verj\u00e4hrung 1. Dem Hotel steht es frei, die Zimmerbuchung in Textform [&hellip;]\" \/>\n<meta property=\"og:url\" content=\"https:\/\/www.adler-tgm.de\/en\/agb\/\" \/>\n<meta property=\"og:site_name\" content=\"Hotel Schwarzer Adler Tangerm\u00fcnde\" \/>\n<meta property=\"article:modified_time\" content=\"2022-02-17T08:00:39+00:00\" \/>\n<meta name=\"twitter:card\" content=\"summary_large_image\" \/>\n<script type=\"application\/ld+json\" class=\"yoast-schema-graph\">{\"@context\":\"https:\\\/\\\/schema.org\",\"@graph\":[{\"@type\":\"WebPage\",\"@id\":\"https:\\\/\\\/www.adler-tgm.de\\\/agb\\\/\",\"url\":\"https:\\\/\\\/www.adler-tgm.de\\\/agb\\\/\",\"name\":\"AGB - Hotel Schwarzer Adler Tangerm\u00fcnde\",\"isPartOf\":{\"@id\":\"https:\\\/\\\/www.adler-tgm.de\\\/#website\"},\"datePublished\":\"2022-02-16T08:27:42+00:00\",\"dateModified\":\"2022-02-17T08:00:39+00:00\",\"breadcrumb\":{\"@id\":\"https:\\\/\\\/www.adler-tgm.de\\\/agb\\\/#breadcrumb\"},\"inLanguage\":\"en-GB\",\"potentialAction\":[{\"@type\":\"ReadAction\",\"target\":[\"https:\\\/\\\/www.adler-tgm.de\\\/agb\\\/\"]}]},{\"@type\":\"BreadcrumbList\",\"@id\":\"https:\\\/\\\/www.adler-tgm.de\\\/agb\\\/#breadcrumb\",\"itemListElement\":[{\"@type\":\"ListItem\",\"position\":1,\"name\":\"Startseite\",\"item\":\"https:\\\/\\\/www.adler-tgm.de\\\/\"},{\"@type\":\"ListItem\",\"position\":2,\"name\":\"AGB\"}]},{\"@type\":\"WebSite\",\"@id\":\"https:\\\/\\\/www.adler-tgm.de\\\/#website\",\"url\":\"https:\\\/\\\/www.adler-tgm.de\\\/\",\"name\":\"Hotel Schwarzer Adler Tangerm\u00fcnde\",\"description\":\"Ihr Hotel in der Kaiserstadt Tangerm\u00fcnde\",\"publisher\":{\"@id\":\"https:\\\/\\\/www.adler-tgm.de\\\/#organization\"},\"potentialAction\":[{\"@type\":\"SearchAction\",\"target\":{\"@type\":\"EntryPoint\",\"urlTemplate\":\"https:\\\/\\\/www.adler-tgm.de\\\/?s={search_term_string}\"},\"query-input\":{\"@type\":\"PropertyValueSpecification\",\"valueRequired\":true,\"valueName\":\"search_term_string\"}}],\"inLanguage\":\"en-GB\"},{\"@type\":\"Organization\",\"@id\":\"https:\\\/\\\/www.adler-tgm.de\\\/#organization\",\"name\":\"Hotel Schwarzer Adler Tangerm\u00fcnde\",\"url\":\"https:\\\/\\\/www.adler-tgm.de\\\/\",\"logo\":{\"@type\":\"ImageObject\",\"inLanguage\":\"en-GB\",\"@id\":\"https:\\\/\\\/www.adler-tgm.de\\\/#\\\/schema\\\/logo\\\/image\\\/\",\"url\":\"https:\\\/\\\/www.adler-tgm.de\\\/wp-content\\\/uploads\\\/2021\\\/01\\\/logo.png\",\"contentUrl\":\"https:\\\/\\\/www.adler-tgm.de\\\/wp-content\\\/uploads\\\/2021\\\/01\\\/logo.png\",\"width\":326,\"height\":261,\"caption\":\"Hotel Schwarzer Adler Tangerm\u00fcnde\"},\"image\":{\"@id\":\"https:\\\/\\\/www.adler-tgm.de\\\/#\\\/schema\\\/logo\\\/image\\\/\"}}]}<\/script>\n<!-- \/ Yoast SEO plugin. -->","yoast_head_json":{"title":"AGB - Hotel Schwarzer Adler Tangerm\u00fcnde","robots":{"index":"index","follow":"follow","max-snippet":"max-snippet:-1","max-image-preview":"max-image-preview:large","max-video-preview":"max-video-preview:-1"},"canonical":"https:\/\/www.adler-tgm.de\/en\/agb\/","og_locale":"en_GB","og_type":"article","og_title":"AGB - Hotel Schwarzer Adler Tangerm\u00fcnde","og_description":"1. Geltungsbereich 1. Diese Gesch\u00e4ftsbedingungen gelten f\u00fcr Vertr\u00e4ge \u00fcber die miwtweise \u00dcberlassung von Hotelzimmern zur Beherbergung und weiteren Leistungen des Hotels.2. Die Unter-oder Weitervermietung der \u00fcberlassenen Zimmer sowie deren Nutzung zu anderen als Beherbergungszwecken bed\u00fcrfen der vorherigen Zustimmung des Hotels in Textform. 2. Vertragsabschluss,-Partner, Verj\u00e4hrung 1. Dem Hotel steht es frei, die Zimmerbuchung in Textform [&hellip;]","og_url":"https:\/\/www.adler-tgm.de\/en\/agb\/","og_site_name":"Hotel Schwarzer Adler Tangerm\u00fcnde","article_modified_time":"2022-02-17T08:00:39+00:00","twitter_card":"summary_large_image","schema":{"@context":"https:\/\/schema.org","@graph":[{"@type":"WebPage","@id":"https:\/\/www.adler-tgm.de\/agb\/","url":"https:\/\/www.adler-tgm.de\/agb\/","name":"AGB - Hotel Schwarzer Adler Tangerm\u00fcnde","isPartOf":{"@id":"https:\/\/www.adler-tgm.de\/#website"},"datePublished":"2022-02-16T08:27:42+00:00","dateModified":"2022-02-17T08:00:39+00:00","breadcrumb":{"@id":"https:\/\/www.adler-tgm.de\/agb\/#breadcrumb"},"inLanguage":"en-GB","potentialAction":[{"@type":"ReadAction","target":["https:\/\/www.adler-tgm.de\/agb\/"]}]},{"@type":"BreadcrumbList","@id":"https:\/\/www.adler-tgm.de\/agb\/#breadcrumb","itemListElement":[{"@type":"ListItem","position":1,"name":"Startseite","item":"https:\/\/www.adler-tgm.de\/"},{"@type":"ListItem","position":2,"name":"AGB"}]},{"@type":"WebSite","@id":"https:\/\/www.adler-tgm.de\/#website","url":"https:\/\/www.adler-tgm.de\/","name":"Hotel Schwarzer Adler Tangerm\u00fcnde","description":"Ihr Hotel in der Kaiserstadt Tangerm\u00fcnde","publisher":{"@id":"https:\/\/www.adler-tgm.de\/#organization"},"potentialAction":[{"@type":"SearchAction","target":{"@type":"EntryPoint","urlTemplate":"https:\/\/www.adler-tgm.de\/?s={search_term_string}"},"query-input":{"@type":"PropertyValueSpecification","valueRequired":true,"valueName":"search_term_string"}}],"inLanguage":"en-GB"},{"@type":"Organization","@id":"https:\/\/www.adler-tgm.de\/#organization","name":"Hotel Schwarzer Adler Tangerm\u00fcnde","url":"https:\/\/www.adler-tgm.de\/","logo":{"@type":"ImageObject","inLanguage":"en-GB","@id":"https:\/\/www.adler-tgm.de\/#\/schema\/logo\/image\/","url":"https:\/\/www.adler-tgm.de\/wp-content\/uploads\/2021\/01\/logo.png","contentUrl":"https:\/\/www.adler-tgm.de\/wp-content\/uploads\/2021\/01\/logo.png","width":326,"height":261,"caption":"Hotel Schwarzer Adler Tangerm\u00fcnde"},"image":{"@id":"https:\/\/www.adler-tgm.de\/#\/schema\/logo\/image\/"}}]}},"_links":{"self":[{"href":"https:\/\/www.adler-tgm.de\/en\/wp-json\/wp\/v2\/pages\/512","targetHints":{"allow":["GET"]}}],"collection":[{"href":"https:\/\/www.adler-tgm.de\/en\/wp-json\/wp\/v2\/pages"}],"about":[{"href":"https:\/\/www.adler-tgm.de\/en\/wp-json\/wp\/v2\/types\/page"}],"author":[{"embeddable":true,"href":"https:\/\/www.adler-tgm.de\/en\/wp-json\/wp\/v2\/users\/1"}],"replies":[{"embeddable":true,"href":"https:\/\/www.adler-tgm.de\/en\/wp-json\/wp\/v2\/comments?post=512"}],"version-history":[{"count":4,"href":"https:\/\/www.adler-tgm.de\/en\/wp-json\/wp\/v2\/pages\/512\/revisions"}],"predecessor-version":[{"id":518,"href":"https:\/\/www.adler-tgm.de\/en\/wp-json\/wp\/v2\/pages\/512\/revisions\/518"}],"wp:attachment":[{"href":"https:\/\/www.adler-tgm.de\/en\/wp-json\/wp\/v2\/media?parent=512"}],"curies":[{"name":"wp","href":"https:\/\/api.w.org\/{rel}","templated":true}]}}