{"id":91,"date":"2021-01-05T12:51:26","date_gmt":"2021-01-05T11:51:26","guid":{"rendered":"http:\/\/wp.adler-tgm.de\/?page_id=91"},"modified":"2021-01-07T15:08:40","modified_gmt":"2021-01-07T14:08:40","slug":"freizeit","status":"publish","type":"page","link":"https:\/\/www.adler-tgm.de\/en\/freizeit\/","title":{"rendered":"Freizeit"},"content":{"rendered":"<div data-elementor-type=\"wp-page\" data-elementor-id=\"91\" class=\"elementor elementor-91\" data-elementor-post-type=\"page\">\n\t\t\t\t\t\t<section class=\"elementor-section elementor-top-section elementor-element elementor-element-cb9ba97 elementor-section-boxed elementor-section-height-default elementor-section-height-default\" data-id=\"cb9ba97\" data-element_type=\"section\" data-e-type=\"section\">\n\t\t\t\t\t\t<div class=\"elementor-container elementor-column-gap-default\">\n\t\t\t\t\t<div class=\"elementor-column elementor-col-100 elementor-top-column elementor-element elementor-element-1b13ac5\" data-id=\"1b13ac5\" data-element_type=\"column\" data-e-type=\"column\">\n\t\t\t<div class=\"elementor-widget-wrap elementor-element-populated\">\n\t\t\t\t\t\t<div class=\"elementor-element elementor-element-1f87559 elementor-widget elementor-widget-text-editor\" data-id=\"1f87559\" data-element_type=\"widget\" data-e-type=\"widget\" data-widget_type=\"text-editor.default\">\n\t\t\t\t<div class=\"elementor-widget-container\">\n\t\t\t\t\t\t\t\t\t<p>The for centuries agriculturally shaped Altmark undoubtably belongs to the most beautiful regions of Germany. The Eble valley meadow with the adjoining Wische landscape is a large natural environment with a biodiverse flora and fauna worth seeing. The picturesque landscape, strongly shaped by the recurring Elbe deluges, comprises many nature preserves and is therefore of high value for biodiversity and the maintenance of a healthy environment. Numerous ditches pervade the land and drain the heavy, flooded fields. Alluvial forest residues, alder, willow and oak trees, here and there pieces of woodlands that house farms, as well as brackish waters and ponds characterize the landscape. Those who love vastness and natural purity will feel comfortable in the Altmark.\n\nWe offer you:\n\nBoat rides\nCharabanc rides\nMuseum visits\nGuided city tours and nightwatchman city tours\nBicycle hire\nSpecial offers of the City of Tangerm\u00fcnde<\/p><p>Wir bieten Ihnen an:<\/p><ul><li>Bootsfahrten<\/li><li>Museumsbesuche<\/li><li>Stadtf\u00fchrungen \/ Nachtw\u00e4chterstadtf\u00fchrungen<\/li><li>Fahrradverleih<\/li><\/ul>\t\t\t\t\t\t\t\t<\/div>\n\t\t\t\t<\/div>\n\t\t\t\t<div class=\"elementor-element elementor-element-82ac8a4 elementor-widget elementor-widget-spacer\" data-id=\"82ac8a4\" data-element_type=\"widget\" data-e-type=\"widget\" data-widget_type=\"spacer.default\">\n\t\t\t\t<div class=\"elementor-widget-container\">\n\t\t\t\t\t\t\t<div class=\"elementor-spacer\">\n\t\t\t<div class=\"elementor-spacer-inner\"><\/div>\n\t\t<\/div>\n\t\t\t\t\t\t<\/div>\n\t\t\t\t<\/div>\n\t\t\t\t\t<\/div>\n\t\t<\/div>\n\t\t\t\t\t<\/div>\n\t\t<\/section>\n\t\t\t\t<section class=\"elementor-section elementor-top-section elementor-element elementor-element-2501cede elementor-section-boxed elementor-section-height-default elementor-section-height-default\" data-id=\"2501cede\" data-element_type=\"section\" data-e-type=\"section\">\n\t\t\t\t\t\t<div class=\"elementor-container elementor-column-gap-default\">\n\t\t\t\t\t<div class=\"elementor-column elementor-col-100 elementor-top-column elementor-element elementor-element-3378fce0\" data-id=\"3378fce0\" data-element_type=\"column\" data-e-type=\"column\">\n\t\t\t<div class=\"elementor-widget-wrap elementor-element-populated\">\n\t\t\t\t\t\t<div class=\"elementor-element elementor-element-1743a6fe elementor-grid-2 elementor-grid-tablet-2 elementor-grid-mobile-1 elementor-posts--thumbnail-top elementor-card-shadow-yes elementor-posts__hover-gradient elementor-widget elementor-widget-posts\" data-id=\"1743a6fe\" data-element_type=\"widget\" data-e-type=\"widget\" data-settings=\"{&quot;cards_columns&quot;:&quot;2&quot;,&quot;cards_columns_tablet&quot;:&quot;2&quot;,&quot;cards_columns_mobile&quot;:&quot;1&quot;,&quot;cards_row_gap&quot;:{&quot;unit&quot;:&quot;px&quot;,&quot;size&quot;:35,&quot;sizes&quot;:[]},&quot;cards_row_gap_tablet&quot;:{&quot;unit&quot;:&quot;px&quot;,&quot;size&quot;:&quot;&quot;,&quot;sizes&quot;:[]},&quot;cards_row_gap_mobile&quot;:{&quot;unit&quot;:&quot;px&quot;,&quot;size&quot;:&quot;&quot;,&quot;sizes&quot;:[]}}\" data-widget_type=\"posts.cards\">\n\t\t\t\t<div class=\"elementor-widget-container\">\n\t\t\t\t\t\t\t<div class=\"elementor-posts-container elementor-posts elementor-posts--skin-cards elementor-grid\" role=\"list\">\n\t\t\t\t<article class=\"elementor-post elementor-grid-item post-110 page type-page status-publish has-post-thumbnail hentry\" role=\"listitem\">\n\t\t\t<div class=\"elementor-post__card\">\n\t\t\t\t<a class=\"elementor-post__thumbnail__link\" href=\"https:\/\/www.adler-tgm.de\/en\/freizeit\/angebote-der-stadt\/\" tabindex=\"-1\" ><div class=\"elementor-post__thumbnail\"><img fetchpriority=\"high\" decoding=\"async\" width=\"300\" height=\"198\" src=\"https:\/\/www.adler-tgm.de\/wp-content\/uploads\/2021\/01\/IMG_6743-1-300x198.jpg\" class=\"attachment-medium size-medium wp-image-58\" alt=\"\" srcset=\"https:\/\/www.adler-tgm.de\/wp-content\/uploads\/2021\/01\/IMG_6743-1-300x198.jpg 300w, https:\/\/www.adler-tgm.de\/wp-content\/uploads\/2021\/01\/IMG_6743-1-1024x675.jpg 1024w, https:\/\/www.adler-tgm.de\/wp-content\/uploads\/2021\/01\/IMG_6743-1-768x506.jpg 768w, https:\/\/www.adler-tgm.de\/wp-content\/uploads\/2021\/01\/IMG_6743-1-1536x1012.jpg 1536w, https:\/\/www.adler-tgm.de\/wp-content\/uploads\/2021\/01\/IMG_6743-1.jpg 2000w\" sizes=\"(max-width: 300px) 100vw, 300px\" \/><\/div><\/a>\n\t\t\t\t<div class=\"elementor-post__text\">\n\t\t\t\t<h3 class=\"elementor-post__title\">\n\t\t\t<a href=\"https:\/\/www.adler-tgm.de\/en\/freizeit\/angebote-der-stadt\/\" >\n\t\t\t\tAngebote der Stadt\t\t\t<\/a>\n\t\t<\/h3>\n\t\t\t\t<div class=\"elementor-post__excerpt\">\n\t\t\t<p>Edle Stoffe, stilvolle Accessoires und ein gem\u00fctlicher Wohnraum garantieren in unseren Standard-Zimmern Wohnkultur auf h\u00f6chstem<\/p>\n\t\t<\/div>\n\t\t\n\t\t<a class=\"elementor-post__read-more\" href=\"https:\/\/www.adler-tgm.de\/en\/freizeit\/angebote-der-stadt\/\" aria-label=\"Read more about Angebote der Stadt\" tabindex=\"-1\" >\n\t\t\tAnschauen \u00bb\t\t<\/a>\n\n\t\t\t\t<\/div>\n\t\t\t\t\t<\/div>\n\t\t<\/article>\n\t\t\t\t<article class=\"elementor-post elementor-grid-item post-112 page type-page status-publish has-post-thumbnail hentry\" role=\"listitem\">\n\t\t\t<div class=\"elementor-post__card\">\n\t\t\t\t<a class=\"elementor-post__thumbnail__link\" href=\"https:\/\/www.adler-tgm.de\/en\/freizeit\/fahrradverleih\/\" tabindex=\"-1\" ><div class=\"elementor-post__thumbnail\"><img decoding=\"async\" width=\"300\" height=\"200\" data-src=\"https:\/\/www.adler-tgm.de\/wp-content\/uploads\/2021\/01\/IMG_4346-300x200.jpg\" class=\"attachment-medium size-medium wp-image-56 lazyload\" alt=\"\" data-srcset=\"https:\/\/www.adler-tgm.de\/wp-content\/uploads\/2021\/01\/IMG_4346-300x200.jpg 300w, https:\/\/www.adler-tgm.de\/wp-content\/uploads\/2021\/01\/IMG_4346-1024x682.jpg 1024w, https:\/\/www.adler-tgm.de\/wp-content\/uploads\/2021\/01\/IMG_4346-768x512.jpg 768w, https:\/\/www.adler-tgm.de\/wp-content\/uploads\/2021\/01\/IMG_4346-1536x1024.jpg 1536w, https:\/\/www.adler-tgm.de\/wp-content\/uploads\/2021\/01\/IMG_4346.jpg 2000w\" data-sizes=\"(max-width: 300px) 100vw, 300px\" src=\"data:image\/svg+xml;base64,PHN2ZyB3aWR0aD0iMSIgaGVpZ2h0PSIxIiB4bWxucz0iaHR0cDovL3d3dy53My5vcmcvMjAwMC9zdmciPjwvc3ZnPg==\" style=\"--smush-placeholder-width: 300px; --smush-placeholder-aspect-ratio: 300\/200;\" \/><\/div><\/a>\n\t\t\t\t<div class=\"elementor-post__text\">\n\t\t\t\t<h3 class=\"elementor-post__title\">\n\t\t\t<a href=\"https:\/\/www.adler-tgm.de\/en\/freizeit\/fahrradverleih\/\" >\n\t\t\t\tFahrradverleih\t\t\t<\/a>\n\t\t<\/h3>\n\t\t\t\t<div class=\"elementor-post__excerpt\">\n\t\t\t<p>Unterwegs mit dem Fahrrad durch die Natur Lernen Sie die Altmark kennen &#8211; am besten<\/p>\n\t\t<\/div>\n\t\t\n\t\t<a class=\"elementor-post__read-more\" href=\"https:\/\/www.adler-tgm.de\/en\/freizeit\/fahrradverleih\/\" aria-label=\"Read more about Fahrradverleih\" tabindex=\"-1\" >\n\t\t\tAnschauen \u00bb\t\t<\/a>\n\n\t\t\t\t<\/div>\n\t\t\t\t\t<\/div>\n\t\t<\/article>\n\t\t\t\t<article class=\"elementor-post elementor-grid-item post-114 page type-page status-publish has-post-thumbnail hentry\" role=\"listitem\">\n\t\t\t<div class=\"elementor-post__card\">\n\t\t\t\t<a class=\"elementor-post__thumbnail__link\" href=\"https:\/\/www.adler-tgm.de\/en\/freizeit\/die-region-erkunden\/\" tabindex=\"-1\" ><div class=\"elementor-post__thumbnail\"><img decoding=\"async\" width=\"300\" height=\"200\" data-src=\"https:\/\/www.adler-tgm.de\/wp-content\/uploads\/2021\/01\/DSC04184-300x200.jpg\" class=\"attachment-medium size-medium wp-image-55 lazyload\" alt=\"\" data-srcset=\"https:\/\/www.adler-tgm.de\/wp-content\/uploads\/2021\/01\/DSC04184-300x200.jpg 300w, https:\/\/www.adler-tgm.de\/wp-content\/uploads\/2021\/01\/DSC04184-1024x682.jpg 1024w, https:\/\/www.adler-tgm.de\/wp-content\/uploads\/2021\/01\/DSC04184-768x512.jpg 768w, https:\/\/www.adler-tgm.de\/wp-content\/uploads\/2021\/01\/DSC04184-1536x1024.jpg 1536w, https:\/\/www.adler-tgm.de\/wp-content\/uploads\/2021\/01\/DSC04184.jpg 2000w\" data-sizes=\"(max-width: 300px) 100vw, 300px\" src=\"data:image\/svg+xml;base64,PHN2ZyB3aWR0aD0iMSIgaGVpZ2h0PSIxIiB4bWxucz0iaHR0cDovL3d3dy53My5vcmcvMjAwMC9zdmciPjwvc3ZnPg==\" style=\"--smush-placeholder-width: 300px; --smush-placeholder-aspect-ratio: 300\/200;\" \/><\/div><\/a>\n\t\t\t\t<div class=\"elementor-post__text\">\n\t\t\t\t<h3 class=\"elementor-post__title\">\n\t\t\t<a href=\"https:\/\/www.adler-tgm.de\/en\/freizeit\/die-region-erkunden\/\" >\n\t\t\t\tDie Region erkunden\t\t\t<\/a>\n\t\t<\/h3>\n\t\t\t\t<div class=\"elementor-post__excerpt\">\n\t\t\t<p>Erkunden Sie unsere Region mit all ihren interessanten Ausflugszielen zu Fu\u00df oder mit dem Rad,<\/p>\n\t\t<\/div>\n\t\t\n\t\t<a class=\"elementor-post__read-more\" href=\"https:\/\/www.adler-tgm.de\/en\/freizeit\/die-region-erkunden\/\" aria-label=\"Read more about Die Region erkunden\" tabindex=\"-1\" >\n\t\t\tAnschauen \u00bb\t\t<\/a>\n\n\t\t\t\t<\/div>\n\t\t\t\t\t<\/div>\n\t\t<\/article>\n\t\t\t\t<article class=\"elementor-post elementor-grid-item post-401 page type-page status-publish has-post-thumbnail hentry\" role=\"listitem\">\n\t\t\t<div class=\"elementor-post__card\">\n\t\t\t\t<a class=\"elementor-post__thumbnail__link\" href=\"https:\/\/www.adler-tgm.de\/en\/freizeit\/die-region-erkunden\/die-altmark\/\" tabindex=\"-1\" ><div class=\"elementor-post__thumbnail\"><img decoding=\"async\" width=\"300\" height=\"200\" data-src=\"https:\/\/www.adler-tgm.de\/wp-content\/uploads\/2021\/01\/altmark_de20180927_zichtau_123altmark_06-300x200.jpg\" class=\"attachment-medium size-medium wp-image-402 lazyload\" alt=\"\" data-srcset=\"https:\/\/www.adler-tgm.de\/wp-content\/uploads\/2021\/01\/altmark_de20180927_zichtau_123altmark_06-300x200.jpg 300w, https:\/\/www.adler-tgm.de\/wp-content\/uploads\/2021\/01\/altmark_de20180927_zichtau_123altmark_06-1024x683.jpg 1024w, https:\/\/www.adler-tgm.de\/wp-content\/uploads\/2021\/01\/altmark_de20180927_zichtau_123altmark_06-768x512.jpg 768w, https:\/\/www.adler-tgm.de\/wp-content\/uploads\/2021\/01\/altmark_de20180927_zichtau_123altmark_06-1536x1024.jpg 1536w, https:\/\/www.adler-tgm.de\/wp-content\/uploads\/2021\/01\/altmark_de20180927_zichtau_123altmark_06-2048x1365.jpg 2048w, https:\/\/www.adler-tgm.de\/wp-content\/uploads\/2021\/01\/altmark_de20180927_zichtau_123altmark_06-16x12.jpg 16w\" data-sizes=\"(max-width: 300px) 100vw, 300px\" src=\"data:image\/svg+xml;base64,PHN2ZyB3aWR0aD0iMSIgaGVpZ2h0PSIxIiB4bWxucz0iaHR0cDovL3d3dy53My5vcmcvMjAwMC9zdmciPjwvc3ZnPg==\" style=\"--smush-placeholder-width: 300px; --smush-placeholder-aspect-ratio: 300\/200;\" \/><\/div><\/a>\n\t\t\t\t<div class=\"elementor-post__text\">\n\t\t\t\t<h3 class=\"elementor-post__title\">\n\t\t\t<a href=\"https:\/\/www.adler-tgm.de\/en\/freizeit\/die-region-erkunden\/die-altmark\/\" >\n\t\t\t\tDie Altmark\t\t\t<\/a>\n\t\t<\/h3>\n\t\t\t\t<div class=\"elementor-post__excerpt\">\n\t\t\t<p>Die Region der Altmark ist eine alte deutsche Kulturlandschaft. Hier liegt die \u201eWiege Preu\u00dfens\u201c und<\/p>\n\t\t<\/div>\n\t\t\n\t\t<a class=\"elementor-post__read-more\" href=\"https:\/\/www.adler-tgm.de\/en\/freizeit\/die-region-erkunden\/die-altmark\/\" aria-label=\"Read more about Die Altmark\" tabindex=\"-1\" >\n\t\t\tAnschauen \u00bb\t\t<\/a>\n\n\t\t\t\t<\/div>\n\t\t\t\t\t<\/div>\n\t\t<\/article>\n\t\t\t\t<\/div>\n\t\t\n\t\t\t\t\t\t<\/div>\n\t\t\t\t<\/div>\n\t\t\t\t\t<\/div>\n\t\t<\/div>\n\t\t\t\t\t<\/div>\n\t\t<\/section>\n\t\t\t\t<\/div>","protected":false},"excerpt":{"rendered":"<p>Die \u00fcber die Jahrhunderte landwirtschaftlich gepr\u00e4gte Altmark geh\u00f6rt zweifelsohne zu den sch\u00f6nsten Gegenden Deutschlands. Auenwaldreste, Erlen, Weiden und Eichen, hier und dort kleine W\u00e4lder, in denen sich ein Bauernhof versteckt, Bracks, sowie T\u00fcmpel und Weiher pr\u00e4gen das Bild. Wer Weite und Naturbelassenheit liebt, der f\u00fchlt sich hier wohl. Die Elbtalaue mit der angrenzenden Wischelandschaft ist [&hellip;]<\/p>\n","protected":false},"author":1,"featured_media":57,"parent":0,"menu_order":0,"comment_status":"closed","ping_status":"closed","template":"","meta":{"footnotes":""},"class_list":["post-91","page","type-page","status-publish","has-post-thumbnail","hentry"],"yoast_head":"<!-- This site is optimized with the Yoast SEO plugin v27.6 - https:\/\/yoast.com\/product\/yoast-seo-wordpress\/ -->\n<title>Freizeit - Hotel Schwarzer Adler Tangerm\u00fcnde<\/title>\n<meta name=\"robots\" content=\"index, follow, max-snippet:-1, max-image-preview:large, max-video-preview:-1\" \/>\n<link rel=\"canonical\" href=\"https:\/\/www.adler-tgm.de\/en\/freizeit\/\" \/>\n<meta property=\"og:locale\" content=\"en_GB\" \/>\n<meta property=\"og:type\" content=\"article\" \/>\n<meta property=\"og:title\" content=\"Freizeit - Hotel Schwarzer Adler Tangerm\u00fcnde\" \/>\n<meta property=\"og:description\" content=\"Die \u00fcber die Jahrhunderte landwirtschaftlich gepr\u00e4gte Altmark geh\u00f6rt zweifelsohne zu den sch\u00f6nsten Gegenden Deutschlands. Auenwaldreste, Erlen, Weiden und Eichen, hier und dort kleine W\u00e4lder, in denen sich ein Bauernhof versteckt, Bracks, sowie T\u00fcmpel und Weiher pr\u00e4gen das Bild. Wer Weite und Naturbelassenheit liebt, der f\u00fchlt sich hier wohl. Die Elbtalaue mit der angrenzenden Wischelandschaft ist [&hellip;]\" \/>\n<meta property=\"og:url\" content=\"https:\/\/www.adler-tgm.de\/en\/freizeit\/\" \/>\n<meta property=\"og:site_name\" content=\"Hotel Schwarzer Adler Tangerm\u00fcnde\" \/>\n<meta property=\"article:modified_time\" content=\"2021-01-07T14:08:40+00:00\" \/>\n<meta property=\"og:image\" content=\"https:\/\/www.adler-tgm.de\/wp-content\/uploads\/2021\/01\/IMG_4488_80p.jpg\" \/>\n\t<meta property=\"og:image:width\" content=\"2000\" \/>\n\t<meta property=\"og:image:height\" content=\"1333\" \/>\n\t<meta property=\"og:image:type\" content=\"image\/jpeg\" \/>\n<meta name=\"twitter:card\" content=\"summary_large_image\" \/>\n<meta name=\"twitter:label1\" content=\"Estimated reading time\" \/>\n\t<meta name=\"twitter:data1\" content=\"1 minute\" \/>\n<script type=\"application\/ld+json\" class=\"yoast-schema-graph\">{\"@context\":\"https:\\\/\\\/schema.org\",\"@graph\":[{\"@type\":\"WebPage\",\"@id\":\"https:\\\/\\\/www.adler-tgm.de\\\/en\\\/freizeit\\\/\",\"url\":\"https:\\\/\\\/www.adler-tgm.de\\\/en\\\/freizeit\\\/\",\"name\":\"Freizeit - Hotel Schwarzer Adler Tangerm\u00fcnde\",\"isPartOf\":{\"@id\":\"https:\\\/\\\/www.adler-tgm.de\\\/#website\"},\"primaryImageOfPage\":{\"@id\":\"https:\\\/\\\/www.adler-tgm.de\\\/en\\\/freizeit\\\/#primaryimage\"},\"image\":{\"@id\":\"https:\\\/\\\/www.adler-tgm.de\\\/en\\\/freizeit\\\/#primaryimage\"},\"thumbnailUrl\":\"https:\\\/\\\/www.adler-tgm.de\\\/wp-content\\\/uploads\\\/2021\\\/01\\\/IMG_4488_80p.jpg\",\"datePublished\":\"2021-01-05T11:51:26+00:00\",\"dateModified\":\"2021-01-07T14:08:40+00:00\",\"breadcrumb\":{\"@id\":\"https:\\\/\\\/www.adler-tgm.de\\\/en\\\/freizeit\\\/#breadcrumb\"},\"inLanguage\":\"en-GB\",\"potentialAction\":[{\"@type\":\"ReadAction\",\"target\":[\"https:\\\/\\\/www.adler-tgm.de\\\/en\\\/freizeit\\\/\"]}]},{\"@type\":\"ImageObject\",\"inLanguage\":\"en-GB\",\"@id\":\"https:\\\/\\\/www.adler-tgm.de\\\/en\\\/freizeit\\\/#primaryimage\",\"url\":\"https:\\\/\\\/www.adler-tgm.de\\\/wp-content\\\/uploads\\\/2021\\\/01\\\/IMG_4488_80p.jpg\",\"contentUrl\":\"https:\\\/\\\/www.adler-tgm.de\\\/wp-content\\\/uploads\\\/2021\\\/01\\\/IMG_4488_80p.jpg\",\"width\":2000,\"height\":1333},{\"@type\":\"BreadcrumbList\",\"@id\":\"https:\\\/\\\/www.adler-tgm.de\\\/en\\\/freizeit\\\/#breadcrumb\",\"itemListElement\":[{\"@type\":\"ListItem\",\"position\":1,\"name\":\"Startseite\",\"item\":\"https:\\\/\\\/www.adler-tgm.de\\\/\"},{\"@type\":\"ListItem\",\"position\":2,\"name\":\"Freizeit\"}]},{\"@type\":\"WebSite\",\"@id\":\"https:\\\/\\\/www.adler-tgm.de\\\/#website\",\"url\":\"https:\\\/\\\/www.adler-tgm.de\\\/\",\"name\":\"Hotel Schwarzer Adler Tangerm\u00fcnde\",\"description\":\"Ihr Hotel in der Kaiserstadt Tangerm\u00fcnde\",\"publisher\":{\"@id\":\"https:\\\/\\\/www.adler-tgm.de\\\/#organization\"},\"potentialAction\":[{\"@type\":\"SearchAction\",\"target\":{\"@type\":\"EntryPoint\",\"urlTemplate\":\"https:\\\/\\\/www.adler-tgm.de\\\/?s={search_term_string}\"},\"query-input\":{\"@type\":\"PropertyValueSpecification\",\"valueRequired\":true,\"valueName\":\"search_term_string\"}}],\"inLanguage\":\"en-GB\"},{\"@type\":\"Organization\",\"@id\":\"https:\\\/\\\/www.adler-tgm.de\\\/#organization\",\"name\":\"Hotel Schwarzer Adler Tangerm\u00fcnde\",\"url\":\"https:\\\/\\\/www.adler-tgm.de\\\/\",\"logo\":{\"@type\":\"ImageObject\",\"inLanguage\":\"en-GB\",\"@id\":\"https:\\\/\\\/www.adler-tgm.de\\\/#\\\/schema\\\/logo\\\/image\\\/\",\"url\":\"https:\\\/\\\/www.adler-tgm.de\\\/wp-content\\\/uploads\\\/2021\\\/01\\\/logo.png\",\"contentUrl\":\"https:\\\/\\\/www.adler-tgm.de\\\/wp-content\\\/uploads\\\/2021\\\/01\\\/logo.png\",\"width\":326,\"height\":261,\"caption\":\"Hotel Schwarzer Adler Tangerm\u00fcnde\"},\"image\":{\"@id\":\"https:\\\/\\\/www.adler-tgm.de\\\/#\\\/schema\\\/logo\\\/image\\\/\"}}]}<\/script>\n<!-- \/ Yoast SEO plugin. -->","yoast_head_json":{"title":"Freizeit - Hotel Schwarzer Adler Tangerm\u00fcnde","robots":{"index":"index","follow":"follow","max-snippet":"max-snippet:-1","max-image-preview":"max-image-preview:large","max-video-preview":"max-video-preview:-1"},"canonical":"https:\/\/www.adler-tgm.de\/en\/freizeit\/","og_locale":"en_GB","og_type":"article","og_title":"Freizeit - Hotel Schwarzer Adler Tangerm\u00fcnde","og_description":"Die \u00fcber die Jahrhunderte landwirtschaftlich gepr\u00e4gte Altmark geh\u00f6rt zweifelsohne zu den sch\u00f6nsten Gegenden Deutschlands. Auenwaldreste, Erlen, Weiden und Eichen, hier und dort kleine W\u00e4lder, in denen sich ein Bauernhof versteckt, Bracks, sowie T\u00fcmpel und Weiher pr\u00e4gen das Bild. Wer Weite und Naturbelassenheit liebt, der f\u00fchlt sich hier wohl. Die Elbtalaue mit der angrenzenden Wischelandschaft ist [&hellip;]","og_url":"https:\/\/www.adler-tgm.de\/en\/freizeit\/","og_site_name":"Hotel Schwarzer Adler Tangerm\u00fcnde","article_modified_time":"2021-01-07T14:08:40+00:00","og_image":[{"width":2000,"height":1333,"url":"https:\/\/www.adler-tgm.de\/wp-content\/uploads\/2021\/01\/IMG_4488_80p.jpg","type":"image\/jpeg"}],"twitter_card":"summary_large_image","twitter_misc":{"Estimated reading time":"1 minute"},"schema":{"@context":"https:\/\/schema.org","@graph":[{"@type":"WebPage","@id":"https:\/\/www.adler-tgm.de\/en\/freizeit\/","url":"https:\/\/www.adler-tgm.de\/en\/freizeit\/","name":"Freizeit - Hotel Schwarzer Adler Tangerm\u00fcnde","isPartOf":{"@id":"https:\/\/www.adler-tgm.de\/#website"},"primaryImageOfPage":{"@id":"https:\/\/www.adler-tgm.de\/en\/freizeit\/#primaryimage"},"image":{"@id":"https:\/\/www.adler-tgm.de\/en\/freizeit\/#primaryimage"},"thumbnailUrl":"https:\/\/www.adler-tgm.de\/wp-content\/uploads\/2021\/01\/IMG_4488_80p.jpg","datePublished":"2021-01-05T11:51:26+00:00","dateModified":"2021-01-07T14:08:40+00:00","breadcrumb":{"@id":"https:\/\/www.adler-tgm.de\/en\/freizeit\/#breadcrumb"},"inLanguage":"en-GB","potentialAction":[{"@type":"ReadAction","target":["https:\/\/www.adler-tgm.de\/en\/freizeit\/"]}]},{"@type":"ImageObject","inLanguage":"en-GB","@id":"https:\/\/www.adler-tgm.de\/en\/freizeit\/#primaryimage","url":"https:\/\/www.adler-tgm.de\/wp-content\/uploads\/2021\/01\/IMG_4488_80p.jpg","contentUrl":"https:\/\/www.adler-tgm.de\/wp-content\/uploads\/2021\/01\/IMG_4488_80p.jpg","width":2000,"height":1333},{"@type":"BreadcrumbList","@id":"https:\/\/www.adler-tgm.de\/en\/freizeit\/#breadcrumb","itemListElement":[{"@type":"ListItem","position":1,"name":"Startseite","item":"https:\/\/www.adler-tgm.de\/"},{"@type":"ListItem","position":2,"name":"Freizeit"}]},{"@type":"WebSite","@id":"https:\/\/www.adler-tgm.de\/#website","url":"https:\/\/www.adler-tgm.de\/","name":"Hotel Schwarzer Adler Tangerm\u00fcnde","description":"Ihr Hotel in der Kaiserstadt Tangerm\u00fcnde","publisher":{"@id":"https:\/\/www.adler-tgm.de\/#organization"},"potentialAction":[{"@type":"SearchAction","target":{"@type":"EntryPoint","urlTemplate":"https:\/\/www.adler-tgm.de\/?s={search_term_string}"},"query-input":{"@type":"PropertyValueSpecification","valueRequired":true,"valueName":"search_term_string"}}],"inLanguage":"en-GB"},{"@type":"Organization","@id":"https:\/\/www.adler-tgm.de\/#organization","name":"Hotel Schwarzer Adler Tangerm\u00fcnde","url":"https:\/\/www.adler-tgm.de\/","logo":{"@type":"ImageObject","inLanguage":"en-GB","@id":"https:\/\/www.adler-tgm.de\/#\/schema\/logo\/image\/","url":"https:\/\/www.adler-tgm.de\/wp-content\/uploads\/2021\/01\/logo.png","contentUrl":"https:\/\/www.adler-tgm.de\/wp-content\/uploads\/2021\/01\/logo.png","width":326,"height":261,"caption":"Hotel Schwarzer Adler Tangerm\u00fcnde"},"image":{"@id":"https:\/\/www.adler-tgm.de\/#\/schema\/logo\/image\/"}}]}},"_links":{"self":[{"href":"https:\/\/www.adler-tgm.de\/en\/wp-json\/wp\/v2\/pages\/91","targetHints":{"allow":["GET"]}}],"collection":[{"href":"https:\/\/www.adler-tgm.de\/en\/wp-json\/wp\/v2\/pages"}],"about":[{"href":"https:\/\/www.adler-tgm.de\/en\/wp-json\/wp\/v2\/types\/page"}],"author":[{"embeddable":true,"href":"https:\/\/www.adler-tgm.de\/en\/wp-json\/wp\/v2\/users\/1"}],"replies":[{"embeddable":true,"href":"https:\/\/www.adler-tgm.de\/en\/wp-json\/wp\/v2\/comments?post=91"}],"version-history":[{"count":10,"href":"https:\/\/www.adler-tgm.de\/en\/wp-json\/wp\/v2\/pages\/91\/revisions"}],"predecessor-version":[{"id":408,"href":"https:\/\/www.adler-tgm.de\/en\/wp-json\/wp\/v2\/pages\/91\/revisions\/408"}],"wp:featuredmedia":[{"embeddable":true,"href":"https:\/\/www.adler-tgm.de\/en\/wp-json\/wp\/v2\/media\/57"}],"wp:attachment":[{"href":"https:\/\/www.adler-tgm.de\/en\/wp-json\/wp\/v2\/media?parent=91"}],"curies":[{"name":"wp","href":"https:\/\/api.w.org\/{rel}","templated":true}]}}